{"id":88153,"date":"2019-12-05T13:19:24","date_gmt":"2019-12-05T12:19:25","guid":{"rendered":"https:\/\/directcoffee.net\/?post_type=product&#038;p=88153"},"modified":"2024-03-03T13:48:04","modified_gmt":"2024-03-03T12:48:04","slug":"french-press-groenenberg","status":"publish","type":"product","link":"https:\/\/directcoffee.net\/fr\/produkt\/french-press-groenenberg\/","title":{"rendered":"French press de Groenenberg"},"content":{"rendered":"<h2 class=\"stylee\">Vrai durabilit\u00e9<\/h2>\n<p>Avec la magnifique french press Groenenberg, il y a des filtres de rechange suppl\u00e9mentaire pour la garder beaucoup plus longtemps. Comme nous, Groenenberg agit directement : ils ont des contacts personnels avec leurs producteurs et mettent l&rsquo;accent sur la transparence et l&rsquo;\u00e9quit\u00e9.<\/p>\n","protected":false},"excerpt":{"rendered":"<h2 class=\"stylee\">French press<\/h2>\n<p>350 ml de pur plaisir de caf\u00e9 en look cuivre ou acier inox. French press, cafeti\u00e8re \u00e0 piston, poussoir \u00e0 caf\u00e9, infusiera &#8230; Il n&rsquo;y a pas un seul nom pour cet ustensile. Mais le principe de pr\u00e9paration du caf\u00e9 est plus que simple, et tr\u00e8s efficace: l&rsquo;eau chaude entre en contact direct avec le caf\u00e9 moulu lib\u00e9rant ainsi son spectre aromatique complet\u00a0 &#8211; et contrairement \u00e0 un filtre en papier, le filtre m\u00e9tallique ne retire pas les fines nuances aromatiques. M\u00eame <a href=\"http:\/\/www.dailymail.co.uk\/news\/article-2130468\/CEO-Starbucks-says-best-cup-coffee-known-mankind-home-simple-French-press.html\" target=\"_blank\" rel=\"noopener noreferrer\">pour le PDG de Starbucks, la french press est le meilleur moyen de faire du caf\u00e9<\/a>.<br \/>\nBien du plaisir \u00e0 offrir et \u00e0 utiliser!<\/p>\n","protected":false},"featured_media":88160,"comment_status":"open","ping_status":"closed","template":"","meta":[],"product_brand":[],"product_cat":[34,35,38,88],"product_tag":[],"class_list":{"0":"post-88153","1":"product","2":"type-product","3":"status-publish","4":"has-post-thumbnail","6":"product_cat-a-la-maison","7":"product_cat-au-bureau","8":"product_cat-cadeaux","9":"product_cat-zubehoer-fr","10":"product_shipping_class-envoie-capsules-neutre-en-carbone","12":"first","13":"instock","14":"taxable","15":"shipping-taxable","16":"purchasable","17":"product-type-simple"},"yoast_head":"<!-- This site is optimized with the Yoast SEO plugin v27.5 - https:\/\/yoast.com\/product\/yoast-seo-wordpress\/ -->\n<title>French-press Groenenberg \u00e0 double paroi en acier inoxydable bross\u00e9<\/title>\n<meta name=\"description\" content=\"600 ml de pur plaisir de caf\u00e9 : l&#039;\u00e9l\u00e9gance et la praticit\u00e9 sont rarement aussi bien combin\u00e9es : L&#039;acier inoxydable \u00e0 double paroi garde le caf\u00e9 chaud tr\u00e8s longtemps et peut \u00eatre mis au lave-vaisselle.\" \/>\n<meta name=\"robots\" content=\"index, follow, max-snippet:-1, max-image-preview:large, max-video-preview:-1\" \/>\n<link rel=\"canonical\" href=\"https:\/\/directcoffee.net\/fr\/produkt\/french-press-groenenberg\/\" \/>\n<meta property=\"og:locale\" content=\"fr_FR\" \/>\n<meta property=\"og:type\" content=\"article\" \/>\n<meta property=\"og:title\" content=\"French-press Groenenberg \u00e0 double paroi en acier inoxydable bross\u00e9\" \/>\n<meta property=\"og:description\" content=\"600 ml de pur plaisir de caf\u00e9 : l&#039;\u00e9l\u00e9gance et la praticit\u00e9 sont rarement aussi bien combin\u00e9es : L&#039;acier inoxydable \u00e0 double paroi garde le caf\u00e9 chaud tr\u00e8s longtemps et peut \u00eatre mis au lave-vaisselle.\" \/>\n<meta property=\"og:url\" content=\"https:\/\/directcoffee.net\/fr\/produkt\/french-press-groenenberg\/\" \/>\n<meta property=\"og:site_name\" content=\"Direct Coffee\" \/>\n<meta property=\"article:publisher\" content=\"https:\/\/fb.com\/directcoffee.net\" \/>\n<meta property=\"article:modified_time\" content=\"2024-03-03T12:48:04+00:00\" \/>\n<meta property=\"og:image\" content=\"https:\/\/directcoffee.net\/wp-content\/uploads\/2019\/12\/French-Press-Groenenberg-min.jpg\" \/>\n\t<meta property=\"og:image:width\" content=\"1000\" \/>\n\t<meta property=\"og:image:height\" content=\"1000\" \/>\n\t<meta property=\"og:image:type\" content=\"image\/jpeg\" \/>\n<meta name=\"twitter:card\" content=\"summary_large_image\" \/>\n<meta name=\"twitter:site\" content=\"@DirectCoffeeCH\" \/>\n<meta name=\"twitter:label1\" content=\"Dur\u00e9e de lecture estim\u00e9e\" \/>\n\t<meta name=\"twitter:data1\" content=\"1 minute\" \/>\n<script type=\"application\/ld+json\" class=\"yoast-schema-graph\">{\"@context\":\"https:\\\/\\\/schema.org\",\"@graph\":[{\"@type\":\"WebPage\",\"@id\":\"https:\\\/\\\/directcoffee.net\\\/fr\\\/produkt\\\/french-press-groenenberg\\\/\",\"url\":\"https:\\\/\\\/directcoffee.net\\\/fr\\\/produkt\\\/french-press-groenenberg\\\/\",\"name\":\"French-press Groenenberg \u00e0 double paroi en acier inoxydable bross\u00e9\",\"isPartOf\":{\"@id\":\"https:\\\/\\\/directcoffee.net\\\/fr\\\/#website\"},\"primaryImageOfPage\":{\"@id\":\"https:\\\/\\\/directcoffee.net\\\/fr\\\/produkt\\\/french-press-groenenberg\\\/#primaryimage\"},\"image\":{\"@id\":\"https:\\\/\\\/directcoffee.net\\\/fr\\\/produkt\\\/french-press-groenenberg\\\/#primaryimage\"},\"thumbnailUrl\":\"https:\\\/\\\/directcoffee.net\\\/wp-content\\\/uploads\\\/2019\\\/12\\\/French-Press-Groenenberg-min.jpg\",\"datePublished\":\"2019-12-05T12:19:25+00:00\",\"dateModified\":\"2024-03-03T12:48:04+00:00\",\"description\":\"600 ml de pur plaisir de caf\u00e9 : l'\u00e9l\u00e9gance et la praticit\u00e9 sont rarement aussi bien combin\u00e9es : L'acier inoxydable \u00e0 double paroi garde le caf\u00e9 chaud tr\u00e8s longtemps et peut \u00eatre mis au lave-vaisselle.\",\"breadcrumb\":{\"@id\":\"https:\\\/\\\/directcoffee.net\\\/fr\\\/produkt\\\/french-press-groenenberg\\\/#breadcrumb\"},\"inLanguage\":\"fr-FR\",\"potentialAction\":[{\"@type\":\"ReadAction\",\"target\":[\"https:\\\/\\\/directcoffee.net\\\/fr\\\/produkt\\\/french-press-groenenberg\\\/\"]}]},{\"@type\":\"ImageObject\",\"inLanguage\":\"fr-FR\",\"@id\":\"https:\\\/\\\/directcoffee.net\\\/fr\\\/produkt\\\/french-press-groenenberg\\\/#primaryimage\",\"url\":\"https:\\\/\\\/directcoffee.net\\\/wp-content\\\/uploads\\\/2019\\\/12\\\/French-Press-Groenenberg-min.jpg\",\"contentUrl\":\"https:\\\/\\\/directcoffee.net\\\/wp-content\\\/uploads\\\/2019\\\/12\\\/French-Press-Groenenberg-min.jpg\",\"width\":1000,\"height\":1000,\"caption\":\"French Press\"},{\"@type\":\"BreadcrumbList\",\"@id\":\"https:\\\/\\\/directcoffee.net\\\/fr\\\/produkt\\\/french-press-groenenberg\\\/#breadcrumb\",\"itemListElement\":[{\"@type\":\"ListItem\",\"position\":1,\"name\":\"Home\",\"item\":\"https:\\\/\\\/directcoffee.net\\\/fr\\\/\"},{\"@type\":\"ListItem\",\"position\":2,\"name\":\"Shop\",\"item\":\"https:\\\/\\\/directcoffee.net\\\/shop\\\/\"},{\"@type\":\"ListItem\",\"position\":3,\"name\":\"French press de Groenenberg\"}]},{\"@type\":\"WebSite\",\"@id\":\"https:\\\/\\\/directcoffee.net\\\/fr\\\/#website\",\"url\":\"https:\\\/\\\/directcoffee.net\\\/fr\\\/\",\"name\":\"Direct Coffee\",\"description\":\"Nachhaltiger Kaffee direkt vom Bauern in Deine Tasse\",\"publisher\":{\"@id\":\"https:\\\/\\\/directcoffee.net\\\/fr\\\/#organization\"},\"potentialAction\":[{\"@type\":\"SearchAction\",\"target\":{\"@type\":\"EntryPoint\",\"urlTemplate\":\"https:\\\/\\\/directcoffee.net\\\/fr\\\/?s={search_term_string}\"},\"query-input\":{\"@type\":\"PropertyValueSpecification\",\"valueRequired\":true,\"valueName\":\"search_term_string\"}}],\"inLanguage\":\"fr-FR\"},{\"@type\":\"Organization\",\"@id\":\"https:\\\/\\\/directcoffee.net\\\/fr\\\/#organization\",\"name\":\"Direct Coffee\",\"url\":\"https:\\\/\\\/directcoffee.net\\\/fr\\\/\",\"logo\":{\"@type\":\"ImageObject\",\"inLanguage\":\"fr-FR\",\"@id\":\"https:\\\/\\\/directcoffee.net\\\/fr\\\/#\\\/schema\\\/logo\\\/image\\\/\",\"url\":\"https:\\\/\\\/directcoffee.net\\\/wp-content\\\/uploads\\\/2017\\\/08\\\/Direct-Coffee-brown-logo-no-background.png\",\"contentUrl\":\"https:\\\/\\\/directcoffee.net\\\/wp-content\\\/uploads\\\/2017\\\/08\\\/Direct-Coffee-brown-logo-no-background.png\",\"width\":892,\"height\":904,\"caption\":\"Direct Coffee\"},\"image\":{\"@id\":\"https:\\\/\\\/directcoffee.net\\\/fr\\\/#\\\/schema\\\/logo\\\/image\\\/\"},\"sameAs\":[\"https:\\\/\\\/fb.com\\\/directcoffee.net\",\"https:\\\/\\\/x.com\\\/DirectCoffeeCH\",\"https:\\\/\\\/www.instagram.com\\\/direct_coffee\\\/\",\"https:\\\/\\\/www.youtube.com\\\/channel\\\/UCOiDLRMnkMQKFHvQQ_Ju40w\"]}]}<\/script>\n<!-- \/ Yoast SEO plugin. -->","yoast_head_json":{"title":"French-press Groenenberg \u00e0 double paroi en acier inoxydable bross\u00e9","description":"600 ml de pur plaisir de caf\u00e9 : l'\u00e9l\u00e9gance et la praticit\u00e9 sont rarement aussi bien combin\u00e9es : L'acier inoxydable \u00e0 double paroi garde le caf\u00e9 chaud tr\u00e8s longtemps et peut \u00eatre mis au lave-vaisselle.","robots":{"index":"index","follow":"follow","max-snippet":"max-snippet:-1","max-image-preview":"max-image-preview:large","max-video-preview":"max-video-preview:-1"},"canonical":"https:\/\/directcoffee.net\/fr\/produkt\/french-press-groenenberg\/","og_locale":"fr_FR","og_type":"article","og_title":"French-press Groenenberg \u00e0 double paroi en acier inoxydable bross\u00e9","og_description":"600 ml de pur plaisir de caf\u00e9 : l'\u00e9l\u00e9gance et la praticit\u00e9 sont rarement aussi bien combin\u00e9es : L'acier inoxydable \u00e0 double paroi garde le caf\u00e9 chaud tr\u00e8s longtemps et peut \u00eatre mis au lave-vaisselle.","og_url":"https:\/\/directcoffee.net\/fr\/produkt\/french-press-groenenberg\/","og_site_name":"Direct Coffee","article_publisher":"https:\/\/fb.com\/directcoffee.net","article_modified_time":"2024-03-03T12:48:04+00:00","og_image":[{"width":1000,"height":1000,"url":"https:\/\/directcoffee.net\/wp-content\/uploads\/2019\/12\/French-Press-Groenenberg-min.jpg","type":"image\/jpeg"}],"twitter_card":"summary_large_image","twitter_site":"@DirectCoffeeCH","twitter_misc":{"Dur\u00e9e de lecture estim\u00e9e":"1 minute"},"schema":{"@context":"https:\/\/schema.org","@graph":[{"@type":"WebPage","@id":"https:\/\/directcoffee.net\/fr\/produkt\/french-press-groenenberg\/","url":"https:\/\/directcoffee.net\/fr\/produkt\/french-press-groenenberg\/","name":"French-press Groenenberg \u00e0 double paroi en acier inoxydable bross\u00e9","isPartOf":{"@id":"https:\/\/directcoffee.net\/fr\/#website"},"primaryImageOfPage":{"@id":"https:\/\/directcoffee.net\/fr\/produkt\/french-press-groenenberg\/#primaryimage"},"image":{"@id":"https:\/\/directcoffee.net\/fr\/produkt\/french-press-groenenberg\/#primaryimage"},"thumbnailUrl":"https:\/\/directcoffee.net\/wp-content\/uploads\/2019\/12\/French-Press-Groenenberg-min.jpg","datePublished":"2019-12-05T12:19:25+00:00","dateModified":"2024-03-03T12:48:04+00:00","description":"600 ml de pur plaisir de caf\u00e9 : l'\u00e9l\u00e9gance et la praticit\u00e9 sont rarement aussi bien combin\u00e9es : L'acier inoxydable \u00e0 double paroi garde le caf\u00e9 chaud tr\u00e8s longtemps et peut \u00eatre mis au lave-vaisselle.","breadcrumb":{"@id":"https:\/\/directcoffee.net\/fr\/produkt\/french-press-groenenberg\/#breadcrumb"},"inLanguage":"fr-FR","potentialAction":[{"@type":"ReadAction","target":["https:\/\/directcoffee.net\/fr\/produkt\/french-press-groenenberg\/"]}]},{"@type":"ImageObject","inLanguage":"fr-FR","@id":"https:\/\/directcoffee.net\/fr\/produkt\/french-press-groenenberg\/#primaryimage","url":"https:\/\/directcoffee.net\/wp-content\/uploads\/2019\/12\/French-Press-Groenenberg-min.jpg","contentUrl":"https:\/\/directcoffee.net\/wp-content\/uploads\/2019\/12\/French-Press-Groenenberg-min.jpg","width":1000,"height":1000,"caption":"French Press"},{"@type":"BreadcrumbList","@id":"https:\/\/directcoffee.net\/fr\/produkt\/french-press-groenenberg\/#breadcrumb","itemListElement":[{"@type":"ListItem","position":1,"name":"Home","item":"https:\/\/directcoffee.net\/fr\/"},{"@type":"ListItem","position":2,"name":"Shop","item":"https:\/\/directcoffee.net\/shop\/"},{"@type":"ListItem","position":3,"name":"French press de Groenenberg"}]},{"@type":"WebSite","@id":"https:\/\/directcoffee.net\/fr\/#website","url":"https:\/\/directcoffee.net\/fr\/","name":"Direct Coffee","description":"Nachhaltiger Kaffee direkt vom Bauern in Deine Tasse","publisher":{"@id":"https:\/\/directcoffee.net\/fr\/#organization"},"potentialAction":[{"@type":"SearchAction","target":{"@type":"EntryPoint","urlTemplate":"https:\/\/directcoffee.net\/fr\/?s={search_term_string}"},"query-input":{"@type":"PropertyValueSpecification","valueRequired":true,"valueName":"search_term_string"}}],"inLanguage":"fr-FR"},{"@type":"Organization","@id":"https:\/\/directcoffee.net\/fr\/#organization","name":"Direct Coffee","url":"https:\/\/directcoffee.net\/fr\/","logo":{"@type":"ImageObject","inLanguage":"fr-FR","@id":"https:\/\/directcoffee.net\/fr\/#\/schema\/logo\/image\/","url":"https:\/\/directcoffee.net\/wp-content\/uploads\/2017\/08\/Direct-Coffee-brown-logo-no-background.png","contentUrl":"https:\/\/directcoffee.net\/wp-content\/uploads\/2017\/08\/Direct-Coffee-brown-logo-no-background.png","width":892,"height":904,"caption":"Direct Coffee"},"image":{"@id":"https:\/\/directcoffee.net\/fr\/#\/schema\/logo\/image\/"},"sameAs":["https:\/\/fb.com\/directcoffee.net","https:\/\/x.com\/DirectCoffeeCH","https:\/\/www.instagram.com\/direct_coffee\/","https:\/\/www.youtube.com\/channel\/UCOiDLRMnkMQKFHvQQ_Ju40w"]}]}},"_links":{"self":[{"href":"https:\/\/directcoffee.net\/fr\/wp-json\/wp\/v2\/product\/88153","targetHints":{"allow":["GET"]}}],"collection":[{"href":"https:\/\/directcoffee.net\/fr\/wp-json\/wp\/v2\/product"}],"about":[{"href":"https:\/\/directcoffee.net\/fr\/wp-json\/wp\/v2\/types\/product"}],"replies":[{"embeddable":true,"href":"https:\/\/directcoffee.net\/fr\/wp-json\/wp\/v2\/comments?post=88153"}],"wp:featuredmedia":[{"embeddable":true,"href":"https:\/\/directcoffee.net\/fr\/wp-json\/wp\/v2\/media\/88160"}],"wp:attachment":[{"href":"https:\/\/directcoffee.net\/fr\/wp-json\/wp\/v2\/media?parent=88153"}],"wp:term":[{"taxonomy":"product_brand","embeddable":true,"href":"https:\/\/directcoffee.net\/fr\/wp-json\/wp\/v2\/product_brand?post=88153"},{"taxonomy":"product_cat","embeddable":true,"href":"https:\/\/directcoffee.net\/fr\/wp-json\/wp\/v2\/product_cat?post=88153"},{"taxonomy":"product_tag","embeddable":true,"href":"https:\/\/directcoffee.net\/fr\/wp-json\/wp\/v2\/product_tag?post=88153"}],"curies":[{"name":"wp","href":"https:\/\/api.w.org\/{rel}","templated":true}]}}