{"id":3317,"date":"2017-09-06T17:36:20","date_gmt":"2017-09-06T15:36:20","guid":{"rendered":"https:\/\/directcoffee.net\/?post_type=product&#038;p=3317\/"},"modified":"2024-02-29T10:12:38","modified_gmt":"2024-02-29T09:12:38","slug":"boite-cadeau-commerce-direct-equitable-entreprises-suisses","status":"publish","type":"product","link":"https:\/\/directcoffee.net\/fr\/produkt\/boite-cadeau-commerce-direct-equitable-entreprises-suisses\/","title":{"rendered":"Bo\u00eete cadeau de commerce direct et \u00e9quitable"},"content":{"rendered":"<p>Les pays d&rsquo;origine de nos mati\u00e8res premi\u00e8res donnent d\u00e9j\u00e0 un indice : ces cinq produits ont en commun qu&rsquo;ils ne peuvent pas \u00eatre cultiv\u00e9s en Suisse car ils ont besoin d&rsquo;un climat sp\u00e9cial. Le caf\u00e9ier Arabica a ses racines dans les montagnes foresti\u00e8res de l&rsquo;Ethiopie, le cacao provient des for\u00eats tropicales d&rsquo;Am\u00e9rique latine, l&rsquo;amande vient d&rsquo;Orient, les \u00e9pices comme la cannelle et la cardamome viennent d&rsquo;Asie et les mangues poussent dans les for\u00eats basses tropicales.<\/p>\n<p><strong>Cinq fois du commerce direct<\/strong><\/p>\n<p>Ce qu&rsquo;on amenait jadis dans le ventre des voiliers lors de p\u00e9rilleux voyages depuis des contr\u00e9es lointaines sont devenus des marchandises de commodit\u00e9s et de sp\u00e9culation. D&rsquo;\u00e9normes quantit\u00e9s de mati\u00e8res premi\u00e8res sont \u00e9chang\u00e9es &#8211; ou sp\u00e9cul\u00e9es &#8211;<br \/>\nsur les bourses mondiales chaque jour. D&rsquo;innombrables interm\u00e9diaires qui n&rsquo;ont souvent jamais vu ces marchandises y gagnent leur argent.<\/p>\n<p>Le nouveau mouvement qui pr\u00f4ne le commerce direct veut pr\u00e9cis\u00e9ment \u00e9viter cela. Le principe de base est de nouer des relations personnelles et directes avec les petits exploitants locaux et de coop\u00e9rer avec eux sur un pied d&rsquo;\u00e9galit\u00e9. Cela signifie que les producteurs de mati\u00e8res premi\u00e8res &#8211; qui, en fin de compte, font une grande partie du travail &#8211; re\u00e7oivent une juste part pour leur dur labeur.<\/p>\n","protected":false},"excerpt":{"rendered":"<p>Cinq produits d\u00e9licieux: Avec notre coffret cadeau, nous vous emmenons dans un tour du monde savoureux. Du caf\u00e9 des for\u00eats \u00e9thiopiennes aux f\u00e8ves de cacao p\u00e9ruviennes, en passant par les amandes pakistanaises, les \u00e9pices asiatiques, et les mangues du Mozambique: des saveurs authentiques que l&rsquo;on ne peut ressentir que gr\u00e2ce \u00e0 un choix minutieux des mati\u00e8res premi\u00e8res et \u00e0 une fabrication artisanale traditionnelle.<\/p>\n<p>Le caf\u00e9 de Direct Coffee, le chocolat de<a href=\"https:\/\/www.chobachoba.com\/\"> Choba Choba<\/a>, les noix de <a href=\"https:\/\/www.pakka.ch\/\">Pakka<\/a>, les \u00e9pices de <a href=\"https:\/\/soul-spice.com\/\">Soul Spice<\/a> et les mangues de <a href=\"https:\/\/www.globalfarmersmarket.ch\/\">Global Farmers Market<\/a> sont tous con\u00e7us pour faire une diff\u00e9rence et contribuer \u00e0 un monde meilleur. Et ils ont de toutes fa\u00e7ons bien meilleur go\u00fbt que des produits industriels!<\/p>\n","protected":false},"featured_media":14860,"comment_status":"open","ping_status":"closed","template":"","meta":[],"product_brand":[],"product_cat":[89],"product_tag":[],"class_list":{"0":"post-3317","1":"product","2":"type-product","3":"status-publish","4":"has-post-thumbnail","6":"product_cat-unkategorisiert","8":"first","9":"outofstock","10":"taxable","11":"shipping-taxable","12":"purchasable","13":"product-type-simple"},"yoast_head":"<!-- This site is optimized with the Yoast SEO plugin v27.4 - https:\/\/yoast.com\/product\/yoast-seo-wordpress\/ -->\n<title>Donner du sens. Produits de commerce direct, \u00e9quitable et plus encore<\/title>\n<meta name=\"description\" content=\"Deux sourires. Avec notre coffret cadeau issu du commerce direct, vous rendrez non seulement le destinataire heureux, mais aussi les familles de producteurs\" \/>\n<meta name=\"robots\" content=\"index, follow, max-snippet:-1, max-image-preview:large, max-video-preview:-1\" \/>\n<link rel=\"canonical\" href=\"https:\/\/directcoffee.net\/fr\/produkt\/boite-cadeau-commerce-direct-equitable-entreprises-suisses\/\" \/>\n<meta property=\"og:locale\" content=\"fr_FR\" \/>\n<meta property=\"og:type\" content=\"article\" \/>\n<meta property=\"og:title\" content=\"Donner du sens. Produits de commerce direct, \u00e9quitable et plus encore\" \/>\n<meta property=\"og:description\" content=\"Deux sourires. Avec notre coffret cadeau issu du commerce direct, vous rendrez non seulement le destinataire heureux, mais aussi les familles de producteurs\" \/>\n<meta property=\"og:url\" content=\"https:\/\/directcoffee.net\/fr\/produkt\/boite-cadeau-commerce-direct-equitable-entreprises-suisses\/\" \/>\n<meta property=\"og:site_name\" content=\"Direct Coffee\" \/>\n<meta property=\"article:publisher\" content=\"https:\/\/fb.com\/directcoffee.net\" \/>\n<meta property=\"article:modified_time\" content=\"2024-02-29T09:12:38+00:00\" \/>\n<meta property=\"og:image\" content=\"https:\/\/directcoffee.net\/wp-content\/uploads\/2017\/10\/Geschenkset-Direkter-Handel.png\" \/>\n\t<meta property=\"og:image:width\" content=\"500\" \/>\n\t<meta property=\"og:image:height\" content=\"332\" \/>\n\t<meta property=\"og:image:type\" content=\"image\/png\" \/>\n<meta name=\"twitter:card\" content=\"summary_large_image\" \/>\n<meta name=\"twitter:site\" content=\"@DirectCoffeeCH\" \/>\n<meta name=\"twitter:label1\" content=\"Dur\u00e9e de lecture estim\u00e9e\" \/>\n\t<meta name=\"twitter:data1\" content=\"1 minute\" \/>\n<script type=\"application\/ld+json\" class=\"yoast-schema-graph\">{\"@context\":\"https:\\\/\\\/schema.org\",\"@graph\":[{\"@type\":\"WebPage\",\"@id\":\"https:\\\/\\\/directcoffee.net\\\/fr\\\/produkt\\\/boite-cadeau-commerce-direct-equitable-entreprises-suisses\\\/\",\"url\":\"https:\\\/\\\/directcoffee.net\\\/fr\\\/produkt\\\/boite-cadeau-commerce-direct-equitable-entreprises-suisses\\\/\",\"name\":\"Donner du sens. Produits de commerce direct, \u00e9quitable et plus encore\",\"isPartOf\":{\"@id\":\"https:\\\/\\\/directcoffee.net\\\/fr\\\/#website\"},\"primaryImageOfPage\":{\"@id\":\"https:\\\/\\\/directcoffee.net\\\/fr\\\/produkt\\\/boite-cadeau-commerce-direct-equitable-entreprises-suisses\\\/#primaryimage\"},\"image\":{\"@id\":\"https:\\\/\\\/directcoffee.net\\\/fr\\\/produkt\\\/boite-cadeau-commerce-direct-equitable-entreprises-suisses\\\/#primaryimage\"},\"thumbnailUrl\":\"https:\\\/\\\/directcoffee.net\\\/wp-content\\\/uploads\\\/2017\\\/10\\\/Geschenkset-Direkter-Handel.png\",\"datePublished\":\"2017-09-06T15:36:20+00:00\",\"dateModified\":\"2024-02-29T09:12:38+00:00\",\"description\":\"Deux sourires. Avec notre coffret cadeau issu du commerce direct, vous rendrez non seulement le destinataire heureux, mais aussi les familles de producteurs\",\"breadcrumb\":{\"@id\":\"https:\\\/\\\/directcoffee.net\\\/fr\\\/produkt\\\/boite-cadeau-commerce-direct-equitable-entreprises-suisses\\\/#breadcrumb\"},\"inLanguage\":\"fr-FR\",\"potentialAction\":[{\"@type\":\"ReadAction\",\"target\":[\"https:\\\/\\\/directcoffee.net\\\/fr\\\/produkt\\\/boite-cadeau-commerce-direct-equitable-entreprises-suisses\\\/\"]}]},{\"@type\":\"ImageObject\",\"inLanguage\":\"fr-FR\",\"@id\":\"https:\\\/\\\/directcoffee.net\\\/fr\\\/produkt\\\/boite-cadeau-commerce-direct-equitable-entreprises-suisses\\\/#primaryimage\",\"url\":\"https:\\\/\\\/directcoffee.net\\\/wp-content\\\/uploads\\\/2017\\\/10\\\/Geschenkset-Direkter-Handel.png\",\"contentUrl\":\"https:\\\/\\\/directcoffee.net\\\/wp-content\\\/uploads\\\/2017\\\/10\\\/Geschenkset-Direkter-Handel.png\",\"width\":500,\"height\":332},{\"@type\":\"BreadcrumbList\",\"@id\":\"https:\\\/\\\/directcoffee.net\\\/fr\\\/produkt\\\/boite-cadeau-commerce-direct-equitable-entreprises-suisses\\\/#breadcrumb\",\"itemListElement\":[{\"@type\":\"ListItem\",\"position\":1,\"name\":\"Home\",\"item\":\"https:\\\/\\\/directcoffee.net\\\/fr\\\/\"},{\"@type\":\"ListItem\",\"position\":2,\"name\":\"Shop\",\"item\":\"https:\\\/\\\/directcoffee.net\\\/shop\\\/\"},{\"@type\":\"ListItem\",\"position\":3,\"name\":\"Bo\u00eete cadeau de commerce direct et \u00e9quitable\"}]},{\"@type\":\"WebSite\",\"@id\":\"https:\\\/\\\/directcoffee.net\\\/fr\\\/#website\",\"url\":\"https:\\\/\\\/directcoffee.net\\\/fr\\\/\",\"name\":\"Direct Coffee\",\"description\":\"Nachhaltiger Kaffee direkt vom Bauern in Deine Tasse\",\"publisher\":{\"@id\":\"https:\\\/\\\/directcoffee.net\\\/fr\\\/#organization\"},\"potentialAction\":[{\"@type\":\"SearchAction\",\"target\":{\"@type\":\"EntryPoint\",\"urlTemplate\":\"https:\\\/\\\/directcoffee.net\\\/fr\\\/?s={search_term_string}\"},\"query-input\":{\"@type\":\"PropertyValueSpecification\",\"valueRequired\":true,\"valueName\":\"search_term_string\"}}],\"inLanguage\":\"fr-FR\"},{\"@type\":\"Organization\",\"@id\":\"https:\\\/\\\/directcoffee.net\\\/fr\\\/#organization\",\"name\":\"Direct Coffee\",\"url\":\"https:\\\/\\\/directcoffee.net\\\/fr\\\/\",\"logo\":{\"@type\":\"ImageObject\",\"inLanguage\":\"fr-FR\",\"@id\":\"https:\\\/\\\/directcoffee.net\\\/fr\\\/#\\\/schema\\\/logo\\\/image\\\/\",\"url\":\"https:\\\/\\\/directcoffee.net\\\/wp-content\\\/uploads\\\/2017\\\/08\\\/Direct-Coffee-brown-logo-no-background.png\",\"contentUrl\":\"https:\\\/\\\/directcoffee.net\\\/wp-content\\\/uploads\\\/2017\\\/08\\\/Direct-Coffee-brown-logo-no-background.png\",\"width\":892,\"height\":904,\"caption\":\"Direct Coffee\"},\"image\":{\"@id\":\"https:\\\/\\\/directcoffee.net\\\/fr\\\/#\\\/schema\\\/logo\\\/image\\\/\"},\"sameAs\":[\"https:\\\/\\\/fb.com\\\/directcoffee.net\",\"https:\\\/\\\/x.com\\\/DirectCoffeeCH\",\"https:\\\/\\\/www.instagram.com\\\/direct_coffee\\\/\",\"https:\\\/\\\/www.youtube.com\\\/channel\\\/UCOiDLRMnkMQKFHvQQ_Ju40w\"]}]}<\/script>\n<!-- \/ Yoast SEO plugin. -->","yoast_head_json":{"title":"Donner du sens. Produits de commerce direct, \u00e9quitable et plus encore","description":"Deux sourires. Avec notre coffret cadeau issu du commerce direct, vous rendrez non seulement le destinataire heureux, mais aussi les familles de producteurs","robots":{"index":"index","follow":"follow","max-snippet":"max-snippet:-1","max-image-preview":"max-image-preview:large","max-video-preview":"max-video-preview:-1"},"canonical":"https:\/\/directcoffee.net\/fr\/produkt\/boite-cadeau-commerce-direct-equitable-entreprises-suisses\/","og_locale":"fr_FR","og_type":"article","og_title":"Donner du sens. Produits de commerce direct, \u00e9quitable et plus encore","og_description":"Deux sourires. Avec notre coffret cadeau issu du commerce direct, vous rendrez non seulement le destinataire heureux, mais aussi les familles de producteurs","og_url":"https:\/\/directcoffee.net\/fr\/produkt\/boite-cadeau-commerce-direct-equitable-entreprises-suisses\/","og_site_name":"Direct Coffee","article_publisher":"https:\/\/fb.com\/directcoffee.net","article_modified_time":"2024-02-29T09:12:38+00:00","og_image":[{"width":500,"height":332,"url":"https:\/\/directcoffee.net\/wp-content\/uploads\/2017\/10\/Geschenkset-Direkter-Handel.png","type":"image\/png"}],"twitter_card":"summary_large_image","twitter_site":"@DirectCoffeeCH","twitter_misc":{"Dur\u00e9e de lecture estim\u00e9e":"1 minute"},"schema":{"@context":"https:\/\/schema.org","@graph":[{"@type":"WebPage","@id":"https:\/\/directcoffee.net\/fr\/produkt\/boite-cadeau-commerce-direct-equitable-entreprises-suisses\/","url":"https:\/\/directcoffee.net\/fr\/produkt\/boite-cadeau-commerce-direct-equitable-entreprises-suisses\/","name":"Donner du sens. Produits de commerce direct, \u00e9quitable et plus encore","isPartOf":{"@id":"https:\/\/directcoffee.net\/fr\/#website"},"primaryImageOfPage":{"@id":"https:\/\/directcoffee.net\/fr\/produkt\/boite-cadeau-commerce-direct-equitable-entreprises-suisses\/#primaryimage"},"image":{"@id":"https:\/\/directcoffee.net\/fr\/produkt\/boite-cadeau-commerce-direct-equitable-entreprises-suisses\/#primaryimage"},"thumbnailUrl":"https:\/\/directcoffee.net\/wp-content\/uploads\/2017\/10\/Geschenkset-Direkter-Handel.png","datePublished":"2017-09-06T15:36:20+00:00","dateModified":"2024-02-29T09:12:38+00:00","description":"Deux sourires. Avec notre coffret cadeau issu du commerce direct, vous rendrez non seulement le destinataire heureux, mais aussi les familles de producteurs","breadcrumb":{"@id":"https:\/\/directcoffee.net\/fr\/produkt\/boite-cadeau-commerce-direct-equitable-entreprises-suisses\/#breadcrumb"},"inLanguage":"fr-FR","potentialAction":[{"@type":"ReadAction","target":["https:\/\/directcoffee.net\/fr\/produkt\/boite-cadeau-commerce-direct-equitable-entreprises-suisses\/"]}]},{"@type":"ImageObject","inLanguage":"fr-FR","@id":"https:\/\/directcoffee.net\/fr\/produkt\/boite-cadeau-commerce-direct-equitable-entreprises-suisses\/#primaryimage","url":"https:\/\/directcoffee.net\/wp-content\/uploads\/2017\/10\/Geschenkset-Direkter-Handel.png","contentUrl":"https:\/\/directcoffee.net\/wp-content\/uploads\/2017\/10\/Geschenkset-Direkter-Handel.png","width":500,"height":332},{"@type":"BreadcrumbList","@id":"https:\/\/directcoffee.net\/fr\/produkt\/boite-cadeau-commerce-direct-equitable-entreprises-suisses\/#breadcrumb","itemListElement":[{"@type":"ListItem","position":1,"name":"Home","item":"https:\/\/directcoffee.net\/fr\/"},{"@type":"ListItem","position":2,"name":"Shop","item":"https:\/\/directcoffee.net\/shop\/"},{"@type":"ListItem","position":3,"name":"Bo\u00eete cadeau de commerce direct et \u00e9quitable"}]},{"@type":"WebSite","@id":"https:\/\/directcoffee.net\/fr\/#website","url":"https:\/\/directcoffee.net\/fr\/","name":"Direct Coffee","description":"Nachhaltiger Kaffee direkt vom Bauern in Deine Tasse","publisher":{"@id":"https:\/\/directcoffee.net\/fr\/#organization"},"potentialAction":[{"@type":"SearchAction","target":{"@type":"EntryPoint","urlTemplate":"https:\/\/directcoffee.net\/fr\/?s={search_term_string}"},"query-input":{"@type":"PropertyValueSpecification","valueRequired":true,"valueName":"search_term_string"}}],"inLanguage":"fr-FR"},{"@type":"Organization","@id":"https:\/\/directcoffee.net\/fr\/#organization","name":"Direct Coffee","url":"https:\/\/directcoffee.net\/fr\/","logo":{"@type":"ImageObject","inLanguage":"fr-FR","@id":"https:\/\/directcoffee.net\/fr\/#\/schema\/logo\/image\/","url":"https:\/\/directcoffee.net\/wp-content\/uploads\/2017\/08\/Direct-Coffee-brown-logo-no-background.png","contentUrl":"https:\/\/directcoffee.net\/wp-content\/uploads\/2017\/08\/Direct-Coffee-brown-logo-no-background.png","width":892,"height":904,"caption":"Direct Coffee"},"image":{"@id":"https:\/\/directcoffee.net\/fr\/#\/schema\/logo\/image\/"},"sameAs":["https:\/\/fb.com\/directcoffee.net","https:\/\/x.com\/DirectCoffeeCH","https:\/\/www.instagram.com\/direct_coffee\/","https:\/\/www.youtube.com\/channel\/UCOiDLRMnkMQKFHvQQ_Ju40w"]}]}},"_links":{"self":[{"href":"https:\/\/directcoffee.net\/fr\/wp-json\/wp\/v2\/product\/3317","targetHints":{"allow":["GET"]}}],"collection":[{"href":"https:\/\/directcoffee.net\/fr\/wp-json\/wp\/v2\/product"}],"about":[{"href":"https:\/\/directcoffee.net\/fr\/wp-json\/wp\/v2\/types\/product"}],"replies":[{"embeddable":true,"href":"https:\/\/directcoffee.net\/fr\/wp-json\/wp\/v2\/comments?post=3317"}],"wp:featuredmedia":[{"embeddable":true,"href":"https:\/\/directcoffee.net\/fr\/wp-json\/wp\/v2\/media\/14860"}],"wp:attachment":[{"href":"https:\/\/directcoffee.net\/fr\/wp-json\/wp\/v2\/media?parent=3317"}],"wp:term":[{"taxonomy":"product_brand","embeddable":true,"href":"https:\/\/directcoffee.net\/fr\/wp-json\/wp\/v2\/product_brand?post=3317"},{"taxonomy":"product_cat","embeddable":true,"href":"https:\/\/directcoffee.net\/fr\/wp-json\/wp\/v2\/product_cat?post=3317"},{"taxonomy":"product_tag","embeddable":true,"href":"https:\/\/directcoffee.net\/fr\/wp-json\/wp\/v2\/product_tag?post=3317"}],"curies":[{"name":"wp","href":"https:\/\/api.w.org\/{rel}","templated":true}]}}