{"id":26010,"date":"2018-11-29T09:08:17","date_gmt":"2018-11-29T08:08:19","guid":{"rendered":"https:\/\/directcoffee.net\/?post_type=product&#038;p=26010"},"modified":"2019-12-09T16:06:41","modified_gmt":"2019-12-09T15:06:41","slug":"cadeau-moulin-et-set-de-degustation-en-grain","status":"publish","type":"product","link":"https:\/\/directcoffee.net\/fr\/produkt\/cadeau-moulin-et-set-de-degustation-en-grain\/","title":{"rendered":"Cadeau: moulin et set de d\u00e9gustation en grain"},"content":{"rendered":"<h2 class=\"stylee\">Vrai durabilit\u00e9<\/h2>\n<p>Comme pour tous nos produits, le caf\u00e9 de vos capsules est <a href=\"https:\/\/directcoffee.net\/fr\/vraie-durabilite\/commerce-direct\/\">achet\u00e9 en commerce direct et \u00e9quitable<\/a>, il prot\u00e8ge <a href=\"https:\/\/directcoffee.net\/fr\/vraie-durabilite\/mieux-que-bio\/\">la biodiversit\u00e9 naturelle en Ethiopie<\/a> et soutient <a href=\"https:\/\/directcoffee.net\/fr\/vraie-durabilite\/projets-communautaires\/\">des projets sociaux<\/a> pour les enfants de caf\u00e9iculteurs.<\/p>\n","protected":false},"excerpt":{"rendered":"<h2 class=\"stylee\">Set cadeau<\/h2>\n<p>Ce set cadeau combine le coffret de d\u00e9gustation de caf\u00e9 en grain avec le magnifique moulin en acier inoxydable de nos amis de la startup Groenenberg. A cela s&rsquo;ajoute le livret \u00ab\u00a0Caf\u00e9 de l&rsquo;arbre \u00e0 la tasse\u00a0\u00bb qui illustre le chemin du caf\u00e9 des for\u00eats de montagne d&rsquo;Ethiopie jusqu&rsquo;\u00e0 ta tasse. Le cadeau parfait pour celui ou celle qui aime prendre son temps et savoir ce qu&rsquo;il y a dans sa tasse !<\/p>\n<h2 class=\"stylee\">Set de d\u00e9gustation<\/h2>\n<p>100 grammes de chacune de nos trois sortes T&rsquo;enikara, K&rsquo;elemi et Lesilasa pour essayer des go\u00fbts nouveaux et trouver son caf\u00e9 pr\u00e9f\u00e9r\u00e9. Bien du plaisir!<\/p>\n<h2 class=\"stylee\">Lesilasa: Explosion d&rsquo;ar\u00f4mes<\/h2>\n<p>Un sommelier de caf\u00e9 peut reconna\u00eetre 800 saveurs diff\u00e9rentes dans un tr\u00e8s bon caf\u00e9, ce qui en fait l\u2019aliment le plus complexe que l\u2019\u00eatre humain consomme. C\u2019est cela que c\u00e9l\u00e8bre notre Lesilasa: sa torr\u00e9faction douce en pr\u00e9serve les ar\u00f4mes de chocolat noir, d\u2019\u00e9pices, de caramel et de fruits tropicaux comme le kiwi et le fruit de la passion. C\u2019est le choix id\u00e9al pour les filtres, French Press, machines automatiques ou l\u2019aeropress.<\/p>\n<h2 class=\"stylee\">K&rsquo;elemi: Expresso aromatique fin<\/h2>\n<p>Dans l\u2019expresso K\u2019elemi, il y a uniquement notre arabica de for\u00eat provenant des petits agriculteurs de la coop\u00e9rative Qottaa dans l\u2019ouest de l\u2019Ethiopie. La torr\u00e9faction espresso l\u00e9g\u00e8re assure un bel \u00e9quilibre entre les saveurs naturelles de la cerise de caf\u00e9 et les ar\u00f4mes de torr\u00e9faction: on y d\u00e9guste des fruits secs, des amandes torr\u00e9fi\u00e9es et du cacao. D\u00e9couvre le toi-m\u00eame ! D\u00e9licieux, fra\u00eechement moulu dans ta machine expresso porte-filtre, en machine automatique ou avec la cafeti\u00e8re italienne bialetti.<\/p>\n<h2 class=\"stylee\">T&rsquo;enikara: Puissant et complexe, comme en Italie<\/h2>\n<p>Nous avons d\u00e9velopp\u00e9 notre T\u2019enikara Expresso Forte pour tous ceux qui aiment leur caf\u00e9 fort et amer, comme en Italie. Ses ar\u00f4mes rappellent le chocolat noir fonc\u00e9. Id\u00e9al pour la machine \u00e0 Expresso porte-filtre, la machine automatique ou la cafeti\u00e8re italienne Bialetti. En plus de notre arabica des petits agriculteurs de la coop\u00e9rative Qottaa dans les for\u00eats montagneuses \u00e9thiopiennes, nous y avons ajout\u00e9 un tiers de Robusta. Cela donne plus de corps au caf\u00e9 ainsi qu\u2019une cr\u00e8me particuli\u00e8rement belle \u2013 et il se pr\u00eate aussi aux caf\u00e9s au lait.<\/p>\n<h2 class=\"stylee\">Moulin \u00e0 caf\u00e9<\/h2>\n<p>Moudre son caf\u00e9 \u00e0 la main est l&rsquo;incarnation m\u00eame d&rsquo;un beau rituel du matin. Offrir un moulin \u00e0 une ou un ami(e), c&rsquo;est offrir du temps et de la s\u00e9r\u00e9nit\u00e9 pour les petits moments de plaisir de la vie. Et un caf\u00e9 qu&rsquo;on mout soi-m\u00eame a meilleur go\u00fbt, c&rsquo;est bien connu. Le moulin Groenenberg est le compagnon id\u00e9al pour cela : avec une meule en c\u00e9ramique r\u00e9glable et un cylindre en acier inoxydable intemporel. Bien du plaisir \u00e0 offrir et \u00e0 utiliser!<\/p>\n","protected":false},"featured_media":26013,"comment_status":"open","ping_status":"closed","template":"","meta":[],"product_brand":[],"product_cat":[34,35,38,39,36,88],"product_tag":[],"class_list":{"0":"post-26010","1":"product","2":"type-product","3":"status-publish","4":"has-post-thumbnail","6":"product_cat-a-la-maison","7":"product_cat-au-bureau","8":"product_cat-cadeaux","9":"product_cat-grain","10":"product_cat-pour-magasins-et-gastro","11":"product_cat-zubehoer-fr","12":"product_shipping_class-envoie-capsules-neutre-en-carbone","14":"first","15":"instock","16":"taxable","17":"shipping-taxable","18":"purchasable","19":"product-type-simple"},"yoast_head":"<!-- This site is optimized with the Yoast SEO plugin v27.5 - https:\/\/yoast.com\/product\/yoast-seo-wordpress\/ -->\n<title>Set cadeau: Moulin \u00e0 caf\u00e9 et trois sortes de caf\u00e9 en grain mieux que bio et plus que fair<\/title>\n<meta name=\"description\" content=\"Cadeau avec un moulin \u00e0 caf\u00e9 et trois fois 100g de caf\u00e9 en grain : doux, intense ou vraiment fort, il y en a pour tous les go\u00fbts. Bien du plaisir \u00e0 faire plaisir !\" \/>\n<meta name=\"robots\" content=\"index, follow, max-snippet:-1, max-image-preview:large, max-video-preview:-1\" \/>\n<link rel=\"canonical\" href=\"https:\/\/directcoffee.net\/fr\/produkt\/cadeau-moulin-et-set-de-degustation-en-grain\/\" \/>\n<meta property=\"og:locale\" content=\"fr_FR\" \/>\n<meta property=\"og:type\" content=\"article\" \/>\n<meta property=\"og:title\" content=\"Set cadeau: Moulin \u00e0 caf\u00e9 et trois sortes de caf\u00e9 en grain mieux que bio et plus que fair\" \/>\n<meta property=\"og:description\" content=\"Cadeau avec un moulin \u00e0 caf\u00e9 et trois fois 100g de caf\u00e9 en grain : doux, intense ou vraiment fort, il y en a pour tous les go\u00fbts. Bien du plaisir \u00e0 faire plaisir !\" \/>\n<meta property=\"og:url\" content=\"https:\/\/directcoffee.net\/fr\/produkt\/cadeau-moulin-et-set-de-degustation-en-grain\/\" \/>\n<meta property=\"og:site_name\" content=\"Direct Coffee\" \/>\n<meta property=\"article:publisher\" content=\"https:\/\/fb.com\/directcoffee.net\" \/>\n<meta property=\"article:modified_time\" content=\"2019-12-09T15:06:41+00:00\" \/>\n<meta property=\"og:image\" content=\"https:\/\/directcoffee.net\/wp-content\/uploads\/2018\/11\/Handm\u00fchle-plus-Degustationsset-Bohnen.jpg\" \/>\n\t<meta property=\"og:image:width\" content=\"2153\" \/>\n\t<meta property=\"og:image:height\" content=\"2153\" \/>\n\t<meta property=\"og:image:type\" content=\"image\/jpeg\" \/>\n<meta name=\"twitter:card\" content=\"summary_large_image\" \/>\n<meta name=\"twitter:site\" content=\"@DirectCoffeeCH\" \/>\n<script type=\"application\/ld+json\" class=\"yoast-schema-graph\">{\"@context\":\"https:\\\/\\\/schema.org\",\"@graph\":[{\"@type\":\"WebPage\",\"@id\":\"https:\\\/\\\/directcoffee.net\\\/fr\\\/produkt\\\/cadeau-moulin-et-set-de-degustation-en-grain\\\/\",\"url\":\"https:\\\/\\\/directcoffee.net\\\/fr\\\/produkt\\\/cadeau-moulin-et-set-de-degustation-en-grain\\\/\",\"name\":\"Set cadeau: Moulin \u00e0 caf\u00e9 et trois sortes de caf\u00e9 en grain mieux que bio et plus que fair\",\"isPartOf\":{\"@id\":\"https:\\\/\\\/directcoffee.net\\\/fr\\\/#website\"},\"primaryImageOfPage\":{\"@id\":\"https:\\\/\\\/directcoffee.net\\\/fr\\\/produkt\\\/cadeau-moulin-et-set-de-degustation-en-grain\\\/#primaryimage\"},\"image\":{\"@id\":\"https:\\\/\\\/directcoffee.net\\\/fr\\\/produkt\\\/cadeau-moulin-et-set-de-degustation-en-grain\\\/#primaryimage\"},\"thumbnailUrl\":\"https:\\\/\\\/directcoffee.net\\\/wp-content\\\/uploads\\\/2018\\\/11\\\/Handm\u00fchle-plus-Degustationsset-Bohnen.jpg\",\"datePublished\":\"2018-11-29T08:08:19+00:00\",\"dateModified\":\"2019-12-09T15:06:41+00:00\",\"description\":\"Cadeau avec un moulin \u00e0 caf\u00e9 et trois fois 100g de caf\u00e9 en grain : doux, intense ou vraiment fort, il y en a pour tous les go\u00fbts. Bien du plaisir \u00e0 faire plaisir !\",\"breadcrumb\":{\"@id\":\"https:\\\/\\\/directcoffee.net\\\/fr\\\/produkt\\\/cadeau-moulin-et-set-de-degustation-en-grain\\\/#breadcrumb\"},\"inLanguage\":\"fr-FR\",\"potentialAction\":[{\"@type\":\"ReadAction\",\"target\":[\"https:\\\/\\\/directcoffee.net\\\/fr\\\/produkt\\\/cadeau-moulin-et-set-de-degustation-en-grain\\\/\"]}]},{\"@type\":\"ImageObject\",\"inLanguage\":\"fr-FR\",\"@id\":\"https:\\\/\\\/directcoffee.net\\\/fr\\\/produkt\\\/cadeau-moulin-et-set-de-degustation-en-grain\\\/#primaryimage\",\"url\":\"https:\\\/\\\/directcoffee.net\\\/wp-content\\\/uploads\\\/2018\\\/11\\\/Handm\u00fchle-plus-Degustationsset-Bohnen.jpg\",\"contentUrl\":\"https:\\\/\\\/directcoffee.net\\\/wp-content\\\/uploads\\\/2018\\\/11\\\/Handm\u00fchle-plus-Degustationsset-Bohnen.jpg\",\"width\":2153,\"height\":2153},{\"@type\":\"BreadcrumbList\",\"@id\":\"https:\\\/\\\/directcoffee.net\\\/fr\\\/produkt\\\/cadeau-moulin-et-set-de-degustation-en-grain\\\/#breadcrumb\",\"itemListElement\":[{\"@type\":\"ListItem\",\"position\":1,\"name\":\"Home\",\"item\":\"https:\\\/\\\/directcoffee.net\\\/fr\\\/\"},{\"@type\":\"ListItem\",\"position\":2,\"name\":\"Shop\",\"item\":\"https:\\\/\\\/directcoffee.net\\\/shop\\\/\"},{\"@type\":\"ListItem\",\"position\":3,\"name\":\"Cadeau: moulin et set de d\u00e9gustation en grain\"}]},{\"@type\":\"WebSite\",\"@id\":\"https:\\\/\\\/directcoffee.net\\\/fr\\\/#website\",\"url\":\"https:\\\/\\\/directcoffee.net\\\/fr\\\/\",\"name\":\"Direct Coffee\",\"description\":\"Nachhaltiger Kaffee direkt vom Bauern in Deine Tasse\",\"publisher\":{\"@id\":\"https:\\\/\\\/directcoffee.net\\\/fr\\\/#organization\"},\"potentialAction\":[{\"@type\":\"SearchAction\",\"target\":{\"@type\":\"EntryPoint\",\"urlTemplate\":\"https:\\\/\\\/directcoffee.net\\\/fr\\\/?s={search_term_string}\"},\"query-input\":{\"@type\":\"PropertyValueSpecification\",\"valueRequired\":true,\"valueName\":\"search_term_string\"}}],\"inLanguage\":\"fr-FR\"},{\"@type\":\"Organization\",\"@id\":\"https:\\\/\\\/directcoffee.net\\\/fr\\\/#organization\",\"name\":\"Direct Coffee\",\"url\":\"https:\\\/\\\/directcoffee.net\\\/fr\\\/\",\"logo\":{\"@type\":\"ImageObject\",\"inLanguage\":\"fr-FR\",\"@id\":\"https:\\\/\\\/directcoffee.net\\\/fr\\\/#\\\/schema\\\/logo\\\/image\\\/\",\"url\":\"https:\\\/\\\/directcoffee.net\\\/wp-content\\\/uploads\\\/2017\\\/08\\\/Direct-Coffee-brown-logo-no-background.png\",\"contentUrl\":\"https:\\\/\\\/directcoffee.net\\\/wp-content\\\/uploads\\\/2017\\\/08\\\/Direct-Coffee-brown-logo-no-background.png\",\"width\":892,\"height\":904,\"caption\":\"Direct Coffee\"},\"image\":{\"@id\":\"https:\\\/\\\/directcoffee.net\\\/fr\\\/#\\\/schema\\\/logo\\\/image\\\/\"},\"sameAs\":[\"https:\\\/\\\/fb.com\\\/directcoffee.net\",\"https:\\\/\\\/x.com\\\/DirectCoffeeCH\",\"https:\\\/\\\/www.instagram.com\\\/direct_coffee\\\/\",\"https:\\\/\\\/www.youtube.com\\\/channel\\\/UCOiDLRMnkMQKFHvQQ_Ju40w\"]}]}<\/script>\n<!-- \/ Yoast SEO plugin. -->","yoast_head_json":{"title":"Set cadeau: Moulin \u00e0 caf\u00e9 et trois sortes de caf\u00e9 en grain mieux que bio et plus que fair","description":"Cadeau avec un moulin \u00e0 caf\u00e9 et trois fois 100g de caf\u00e9 en grain : doux, intense ou vraiment fort, il y en a pour tous les go\u00fbts. Bien du plaisir \u00e0 faire plaisir !","robots":{"index":"index","follow":"follow","max-snippet":"max-snippet:-1","max-image-preview":"max-image-preview:large","max-video-preview":"max-video-preview:-1"},"canonical":"https:\/\/directcoffee.net\/fr\/produkt\/cadeau-moulin-et-set-de-degustation-en-grain\/","og_locale":"fr_FR","og_type":"article","og_title":"Set cadeau: Moulin \u00e0 caf\u00e9 et trois sortes de caf\u00e9 en grain mieux que bio et plus que fair","og_description":"Cadeau avec un moulin \u00e0 caf\u00e9 et trois fois 100g de caf\u00e9 en grain : doux, intense ou vraiment fort, il y en a pour tous les go\u00fbts. Bien du plaisir \u00e0 faire plaisir !","og_url":"https:\/\/directcoffee.net\/fr\/produkt\/cadeau-moulin-et-set-de-degustation-en-grain\/","og_site_name":"Direct Coffee","article_publisher":"https:\/\/fb.com\/directcoffee.net","article_modified_time":"2019-12-09T15:06:41+00:00","og_image":[{"width":2153,"height":2153,"url":"https:\/\/directcoffee.net\/wp-content\/uploads\/2018\/11\/Handm\u00fchle-plus-Degustationsset-Bohnen.jpg","type":"image\/jpeg"}],"twitter_card":"summary_large_image","twitter_site":"@DirectCoffeeCH","schema":{"@context":"https:\/\/schema.org","@graph":[{"@type":"WebPage","@id":"https:\/\/directcoffee.net\/fr\/produkt\/cadeau-moulin-et-set-de-degustation-en-grain\/","url":"https:\/\/directcoffee.net\/fr\/produkt\/cadeau-moulin-et-set-de-degustation-en-grain\/","name":"Set cadeau: Moulin \u00e0 caf\u00e9 et trois sortes de caf\u00e9 en grain mieux que bio et plus que fair","isPartOf":{"@id":"https:\/\/directcoffee.net\/fr\/#website"},"primaryImageOfPage":{"@id":"https:\/\/directcoffee.net\/fr\/produkt\/cadeau-moulin-et-set-de-degustation-en-grain\/#primaryimage"},"image":{"@id":"https:\/\/directcoffee.net\/fr\/produkt\/cadeau-moulin-et-set-de-degustation-en-grain\/#primaryimage"},"thumbnailUrl":"https:\/\/directcoffee.net\/wp-content\/uploads\/2018\/11\/Handm\u00fchle-plus-Degustationsset-Bohnen.jpg","datePublished":"2018-11-29T08:08:19+00:00","dateModified":"2019-12-09T15:06:41+00:00","description":"Cadeau avec un moulin \u00e0 caf\u00e9 et trois fois 100g de caf\u00e9 en grain : doux, intense ou vraiment fort, il y en a pour tous les go\u00fbts. Bien du plaisir \u00e0 faire plaisir !","breadcrumb":{"@id":"https:\/\/directcoffee.net\/fr\/produkt\/cadeau-moulin-et-set-de-degustation-en-grain\/#breadcrumb"},"inLanguage":"fr-FR","potentialAction":[{"@type":"ReadAction","target":["https:\/\/directcoffee.net\/fr\/produkt\/cadeau-moulin-et-set-de-degustation-en-grain\/"]}]},{"@type":"ImageObject","inLanguage":"fr-FR","@id":"https:\/\/directcoffee.net\/fr\/produkt\/cadeau-moulin-et-set-de-degustation-en-grain\/#primaryimage","url":"https:\/\/directcoffee.net\/wp-content\/uploads\/2018\/11\/Handm\u00fchle-plus-Degustationsset-Bohnen.jpg","contentUrl":"https:\/\/directcoffee.net\/wp-content\/uploads\/2018\/11\/Handm\u00fchle-plus-Degustationsset-Bohnen.jpg","width":2153,"height":2153},{"@type":"BreadcrumbList","@id":"https:\/\/directcoffee.net\/fr\/produkt\/cadeau-moulin-et-set-de-degustation-en-grain\/#breadcrumb","itemListElement":[{"@type":"ListItem","position":1,"name":"Home","item":"https:\/\/directcoffee.net\/fr\/"},{"@type":"ListItem","position":2,"name":"Shop","item":"https:\/\/directcoffee.net\/shop\/"},{"@type":"ListItem","position":3,"name":"Cadeau: moulin et set de d\u00e9gustation en grain"}]},{"@type":"WebSite","@id":"https:\/\/directcoffee.net\/fr\/#website","url":"https:\/\/directcoffee.net\/fr\/","name":"Direct Coffee","description":"Nachhaltiger Kaffee direkt vom Bauern in Deine Tasse","publisher":{"@id":"https:\/\/directcoffee.net\/fr\/#organization"},"potentialAction":[{"@type":"SearchAction","target":{"@type":"EntryPoint","urlTemplate":"https:\/\/directcoffee.net\/fr\/?s={search_term_string}"},"query-input":{"@type":"PropertyValueSpecification","valueRequired":true,"valueName":"search_term_string"}}],"inLanguage":"fr-FR"},{"@type":"Organization","@id":"https:\/\/directcoffee.net\/fr\/#organization","name":"Direct Coffee","url":"https:\/\/directcoffee.net\/fr\/","logo":{"@type":"ImageObject","inLanguage":"fr-FR","@id":"https:\/\/directcoffee.net\/fr\/#\/schema\/logo\/image\/","url":"https:\/\/directcoffee.net\/wp-content\/uploads\/2017\/08\/Direct-Coffee-brown-logo-no-background.png","contentUrl":"https:\/\/directcoffee.net\/wp-content\/uploads\/2017\/08\/Direct-Coffee-brown-logo-no-background.png","width":892,"height":904,"caption":"Direct Coffee"},"image":{"@id":"https:\/\/directcoffee.net\/fr\/#\/schema\/logo\/image\/"},"sameAs":["https:\/\/fb.com\/directcoffee.net","https:\/\/x.com\/DirectCoffeeCH","https:\/\/www.instagram.com\/direct_coffee\/","https:\/\/www.youtube.com\/channel\/UCOiDLRMnkMQKFHvQQ_Ju40w"]}]}},"_links":{"self":[{"href":"https:\/\/directcoffee.net\/fr\/wp-json\/wp\/v2\/product\/26010","targetHints":{"allow":["GET"]}}],"collection":[{"href":"https:\/\/directcoffee.net\/fr\/wp-json\/wp\/v2\/product"}],"about":[{"href":"https:\/\/directcoffee.net\/fr\/wp-json\/wp\/v2\/types\/product"}],"replies":[{"embeddable":true,"href":"https:\/\/directcoffee.net\/fr\/wp-json\/wp\/v2\/comments?post=26010"}],"wp:featuredmedia":[{"embeddable":true,"href":"https:\/\/directcoffee.net\/fr\/wp-json\/wp\/v2\/media\/26013"}],"wp:attachment":[{"href":"https:\/\/directcoffee.net\/fr\/wp-json\/wp\/v2\/media?parent=26010"}],"wp:term":[{"taxonomy":"product_brand","embeddable":true,"href":"https:\/\/directcoffee.net\/fr\/wp-json\/wp\/v2\/product_brand?post=26010"},{"taxonomy":"product_cat","embeddable":true,"href":"https:\/\/directcoffee.net\/fr\/wp-json\/wp\/v2\/product_cat?post=26010"},{"taxonomy":"product_tag","embeddable":true,"href":"https:\/\/directcoffee.net\/fr\/wp-json\/wp\/v2\/product_tag?post=26010"}],"curies":[{"name":"wp","href":"https:\/\/api.w.org\/{rel}","templated":true}]}}