{"id":18408,"date":"2018-02-15T20:26:29","date_gmt":"2018-02-15T19:26:29","guid":{"rendered":"https:\/\/directcoffee.net\/produkt\/french-press\/"},"modified":"2024-03-03T04:25:37","modified_gmt":"2024-03-03T03:25:37","slug":"french-press","status":"publish","type":"product","link":"https:\/\/directcoffee.net\/fr\/produkt\/french-press\/","title":{"rendered":"French Press"},"content":{"rendered":"<p>French Press, Cafeti\u00e8re \u00e0 piston, Poussoir \u00e0 caf\u00e9, Infusiera &#8230; Il n&rsquo;y a pas un seul nom pour cet ustensile. Mais le principe de pr\u00e9paration du caf\u00e9 est plus que simple, et tr\u00e8s efficace: l&rsquo;eau chaude entre en contact direct avec le caf\u00e9 moulu lib\u00e9rant ainsi son spectre aromatique complet\u00a0 &#8211; et contrairement \u00e0 un filtre en papier, le filtre m\u00e9tallique n&rsquo;absorbe pas les fines nuances aromatiques. M\u00eame <a href=\"http:\/\/www.dailymail.co.uk\/news\/article-2130468\/CEO-Starbucks-says-best-cup-coffee-known-mankind-home-simple-French-press.html\" target=\"_blank\" rel=\"noopener\">pour le PDG de Starbucks, la french press est le meilleur moyen de faire du caf\u00e9<\/a>.<\/p>\n<p>Pour la french press, nous recommandons <a href=\"https:\/\/directcoffee.net\/fr\/produit\/lesilasa-torrefaction-moyenne-moulu\/\" target=\"_blank\" rel=\"noopener\">notre torr\u00e9faction moyenne-claire Lesilasa<\/a>. Sa mouture est plus grossi\u00e8re et convient parfaitement \u00e0 ce type de pr\u00e9paration. La torr\u00e9faction douce pr\u00e9serve \u00e9galement les ar\u00f4mes d&rsquo;\u00e9pices, de caramel, de chocolat noir et de fruits tropicaux, kiwi, fruits de la passion&#8230;<\/p>\n<h3>Pr\u00e9paration<\/h3>\n<p>Comment \u00e7a marche la french press ? Suivez le guide:<\/p>\n<ol>\n<li>Porter l&rsquo;eau \u00e0 \u00e9bullition et laisser refroidir bri\u00e8vement.<\/li>\n<li>Mettre le caf\u00e9 moulu grossi\u00e8rement dans la french press (env. 35g pour 600ml, selon la force d\u00e9sir\u00e9e)<\/li>\n<li>Verser l&rsquo;eau (30 secondes apr\u00e8s avoir boulli, <a href=\"https:\/\/fr.wikipedia.org\/wiki\/Cafeti%C3%A8re_%C3%A0_piston\" target=\"_blank\" rel=\"noopener\">l&rsquo;eau devrait \u00eatre entre 90 et 95\u00b0c<\/a>) et remuer bri\u00e8vement.<\/li>\n<li>Appuyer l\u00e9g\u00e8rement sur le poussoir pour que le filtre en m\u00e9tal touche l&rsquo;eau (mais ne pas encore pousser vers le bas) et attendre quatre minutes. Le caf\u00e9 commencera \u00e0 descendre et \u00e0 former le \u00ab\u00a0g\u00e2teau de filtration\u00a0\u00bb.<\/li>\n<li>Pousser jusqu&rsquo;en bas, laisser d\u00e9canter quelques instants et d\u00e9guster !<\/li>\n<\/ol>\n","protected":false},"excerpt":{"rendered":"<p>French Press, c&rsquo;est le bon caf\u00e9 facile \u00e0 faire : mettre du (bon) caf\u00e9 moulu, faire bouillir l&rsquo;eau et laisser refroidir un peu, verser, remuer, attendre quatre minutes, presser et&#8230;.. savourer. Fait comme \u00e7a, le caf\u00e9 est d\u00e9licieux. Le long contact entre l&rsquo;eau et le caf\u00e9 donne un r\u00e9sultat en tasse particuli\u00e8rement aromatique et avec beaucoup de corps.<\/p>\n<p>Notre french press, chic design en cuivre, est disponible en petit avec 350ml et en grand avec 600ml. Parfaite si tu re\u00e7ois des amis et veux pr\u00e9parer plusieurs tasses \u00e0 la fois. Notre <a href=\"https:\/\/directcoffee.net\/fr\/produit\/lesilasa-torrefaction-moyenne-moulu\/\" target=\"_blank\" rel=\"noopener\">torr\u00e9faction l\u00e9g\u00e8re Lesilasa<\/a> avec des ar\u00f4mes de chocolat noir, d&rsquo;\u00e9pices, de caramel et de fruits tropicaux tels que kiwi et fruit de la passion est parfaite pour cela.<\/p>\n<p>&nbsp;<\/p>\n","protected":false},"featured_media":18176,"comment_status":"open","ping_status":"closed","template":"","meta":[],"product_brand":[],"product_cat":[89],"product_tag":[],"class_list":{"0":"post-18408","1":"product","2":"type-product","3":"status-publish","4":"has-post-thumbnail","6":"product_cat-unkategorisiert","8":"first","9":"outofstock","10":"taxable","11":"shipping-taxable","12":"purchasable","13":"product-type-variable"},"yoast_head":"<!-- This site is optimized with the Yoast SEO plugin v27.5 - https:\/\/yoast.com\/product\/yoast-seo-wordpress\/ -->\n<title>French Press &#8211; Direct Coffee<\/title>\n<meta name=\"robots\" content=\"index, follow, max-snippet:-1, max-image-preview:large, max-video-preview:-1\" \/>\n<link rel=\"canonical\" href=\"https:\/\/directcoffee.net\/fr\/produkt\/french-press\/\" \/>\n<meta property=\"og:locale\" content=\"fr_FR\" \/>\n<meta property=\"og:type\" content=\"article\" \/>\n<meta property=\"og:title\" content=\"French Press &#8211; Direct Coffee\" \/>\n<meta property=\"og:description\" content=\"French Press, c&#039;est le bon caf\u00e9 facile \u00e0 faire : mettre du (bon) caf\u00e9 moulu, faire bouillir l&#039;eau et laisser refroidir un peu, verser, remuer, attendre quatre minutes, presser et..... savourer. Fait comme \u00e7a, le caf\u00e9 est d\u00e9licieux. Le long contact entre l&#039;eau et le caf\u00e9 donne un r\u00e9sultat en tasse particuli\u00e8rement aromatique et avec beaucoup de corps.  Notre french press, chic design en cuivre, est disponible en petit avec 350ml et en grand avec 600ml. Parfaite si tu re\u00e7ois des amis et veux pr\u00e9parer plusieurs tasses \u00e0 la fois. Notre torr\u00e9faction l\u00e9g\u00e8re Lesilasa avec des ar\u00f4mes de chocolat noir, d&#039;\u00e9pices, de caramel et de fruits tropicaux tels que kiwi et fruit de la passion est parfaite pour cela.  &nbsp;\" \/>\n<meta property=\"og:url\" content=\"https:\/\/directcoffee.net\/fr\/produkt\/french-press\/\" \/>\n<meta property=\"og:site_name\" content=\"Direct Coffee\" \/>\n<meta property=\"article:publisher\" content=\"https:\/\/fb.com\/directcoffee.net\" \/>\n<meta property=\"article:modified_time\" content=\"2024-03-03T03:25:37+00:00\" \/>\n<meta property=\"og:image\" content=\"https:\/\/directcoffee.net\/wp-content\/uploads\/2018\/02\/French-Press-1.png\" \/>\n\t<meta property=\"og:image:width\" content=\"400\" \/>\n\t<meta property=\"og:image:height\" content=\"300\" \/>\n\t<meta property=\"og:image:type\" content=\"image\/png\" \/>\n<meta name=\"twitter:card\" content=\"summary_large_image\" \/>\n<meta name=\"twitter:site\" content=\"@DirectCoffeeCH\" \/>\n<meta name=\"twitter:label1\" content=\"Dur\u00e9e de lecture estim\u00e9e\" \/>\n\t<meta name=\"twitter:data1\" content=\"1 minute\" \/>\n<script type=\"application\/ld+json\" class=\"yoast-schema-graph\">{\"@context\":\"https:\\\/\\\/schema.org\",\"@graph\":[{\"@type\":\"WebPage\",\"@id\":\"https:\\\/\\\/directcoffee.net\\\/fr\\\/produkt\\\/french-press\\\/\",\"url\":\"https:\\\/\\\/directcoffee.net\\\/fr\\\/produkt\\\/french-press\\\/\",\"name\":\"French Press &#8211; Direct Coffee\",\"isPartOf\":{\"@id\":\"https:\\\/\\\/directcoffee.net\\\/fr\\\/#website\"},\"primaryImageOfPage\":{\"@id\":\"https:\\\/\\\/directcoffee.net\\\/fr\\\/produkt\\\/french-press\\\/#primaryimage\"},\"image\":{\"@id\":\"https:\\\/\\\/directcoffee.net\\\/fr\\\/produkt\\\/french-press\\\/#primaryimage\"},\"thumbnailUrl\":\"https:\\\/\\\/directcoffee.net\\\/wp-content\\\/uploads\\\/2018\\\/02\\\/French-Press-1.png\",\"datePublished\":\"2018-02-15T19:26:29+00:00\",\"dateModified\":\"2024-03-03T03:25:37+00:00\",\"breadcrumb\":{\"@id\":\"https:\\\/\\\/directcoffee.net\\\/fr\\\/produkt\\\/french-press\\\/#breadcrumb\"},\"inLanguage\":\"fr-FR\",\"potentialAction\":[{\"@type\":\"ReadAction\",\"target\":[\"https:\\\/\\\/directcoffee.net\\\/fr\\\/produkt\\\/french-press\\\/\"]}]},{\"@type\":\"ImageObject\",\"inLanguage\":\"fr-FR\",\"@id\":\"https:\\\/\\\/directcoffee.net\\\/fr\\\/produkt\\\/french-press\\\/#primaryimage\",\"url\":\"https:\\\/\\\/directcoffee.net\\\/wp-content\\\/uploads\\\/2018\\\/02\\\/French-Press-1.png\",\"contentUrl\":\"https:\\\/\\\/directcoffee.net\\\/wp-content\\\/uploads\\\/2018\\\/02\\\/French-Press-1.png\",\"width\":400,\"height\":300},{\"@type\":\"BreadcrumbList\",\"@id\":\"https:\\\/\\\/directcoffee.net\\\/fr\\\/produkt\\\/french-press\\\/#breadcrumb\",\"itemListElement\":[{\"@type\":\"ListItem\",\"position\":1,\"name\":\"Home\",\"item\":\"https:\\\/\\\/directcoffee.net\\\/fr\\\/\"},{\"@type\":\"ListItem\",\"position\":2,\"name\":\"Shop\",\"item\":\"https:\\\/\\\/directcoffee.net\\\/shop\\\/\"},{\"@type\":\"ListItem\",\"position\":3,\"name\":\"French Press\"}]},{\"@type\":\"WebSite\",\"@id\":\"https:\\\/\\\/directcoffee.net\\\/fr\\\/#website\",\"url\":\"https:\\\/\\\/directcoffee.net\\\/fr\\\/\",\"name\":\"Direct Coffee\",\"description\":\"Nachhaltiger Kaffee direkt vom Bauern in Deine Tasse\",\"publisher\":{\"@id\":\"https:\\\/\\\/directcoffee.net\\\/fr\\\/#organization\"},\"potentialAction\":[{\"@type\":\"SearchAction\",\"target\":{\"@type\":\"EntryPoint\",\"urlTemplate\":\"https:\\\/\\\/directcoffee.net\\\/fr\\\/?s={search_term_string}\"},\"query-input\":{\"@type\":\"PropertyValueSpecification\",\"valueRequired\":true,\"valueName\":\"search_term_string\"}}],\"inLanguage\":\"fr-FR\"},{\"@type\":\"Organization\",\"@id\":\"https:\\\/\\\/directcoffee.net\\\/fr\\\/#organization\",\"name\":\"Direct Coffee\",\"url\":\"https:\\\/\\\/directcoffee.net\\\/fr\\\/\",\"logo\":{\"@type\":\"ImageObject\",\"inLanguage\":\"fr-FR\",\"@id\":\"https:\\\/\\\/directcoffee.net\\\/fr\\\/#\\\/schema\\\/logo\\\/image\\\/\",\"url\":\"https:\\\/\\\/directcoffee.net\\\/wp-content\\\/uploads\\\/2017\\\/08\\\/Direct-Coffee-brown-logo-no-background.png\",\"contentUrl\":\"https:\\\/\\\/directcoffee.net\\\/wp-content\\\/uploads\\\/2017\\\/08\\\/Direct-Coffee-brown-logo-no-background.png\",\"width\":892,\"height\":904,\"caption\":\"Direct Coffee\"},\"image\":{\"@id\":\"https:\\\/\\\/directcoffee.net\\\/fr\\\/#\\\/schema\\\/logo\\\/image\\\/\"},\"sameAs\":[\"https:\\\/\\\/fb.com\\\/directcoffee.net\",\"https:\\\/\\\/x.com\\\/DirectCoffeeCH\",\"https:\\\/\\\/www.instagram.com\\\/direct_coffee\\\/\",\"https:\\\/\\\/www.youtube.com\\\/channel\\\/UCOiDLRMnkMQKFHvQQ_Ju40w\"]}]}<\/script>\n<!-- \/ Yoast SEO plugin. -->","yoast_head_json":{"title":"French Press &#8211; Direct Coffee","robots":{"index":"index","follow":"follow","max-snippet":"max-snippet:-1","max-image-preview":"max-image-preview:large","max-video-preview":"max-video-preview:-1"},"canonical":"https:\/\/directcoffee.net\/fr\/produkt\/french-press\/","og_locale":"fr_FR","og_type":"article","og_title":"French Press &#8211; Direct Coffee","og_description":"French Press, c'est le bon caf\u00e9 facile \u00e0 faire : mettre du (bon) caf\u00e9 moulu, faire bouillir l'eau et laisser refroidir un peu, verser, remuer, attendre quatre minutes, presser et..... savourer. Fait comme \u00e7a, le caf\u00e9 est d\u00e9licieux. Le long contact entre l'eau et le caf\u00e9 donne un r\u00e9sultat en tasse particuli\u00e8rement aromatique et avec beaucoup de corps.  Notre french press, chic design en cuivre, est disponible en petit avec 350ml et en grand avec 600ml. Parfaite si tu re\u00e7ois des amis et veux pr\u00e9parer plusieurs tasses \u00e0 la fois. Notre torr\u00e9faction l\u00e9g\u00e8re Lesilasa avec des ar\u00f4mes de chocolat noir, d'\u00e9pices, de caramel et de fruits tropicaux tels que kiwi et fruit de la passion est parfaite pour cela.  &nbsp;","og_url":"https:\/\/directcoffee.net\/fr\/produkt\/french-press\/","og_site_name":"Direct Coffee","article_publisher":"https:\/\/fb.com\/directcoffee.net","article_modified_time":"2024-03-03T03:25:37+00:00","og_image":[{"width":400,"height":300,"url":"https:\/\/directcoffee.net\/wp-content\/uploads\/2018\/02\/French-Press-1.png","type":"image\/png"}],"twitter_card":"summary_large_image","twitter_site":"@DirectCoffeeCH","twitter_misc":{"Dur\u00e9e de lecture estim\u00e9e":"1 minute"},"schema":{"@context":"https:\/\/schema.org","@graph":[{"@type":"WebPage","@id":"https:\/\/directcoffee.net\/fr\/produkt\/french-press\/","url":"https:\/\/directcoffee.net\/fr\/produkt\/french-press\/","name":"French Press &#8211; Direct Coffee","isPartOf":{"@id":"https:\/\/directcoffee.net\/fr\/#website"},"primaryImageOfPage":{"@id":"https:\/\/directcoffee.net\/fr\/produkt\/french-press\/#primaryimage"},"image":{"@id":"https:\/\/directcoffee.net\/fr\/produkt\/french-press\/#primaryimage"},"thumbnailUrl":"https:\/\/directcoffee.net\/wp-content\/uploads\/2018\/02\/French-Press-1.png","datePublished":"2018-02-15T19:26:29+00:00","dateModified":"2024-03-03T03:25:37+00:00","breadcrumb":{"@id":"https:\/\/directcoffee.net\/fr\/produkt\/french-press\/#breadcrumb"},"inLanguage":"fr-FR","potentialAction":[{"@type":"ReadAction","target":["https:\/\/directcoffee.net\/fr\/produkt\/french-press\/"]}]},{"@type":"ImageObject","inLanguage":"fr-FR","@id":"https:\/\/directcoffee.net\/fr\/produkt\/french-press\/#primaryimage","url":"https:\/\/directcoffee.net\/wp-content\/uploads\/2018\/02\/French-Press-1.png","contentUrl":"https:\/\/directcoffee.net\/wp-content\/uploads\/2018\/02\/French-Press-1.png","width":400,"height":300},{"@type":"BreadcrumbList","@id":"https:\/\/directcoffee.net\/fr\/produkt\/french-press\/#breadcrumb","itemListElement":[{"@type":"ListItem","position":1,"name":"Home","item":"https:\/\/directcoffee.net\/fr\/"},{"@type":"ListItem","position":2,"name":"Shop","item":"https:\/\/directcoffee.net\/shop\/"},{"@type":"ListItem","position":3,"name":"French Press"}]},{"@type":"WebSite","@id":"https:\/\/directcoffee.net\/fr\/#website","url":"https:\/\/directcoffee.net\/fr\/","name":"Direct Coffee","description":"Nachhaltiger Kaffee direkt vom Bauern in Deine Tasse","publisher":{"@id":"https:\/\/directcoffee.net\/fr\/#organization"},"potentialAction":[{"@type":"SearchAction","target":{"@type":"EntryPoint","urlTemplate":"https:\/\/directcoffee.net\/fr\/?s={search_term_string}"},"query-input":{"@type":"PropertyValueSpecification","valueRequired":true,"valueName":"search_term_string"}}],"inLanguage":"fr-FR"},{"@type":"Organization","@id":"https:\/\/directcoffee.net\/fr\/#organization","name":"Direct Coffee","url":"https:\/\/directcoffee.net\/fr\/","logo":{"@type":"ImageObject","inLanguage":"fr-FR","@id":"https:\/\/directcoffee.net\/fr\/#\/schema\/logo\/image\/","url":"https:\/\/directcoffee.net\/wp-content\/uploads\/2017\/08\/Direct-Coffee-brown-logo-no-background.png","contentUrl":"https:\/\/directcoffee.net\/wp-content\/uploads\/2017\/08\/Direct-Coffee-brown-logo-no-background.png","width":892,"height":904,"caption":"Direct Coffee"},"image":{"@id":"https:\/\/directcoffee.net\/fr\/#\/schema\/logo\/image\/"},"sameAs":["https:\/\/fb.com\/directcoffee.net","https:\/\/x.com\/DirectCoffeeCH","https:\/\/www.instagram.com\/direct_coffee\/","https:\/\/www.youtube.com\/channel\/UCOiDLRMnkMQKFHvQQ_Ju40w"]}]}},"_links":{"self":[{"href":"https:\/\/directcoffee.net\/fr\/wp-json\/wp\/v2\/product\/18408","targetHints":{"allow":["GET"]}}],"collection":[{"href":"https:\/\/directcoffee.net\/fr\/wp-json\/wp\/v2\/product"}],"about":[{"href":"https:\/\/directcoffee.net\/fr\/wp-json\/wp\/v2\/types\/product"}],"replies":[{"embeddable":true,"href":"https:\/\/directcoffee.net\/fr\/wp-json\/wp\/v2\/comments?post=18408"}],"wp:featuredmedia":[{"embeddable":true,"href":"https:\/\/directcoffee.net\/fr\/wp-json\/wp\/v2\/media\/18176"}],"wp:attachment":[{"href":"https:\/\/directcoffee.net\/fr\/wp-json\/wp\/v2\/media?parent=18408"}],"wp:term":[{"taxonomy":"product_brand","embeddable":true,"href":"https:\/\/directcoffee.net\/fr\/wp-json\/wp\/v2\/product_brand?post=18408"},{"taxonomy":"product_cat","embeddable":true,"href":"https:\/\/directcoffee.net\/fr\/wp-json\/wp\/v2\/product_cat?post=18408"},{"taxonomy":"product_tag","embeddable":true,"href":"https:\/\/directcoffee.net\/fr\/wp-json\/wp\/v2\/product_tag?post=18408"}],"curies":[{"name":"wp","href":"https:\/\/api.w.org\/{rel}","templated":true}]}}