{"id":1804,"date":"2017-09-06T13:00:44","date_gmt":"2017-08-25T13:30:56","guid":{"rendered":"https:\/\/directcoffee.net\/?post_type=product&#038;p=1804\/"},"modified":"2023-09-28T13:19:29","modified_gmt":"2023-09-28T11:19:29","slug":"verre-a-cold-brew-cafe-infuse-a-froid","status":"publish","type":"product","link":"https:\/\/directcoffee.net\/fr\/produkt\/verre-a-cold-brew-cafe-infuse-a-froid\/","title":{"rendered":"Verre \u00e0 Cold Brew"},"content":{"rendered":"<p>Une boisson d\u00e9licieuse doit se d\u00e9guster dans un verre extraordinaire. Et parce que nous sommes convaincus que tu aimes savoir d&rsquo;o\u00f9 vient ton caf\u00e9 et ce qui le rend si sp\u00e9cial, nous avons immortalis\u00e9 tout \u00e7a sur ce verre.<\/p>\n<p>Nous achetons les grains pour notre Cold Brew directement aupr\u00e8s des 212 petits agriculteurs de la coop\u00e9rative Qottaa dans l&rsquo;ouest de l&rsquo;Ethiopie. Les plantes arabica poussent ici dans leur \u00e9cosyst\u00e8me naturel &#8211; parce que cet arbre prodigieux est originaire de cette r\u00e9gion. A la semi-ombre des immenses arbres de la for\u00eat des montagnes \u00e9thiopiennes, les cerises de caf\u00e9 ont suffisamment de temps pour m\u00fbrir et d\u00e9velopper leur plein potentiel gustatif. Et devine quelle est la meilleure fa\u00e7on de faire ressortir ces ar\u00f4mes ? Exactement: l&rsquo;infusion \u00e0 froid en cold brew! A savourer sans mod\u00e9ration.<\/p>\n","protected":false},"excerpt":{"rendered":"<p>Un Cold Brew se boit dans des bocaux de confiture! Ca tu le sais. Et si tu ne veux pas seulement te rafra\u00eechir, mais en plus savoir qui cultive ton caf\u00e9 o\u00f9, et comment, notre verre \u00e0 Cold Brew est exactement ce qu&rsquo;il te faut. Si tu es impatient, tu peux d\u00e9j\u00e0 en savoir plus dans la description ci-dessous. Ou te laisser surprendre et lire ton verre en savourant un cold brew bien m\u00e9rit\u00e9 !<\/p>\n","protected":false},"featured_media":1831,"comment_status":"open","ping_status":"closed","template":"","meta":[],"product_brand":[],"product_cat":[34,44],"product_tag":[],"class_list":{"0":"post-1804","1":"product","2":"type-product","3":"status-publish","4":"has-post-thumbnail","6":"product_cat-a-la-maison","7":"product_cat-cold-brew-fr","9":"first","10":"instock","11":"taxable","12":"shipping-taxable","13":"purchasable","14":"product-type-simple"},"yoast_head":"<!-- This site is optimized with the Yoast SEO plugin v27.5 - https:\/\/yoast.com\/product\/yoast-seo-wordpress\/ -->\n<title>Verre \u00e0 Cold Brew qui te raconte l&#039;histoire de ton caf\u00e9<\/title>\n<meta name=\"description\" content=\"Un caf\u00e9 pure-origine des for\u00eats \u00e9thiopiennes en espresso moulu pour cafeti\u00e8re italienne. Vous l&#039;adorerez. Chaque paquet soutient un enfant des producteurs.\" \/>\n<meta name=\"robots\" content=\"index, follow, max-snippet:-1, max-image-preview:large, max-video-preview:-1\" \/>\n<link rel=\"canonical\" href=\"https:\/\/directcoffee.net\/fr\/produkt\/verre-a-cold-brew-cafe-infuse-a-froid\/\" \/>\n<meta property=\"og:locale\" content=\"fr_FR\" \/>\n<meta property=\"og:type\" content=\"article\" \/>\n<meta property=\"og:title\" content=\"Verre \u00e0 Cold Brew qui te raconte l&#039;histoire de ton caf\u00e9\" \/>\n<meta property=\"og:description\" content=\"Un caf\u00e9 pure-origine des for\u00eats \u00e9thiopiennes en espresso moulu pour cafeti\u00e8re italienne. Vous l&#039;adorerez. Chaque paquet soutient un enfant des producteurs.\" \/>\n<meta property=\"og:url\" content=\"https:\/\/directcoffee.net\/fr\/produkt\/verre-a-cold-brew-cafe-infuse-a-froid\/\" \/>\n<meta property=\"og:site_name\" content=\"Direct Coffee\" \/>\n<meta property=\"article:publisher\" content=\"https:\/\/fb.com\/directcoffee.net\" \/>\n<meta property=\"article:modified_time\" content=\"2023-09-28T11:19:29+00:00\" \/>\n<meta property=\"og:image\" content=\"https:\/\/directcoffee.net\/wp-content\/uploads\/2017\/08\/Cold-Brew-Kafi-Glas-1.png\" \/>\n\t<meta property=\"og:image:width\" content=\"400\" \/>\n\t<meta property=\"og:image:height\" content=\"300\" \/>\n\t<meta property=\"og:image:type\" content=\"image\/png\" \/>\n<meta name=\"twitter:card\" content=\"summary_large_image\" \/>\n<meta name=\"twitter:site\" content=\"@DirectCoffeeCH\" \/>\n<meta name=\"twitter:label1\" content=\"Dur\u00e9e de lecture estim\u00e9e\" \/>\n\t<meta name=\"twitter:data1\" content=\"1 minute\" \/>\n<script type=\"application\/ld+json\" class=\"yoast-schema-graph\">{\"@context\":\"https:\\\/\\\/schema.org\",\"@graph\":[{\"@type\":\"WebPage\",\"@id\":\"https:\\\/\\\/directcoffee.net\\\/fr\\\/produkt\\\/verre-a-cold-brew-cafe-infuse-a-froid\\\/\",\"url\":\"https:\\\/\\\/directcoffee.net\\\/fr\\\/produkt\\\/verre-a-cold-brew-cafe-infuse-a-froid\\\/\",\"name\":\"Verre \u00e0 Cold Brew qui te raconte l'histoire de ton caf\u00e9\",\"isPartOf\":{\"@id\":\"https:\\\/\\\/directcoffee.net\\\/fr\\\/#website\"},\"primaryImageOfPage\":{\"@id\":\"https:\\\/\\\/directcoffee.net\\\/fr\\\/produkt\\\/verre-a-cold-brew-cafe-infuse-a-froid\\\/#primaryimage\"},\"image\":{\"@id\":\"https:\\\/\\\/directcoffee.net\\\/fr\\\/produkt\\\/verre-a-cold-brew-cafe-infuse-a-froid\\\/#primaryimage\"},\"thumbnailUrl\":\"https:\\\/\\\/directcoffee.net\\\/wp-content\\\/uploads\\\/2017\\\/08\\\/Cold-Brew-Kafi-Glas-1.png\",\"datePublished\":\"2017-08-25T13:30:56+00:00\",\"dateModified\":\"2023-09-28T11:19:29+00:00\",\"description\":\"Un caf\u00e9 pure-origine des for\u00eats \u00e9thiopiennes en espresso moulu pour cafeti\u00e8re italienne. Vous l'adorerez. Chaque paquet soutient un enfant des producteurs.\",\"breadcrumb\":{\"@id\":\"https:\\\/\\\/directcoffee.net\\\/fr\\\/produkt\\\/verre-a-cold-brew-cafe-infuse-a-froid\\\/#breadcrumb\"},\"inLanguage\":\"fr-FR\",\"potentialAction\":[{\"@type\":\"ReadAction\",\"target\":[\"https:\\\/\\\/directcoffee.net\\\/fr\\\/produkt\\\/verre-a-cold-brew-cafe-infuse-a-froid\\\/\"]}]},{\"@type\":\"ImageObject\",\"inLanguage\":\"fr-FR\",\"@id\":\"https:\\\/\\\/directcoffee.net\\\/fr\\\/produkt\\\/verre-a-cold-brew-cafe-infuse-a-froid\\\/#primaryimage\",\"url\":\"https:\\\/\\\/directcoffee.net\\\/wp-content\\\/uploads\\\/2017\\\/08\\\/Cold-Brew-Kafi-Glas-1.png\",\"contentUrl\":\"https:\\\/\\\/directcoffee.net\\\/wp-content\\\/uploads\\\/2017\\\/08\\\/Cold-Brew-Kafi-Glas-1.png\",\"width\":400,\"height\":300},{\"@type\":\"BreadcrumbList\",\"@id\":\"https:\\\/\\\/directcoffee.net\\\/fr\\\/produkt\\\/verre-a-cold-brew-cafe-infuse-a-froid\\\/#breadcrumb\",\"itemListElement\":[{\"@type\":\"ListItem\",\"position\":1,\"name\":\"Home\",\"item\":\"https:\\\/\\\/directcoffee.net\\\/fr\\\/\"},{\"@type\":\"ListItem\",\"position\":2,\"name\":\"Shop\",\"item\":\"https:\\\/\\\/directcoffee.net\\\/shop\\\/\"},{\"@type\":\"ListItem\",\"position\":3,\"name\":\"Verre \u00e0 Cold Brew\"}]},{\"@type\":\"WebSite\",\"@id\":\"https:\\\/\\\/directcoffee.net\\\/fr\\\/#website\",\"url\":\"https:\\\/\\\/directcoffee.net\\\/fr\\\/\",\"name\":\"Direct Coffee\",\"description\":\"Nachhaltiger Kaffee direkt vom Bauern in Deine Tasse\",\"publisher\":{\"@id\":\"https:\\\/\\\/directcoffee.net\\\/fr\\\/#organization\"},\"potentialAction\":[{\"@type\":\"SearchAction\",\"target\":{\"@type\":\"EntryPoint\",\"urlTemplate\":\"https:\\\/\\\/directcoffee.net\\\/fr\\\/?s={search_term_string}\"},\"query-input\":{\"@type\":\"PropertyValueSpecification\",\"valueRequired\":true,\"valueName\":\"search_term_string\"}}],\"inLanguage\":\"fr-FR\"},{\"@type\":\"Organization\",\"@id\":\"https:\\\/\\\/directcoffee.net\\\/fr\\\/#organization\",\"name\":\"Direct Coffee\",\"url\":\"https:\\\/\\\/directcoffee.net\\\/fr\\\/\",\"logo\":{\"@type\":\"ImageObject\",\"inLanguage\":\"fr-FR\",\"@id\":\"https:\\\/\\\/directcoffee.net\\\/fr\\\/#\\\/schema\\\/logo\\\/image\\\/\",\"url\":\"https:\\\/\\\/directcoffee.net\\\/wp-content\\\/uploads\\\/2017\\\/08\\\/Direct-Coffee-brown-logo-no-background.png\",\"contentUrl\":\"https:\\\/\\\/directcoffee.net\\\/wp-content\\\/uploads\\\/2017\\\/08\\\/Direct-Coffee-brown-logo-no-background.png\",\"width\":892,\"height\":904,\"caption\":\"Direct Coffee\"},\"image\":{\"@id\":\"https:\\\/\\\/directcoffee.net\\\/fr\\\/#\\\/schema\\\/logo\\\/image\\\/\"},\"sameAs\":[\"https:\\\/\\\/fb.com\\\/directcoffee.net\",\"https:\\\/\\\/x.com\\\/DirectCoffeeCH\",\"https:\\\/\\\/www.instagram.com\\\/direct_coffee\\\/\",\"https:\\\/\\\/www.youtube.com\\\/channel\\\/UCOiDLRMnkMQKFHvQQ_Ju40w\"]}]}<\/script>\n<!-- \/ Yoast SEO plugin. -->","yoast_head_json":{"title":"Verre \u00e0 Cold Brew qui te raconte l'histoire de ton caf\u00e9","description":"Un caf\u00e9 pure-origine des for\u00eats \u00e9thiopiennes en espresso moulu pour cafeti\u00e8re italienne. Vous l'adorerez. Chaque paquet soutient un enfant des producteurs.","robots":{"index":"index","follow":"follow","max-snippet":"max-snippet:-1","max-image-preview":"max-image-preview:large","max-video-preview":"max-video-preview:-1"},"canonical":"https:\/\/directcoffee.net\/fr\/produkt\/verre-a-cold-brew-cafe-infuse-a-froid\/","og_locale":"fr_FR","og_type":"article","og_title":"Verre \u00e0 Cold Brew qui te raconte l'histoire de ton caf\u00e9","og_description":"Un caf\u00e9 pure-origine des for\u00eats \u00e9thiopiennes en espresso moulu pour cafeti\u00e8re italienne. Vous l'adorerez. Chaque paquet soutient un enfant des producteurs.","og_url":"https:\/\/directcoffee.net\/fr\/produkt\/verre-a-cold-brew-cafe-infuse-a-froid\/","og_site_name":"Direct Coffee","article_publisher":"https:\/\/fb.com\/directcoffee.net","article_modified_time":"2023-09-28T11:19:29+00:00","og_image":[{"width":400,"height":300,"url":"https:\/\/directcoffee.net\/wp-content\/uploads\/2017\/08\/Cold-Brew-Kafi-Glas-1.png","type":"image\/png"}],"twitter_card":"summary_large_image","twitter_site":"@DirectCoffeeCH","twitter_misc":{"Dur\u00e9e de lecture estim\u00e9e":"1 minute"},"schema":{"@context":"https:\/\/schema.org","@graph":[{"@type":"WebPage","@id":"https:\/\/directcoffee.net\/fr\/produkt\/verre-a-cold-brew-cafe-infuse-a-froid\/","url":"https:\/\/directcoffee.net\/fr\/produkt\/verre-a-cold-brew-cafe-infuse-a-froid\/","name":"Verre \u00e0 Cold Brew qui te raconte l'histoire de ton caf\u00e9","isPartOf":{"@id":"https:\/\/directcoffee.net\/fr\/#website"},"primaryImageOfPage":{"@id":"https:\/\/directcoffee.net\/fr\/produkt\/verre-a-cold-brew-cafe-infuse-a-froid\/#primaryimage"},"image":{"@id":"https:\/\/directcoffee.net\/fr\/produkt\/verre-a-cold-brew-cafe-infuse-a-froid\/#primaryimage"},"thumbnailUrl":"https:\/\/directcoffee.net\/wp-content\/uploads\/2017\/08\/Cold-Brew-Kafi-Glas-1.png","datePublished":"2017-08-25T13:30:56+00:00","dateModified":"2023-09-28T11:19:29+00:00","description":"Un caf\u00e9 pure-origine des for\u00eats \u00e9thiopiennes en espresso moulu pour cafeti\u00e8re italienne. Vous l'adorerez. Chaque paquet soutient un enfant des producteurs.","breadcrumb":{"@id":"https:\/\/directcoffee.net\/fr\/produkt\/verre-a-cold-brew-cafe-infuse-a-froid\/#breadcrumb"},"inLanguage":"fr-FR","potentialAction":[{"@type":"ReadAction","target":["https:\/\/directcoffee.net\/fr\/produkt\/verre-a-cold-brew-cafe-infuse-a-froid\/"]}]},{"@type":"ImageObject","inLanguage":"fr-FR","@id":"https:\/\/directcoffee.net\/fr\/produkt\/verre-a-cold-brew-cafe-infuse-a-froid\/#primaryimage","url":"https:\/\/directcoffee.net\/wp-content\/uploads\/2017\/08\/Cold-Brew-Kafi-Glas-1.png","contentUrl":"https:\/\/directcoffee.net\/wp-content\/uploads\/2017\/08\/Cold-Brew-Kafi-Glas-1.png","width":400,"height":300},{"@type":"BreadcrumbList","@id":"https:\/\/directcoffee.net\/fr\/produkt\/verre-a-cold-brew-cafe-infuse-a-froid\/#breadcrumb","itemListElement":[{"@type":"ListItem","position":1,"name":"Home","item":"https:\/\/directcoffee.net\/fr\/"},{"@type":"ListItem","position":2,"name":"Shop","item":"https:\/\/directcoffee.net\/shop\/"},{"@type":"ListItem","position":3,"name":"Verre \u00e0 Cold Brew"}]},{"@type":"WebSite","@id":"https:\/\/directcoffee.net\/fr\/#website","url":"https:\/\/directcoffee.net\/fr\/","name":"Direct Coffee","description":"Nachhaltiger Kaffee direkt vom Bauern in Deine Tasse","publisher":{"@id":"https:\/\/directcoffee.net\/fr\/#organization"},"potentialAction":[{"@type":"SearchAction","target":{"@type":"EntryPoint","urlTemplate":"https:\/\/directcoffee.net\/fr\/?s={search_term_string}"},"query-input":{"@type":"PropertyValueSpecification","valueRequired":true,"valueName":"search_term_string"}}],"inLanguage":"fr-FR"},{"@type":"Organization","@id":"https:\/\/directcoffee.net\/fr\/#organization","name":"Direct Coffee","url":"https:\/\/directcoffee.net\/fr\/","logo":{"@type":"ImageObject","inLanguage":"fr-FR","@id":"https:\/\/directcoffee.net\/fr\/#\/schema\/logo\/image\/","url":"https:\/\/directcoffee.net\/wp-content\/uploads\/2017\/08\/Direct-Coffee-brown-logo-no-background.png","contentUrl":"https:\/\/directcoffee.net\/wp-content\/uploads\/2017\/08\/Direct-Coffee-brown-logo-no-background.png","width":892,"height":904,"caption":"Direct Coffee"},"image":{"@id":"https:\/\/directcoffee.net\/fr\/#\/schema\/logo\/image\/"},"sameAs":["https:\/\/fb.com\/directcoffee.net","https:\/\/x.com\/DirectCoffeeCH","https:\/\/www.instagram.com\/direct_coffee\/","https:\/\/www.youtube.com\/channel\/UCOiDLRMnkMQKFHvQQ_Ju40w"]}]}},"_links":{"self":[{"href":"https:\/\/directcoffee.net\/fr\/wp-json\/wp\/v2\/product\/1804","targetHints":{"allow":["GET"]}}],"collection":[{"href":"https:\/\/directcoffee.net\/fr\/wp-json\/wp\/v2\/product"}],"about":[{"href":"https:\/\/directcoffee.net\/fr\/wp-json\/wp\/v2\/types\/product"}],"replies":[{"embeddable":true,"href":"https:\/\/directcoffee.net\/fr\/wp-json\/wp\/v2\/comments?post=1804"}],"wp:featuredmedia":[{"embeddable":true,"href":"https:\/\/directcoffee.net\/fr\/wp-json\/wp\/v2\/media\/1831"}],"wp:attachment":[{"href":"https:\/\/directcoffee.net\/fr\/wp-json\/wp\/v2\/media?parent=1804"}],"wp:term":[{"taxonomy":"product_brand","embeddable":true,"href":"https:\/\/directcoffee.net\/fr\/wp-json\/wp\/v2\/product_brand?post=1804"},{"taxonomy":"product_cat","embeddable":true,"href":"https:\/\/directcoffee.net\/fr\/wp-json\/wp\/v2\/product_cat?post=1804"},{"taxonomy":"product_tag","embeddable":true,"href":"https:\/\/directcoffee.net\/fr\/wp-json\/wp\/v2\/product_tag?post=1804"}],"curies":[{"name":"wp","href":"https:\/\/api.w.org\/{rel}","templated":true}]}}