{"id":1687,"date":"2017-09-06T13:30:17","date_gmt":"2017-08-25T13:12:30","guid":{"rendered":"https:\/\/directcoffee.net\/?post_type=product&#038;p=1687\/"},"modified":"2018-02-27T19:33:54","modified_gmt":"2018-02-27T18:33:54","slug":"cold-brew-pads-pour-infusion-a-froid","status":"publish","type":"product","link":"https:\/\/directcoffee.net\/fr\/produkt\/cold-brew-pads-pour-infusion-a-froid\/","title":{"rendered":"Cold Brew Pads"},"content":{"rendered":"<h5>Cold Brew &#8211; bien plus que du caf\u00e9 froid<\/h5>\n<p>Pour l&rsquo;infusion \u00e0 froid, il faut trois choses: de la bonne eau, un excellent caf\u00e9, et&#8230; beaucoup de patience. Car pour faire du Cold Brew, on ne fait pas bouillir le caf\u00e9 en traitement choc \u00e0 90\u00b0c, mais on extrait les ar\u00f4mes naturels doucement et lentement. Et des ar\u00f4mes, le caf\u00e9 en a plus qu&rsquo;un bon vin rouge!<\/p>\n<h5>Ton cold brew fait maison<\/h5>\n<p>Avec nos Cold Brew Pads, tu peux pr\u00e9parer ton propre cold brew facilement, tr\u00e8s facilement m\u00eame. Plus besoin de filtrer &amp; co, il suffit de plonger les Pads dans l&rsquo;eau froide, d&rsquo;attendre, d&rsquo;ajouter des gla\u00e7ons et de savourer !<\/p>\n<h5>Exp\u00e9rimenter en s&rsquo;amusant<\/h5>\n<p>Pure, on-the-rock ou avec de la glace pil\u00e9e, le cold brew est le rafra\u00eechissement parfait entre les repas et au travail. Il permet aussi de d\u00e9velopper de surprenants cocktails. Sur internet tu trouveras de nombreuses id\u00e9es cocktails comme le Peach &amp; Scotch Cold Brew Cocktail, le mix sirop de gingembre, tequila cold brew, ou encore des cocktails non alcoolis\u00e9s comme le classique Cold Brew Tonic. Et pendant que tu y es: un peu de Gin ajoute du piquant au tout. On le sait bien, la caf\u00e9ine rend cr\u00e9atif. Alors, c&rsquo;est parti, on se met au bar et on essaie !<\/p>\n<h5>Vraie durabilit\u00e9<\/h5>\n<p>Comme pour tous nos produits, le caf\u00e9 de vos capsules est <a href=\"https:\/\/directcoffee.net\/fr\/vraie-durabilite\/commerce-direct\/\">achet\u00e9 en commerce direct et \u00e9quitable<\/a>, il prot\u00e8ge <a href=\"https:\/\/directcoffee.net\/fr\/vraie-durabilite\/mieux-que-bio\/\">la biodiversit\u00e9 naturelle en Ethiopie<\/a> et soutient <a href=\"https:\/\/directcoffee.net\/fr\/vraie-durabilite\/projets-communautaires\/\">des projets sociaux<\/a> pour les enfants de caf\u00e9iculteurs.<\/p>\n","protected":false},"excerpt":{"rendered":"<p>Tu t&rsquo;es toujours demand\u00e9 pourquoi le caf\u00e9 n&rsquo;a pas vraiment aussi bon go\u00fbt que son odeur te le faisait esp\u00e9rer ? Le caf\u00e9 Cold Brew est la r\u00e9ponse. Pas d&rsquo;arri\u00e8re-go\u00fbt amer, acide ou sec &#8211; le cold brew c&rsquo;est rafra\u00eechissant, plus savoureux et plus sain que ses fr\u00e8res plus renomm\u00e9s, l&rsquo;expresso et le caf\u00e9 filtre.<\/p>\n<p>Avec nos Cold Brew Pads, tu pr\u00e9pares toi-m\u00eame ton r\u00e9veil-matin frais et aromatique chez toi \u00e0 la maison. Mets-les Pads dans un verre d&rsquo;eau froide, attends 12 heures, sors les pads, ajoute des gla\u00e7ons, et c&rsquo;est pr\u00eat \u00e0 \u00eatre savour\u00e9 !<\/p>\n<p>Un paquet contient 10 pads de caf\u00e9 fra\u00eechement torr\u00e9fi\u00e9.<\/p>\n","protected":false},"featured_media":1717,"comment_status":"open","ping_status":"closed","template":"","meta":[],"product_brand":[],"product_cat":[34,37,44],"product_tag":[],"class_list":{"0":"post-1687","1":"product","2":"type-product","3":"status-publish","4":"has-post-thumbnail","6":"product_cat-a-la-maison","7":"product_cat-cafe-en-abo","8":"product_cat-cold-brew-fr","10":"first","11":"outofstock","12":"taxable","13":"shipping-taxable","14":"purchasable","15":"product-type-simple"},"yoast_head":"<!-- This site is optimized with the Yoast SEO plugin v27.4 - https:\/\/yoast.com\/product\/yoast-seo-wordpress\/ -->\n<title>Cold Brew Pads \u00e0 infuser soi-m\u00eame : Bien plus que du caf\u00e9 froid<\/title>\n<meta name=\"description\" content=\"Avec nos Cold Brew Pads, tu pr\u00e9pares chez toi ton r\u00e9veil-matin frais et aromatique.\u00a0Un Pad dans un verre, attends quelques heures, sors le Pad, et savoure !\" \/>\n<meta name=\"robots\" content=\"index, follow, max-snippet:-1, max-image-preview:large, max-video-preview:-1\" \/>\n<link rel=\"canonical\" href=\"https:\/\/directcoffee.net\/fr\/produkt\/cold-brew-pads-pour-infusion-a-froid\/\" \/>\n<meta property=\"og:locale\" content=\"fr_FR\" \/>\n<meta property=\"og:type\" content=\"article\" \/>\n<meta property=\"og:title\" content=\"Cold Brew Pads \u00e0 infuser soi-m\u00eame : Bien plus que du caf\u00e9 froid\" \/>\n<meta property=\"og:description\" content=\"Avec nos Cold Brew Pads, tu pr\u00e9pares chez toi ton r\u00e9veil-matin frais et aromatique.\u00a0Un Pad dans un verre, attends quelques heures, sors le Pad, et savoure !\" \/>\n<meta property=\"og:url\" content=\"https:\/\/directcoffee.net\/fr\/produkt\/cold-brew-pads-pour-infusion-a-froid\/\" \/>\n<meta property=\"og:site_name\" content=\"Direct Coffee\" \/>\n<meta property=\"article:publisher\" content=\"https:\/\/fb.com\/directcoffee.net\" \/>\n<meta property=\"article:modified_time\" content=\"2018-02-27T18:33:54+00:00\" \/>\n<meta property=\"og:image\" content=\"https:\/\/directcoffee.net\/wp-content\/uploads\/2017\/08\/Cold-Brew-Pads-2.png\" \/>\n\t<meta property=\"og:image:width\" content=\"400\" \/>\n\t<meta property=\"og:image:height\" content=\"300\" \/>\n\t<meta property=\"og:image:type\" content=\"image\/png\" \/>\n<meta name=\"twitter:card\" content=\"summary_large_image\" \/>\n<meta name=\"twitter:site\" content=\"@DirectCoffeeCH\" \/>\n<meta name=\"twitter:label1\" content=\"Dur\u00e9e de lecture estim\u00e9e\" \/>\n\t<meta name=\"twitter:data1\" content=\"1 minute\" \/>\n<script type=\"application\/ld+json\" class=\"yoast-schema-graph\">{\"@context\":\"https:\\\/\\\/schema.org\",\"@graph\":[{\"@type\":\"WebPage\",\"@id\":\"https:\\\/\\\/directcoffee.net\\\/fr\\\/produkt\\\/cold-brew-pads-pour-infusion-a-froid\\\/\",\"url\":\"https:\\\/\\\/directcoffee.net\\\/fr\\\/produkt\\\/cold-brew-pads-pour-infusion-a-froid\\\/\",\"name\":\"Cold Brew Pads \u00e0 infuser soi-m\u00eame : Bien plus que du caf\u00e9 froid\",\"isPartOf\":{\"@id\":\"https:\\\/\\\/directcoffee.net\\\/fr\\\/#website\"},\"primaryImageOfPage\":{\"@id\":\"https:\\\/\\\/directcoffee.net\\\/fr\\\/produkt\\\/cold-brew-pads-pour-infusion-a-froid\\\/#primaryimage\"},\"image\":{\"@id\":\"https:\\\/\\\/directcoffee.net\\\/fr\\\/produkt\\\/cold-brew-pads-pour-infusion-a-froid\\\/#primaryimage\"},\"thumbnailUrl\":\"https:\\\/\\\/directcoffee.net\\\/wp-content\\\/uploads\\\/2017\\\/08\\\/Cold-Brew-Pads-2.png\",\"datePublished\":\"2017-08-25T13:12:30+00:00\",\"dateModified\":\"2018-02-27T18:33:54+00:00\",\"description\":\"Avec nos Cold Brew Pads, tu pr\u00e9pares chez toi ton r\u00e9veil-matin frais et aromatique.\u00a0Un Pad dans un verre, attends quelques heures, sors le Pad, et savoure !\",\"breadcrumb\":{\"@id\":\"https:\\\/\\\/directcoffee.net\\\/fr\\\/produkt\\\/cold-brew-pads-pour-infusion-a-froid\\\/#breadcrumb\"},\"inLanguage\":\"fr-FR\",\"potentialAction\":[{\"@type\":\"ReadAction\",\"target\":[\"https:\\\/\\\/directcoffee.net\\\/fr\\\/produkt\\\/cold-brew-pads-pour-infusion-a-froid\\\/\"]}]},{\"@type\":\"ImageObject\",\"inLanguage\":\"fr-FR\",\"@id\":\"https:\\\/\\\/directcoffee.net\\\/fr\\\/produkt\\\/cold-brew-pads-pour-infusion-a-froid\\\/#primaryimage\",\"url\":\"https:\\\/\\\/directcoffee.net\\\/wp-content\\\/uploads\\\/2017\\\/08\\\/Cold-Brew-Pads-2.png\",\"contentUrl\":\"https:\\\/\\\/directcoffee.net\\\/wp-content\\\/uploads\\\/2017\\\/08\\\/Cold-Brew-Pads-2.png\",\"width\":400,\"height\":300,\"caption\":\"Cold Brew Pads\"},{\"@type\":\"BreadcrumbList\",\"@id\":\"https:\\\/\\\/directcoffee.net\\\/fr\\\/produkt\\\/cold-brew-pads-pour-infusion-a-froid\\\/#breadcrumb\",\"itemListElement\":[{\"@type\":\"ListItem\",\"position\":1,\"name\":\"Home\",\"item\":\"https:\\\/\\\/directcoffee.net\\\/fr\\\/\"},{\"@type\":\"ListItem\",\"position\":2,\"name\":\"Shop\",\"item\":\"https:\\\/\\\/directcoffee.net\\\/shop\\\/\"},{\"@type\":\"ListItem\",\"position\":3,\"name\":\"Cold Brew Pads\"}]},{\"@type\":\"WebSite\",\"@id\":\"https:\\\/\\\/directcoffee.net\\\/fr\\\/#website\",\"url\":\"https:\\\/\\\/directcoffee.net\\\/fr\\\/\",\"name\":\"Direct Coffee\",\"description\":\"Nachhaltiger Kaffee direkt vom Bauern in Deine Tasse\",\"publisher\":{\"@id\":\"https:\\\/\\\/directcoffee.net\\\/fr\\\/#organization\"},\"potentialAction\":[{\"@type\":\"SearchAction\",\"target\":{\"@type\":\"EntryPoint\",\"urlTemplate\":\"https:\\\/\\\/directcoffee.net\\\/fr\\\/?s={search_term_string}\"},\"query-input\":{\"@type\":\"PropertyValueSpecification\",\"valueRequired\":true,\"valueName\":\"search_term_string\"}}],\"inLanguage\":\"fr-FR\"},{\"@type\":\"Organization\",\"@id\":\"https:\\\/\\\/directcoffee.net\\\/fr\\\/#organization\",\"name\":\"Direct Coffee\",\"url\":\"https:\\\/\\\/directcoffee.net\\\/fr\\\/\",\"logo\":{\"@type\":\"ImageObject\",\"inLanguage\":\"fr-FR\",\"@id\":\"https:\\\/\\\/directcoffee.net\\\/fr\\\/#\\\/schema\\\/logo\\\/image\\\/\",\"url\":\"https:\\\/\\\/directcoffee.net\\\/wp-content\\\/uploads\\\/2017\\\/08\\\/Direct-Coffee-brown-logo-no-background.png\",\"contentUrl\":\"https:\\\/\\\/directcoffee.net\\\/wp-content\\\/uploads\\\/2017\\\/08\\\/Direct-Coffee-brown-logo-no-background.png\",\"width\":892,\"height\":904,\"caption\":\"Direct Coffee\"},\"image\":{\"@id\":\"https:\\\/\\\/directcoffee.net\\\/fr\\\/#\\\/schema\\\/logo\\\/image\\\/\"},\"sameAs\":[\"https:\\\/\\\/fb.com\\\/directcoffee.net\",\"https:\\\/\\\/x.com\\\/DirectCoffeeCH\",\"https:\\\/\\\/www.instagram.com\\\/direct_coffee\\\/\",\"https:\\\/\\\/www.youtube.com\\\/channel\\\/UCOiDLRMnkMQKFHvQQ_Ju40w\"]}]}<\/script>\n<!-- \/ Yoast SEO plugin. -->","yoast_head_json":{"title":"Cold Brew Pads \u00e0 infuser soi-m\u00eame : Bien plus que du caf\u00e9 froid","description":"Avec nos Cold Brew Pads, tu pr\u00e9pares chez toi ton r\u00e9veil-matin frais et aromatique.\u00a0Un Pad dans un verre, attends quelques heures, sors le Pad, et savoure !","robots":{"index":"index","follow":"follow","max-snippet":"max-snippet:-1","max-image-preview":"max-image-preview:large","max-video-preview":"max-video-preview:-1"},"canonical":"https:\/\/directcoffee.net\/fr\/produkt\/cold-brew-pads-pour-infusion-a-froid\/","og_locale":"fr_FR","og_type":"article","og_title":"Cold Brew Pads \u00e0 infuser soi-m\u00eame : Bien plus que du caf\u00e9 froid","og_description":"Avec nos Cold Brew Pads, tu pr\u00e9pares chez toi ton r\u00e9veil-matin frais et aromatique.\u00a0Un Pad dans un verre, attends quelques heures, sors le Pad, et savoure !","og_url":"https:\/\/directcoffee.net\/fr\/produkt\/cold-brew-pads-pour-infusion-a-froid\/","og_site_name":"Direct Coffee","article_publisher":"https:\/\/fb.com\/directcoffee.net","article_modified_time":"2018-02-27T18:33:54+00:00","og_image":[{"width":400,"height":300,"url":"https:\/\/directcoffee.net\/wp-content\/uploads\/2017\/08\/Cold-Brew-Pads-2.png","type":"image\/png"}],"twitter_card":"summary_large_image","twitter_site":"@DirectCoffeeCH","twitter_misc":{"Dur\u00e9e de lecture estim\u00e9e":"1 minute"},"schema":{"@context":"https:\/\/schema.org","@graph":[{"@type":"WebPage","@id":"https:\/\/directcoffee.net\/fr\/produkt\/cold-brew-pads-pour-infusion-a-froid\/","url":"https:\/\/directcoffee.net\/fr\/produkt\/cold-brew-pads-pour-infusion-a-froid\/","name":"Cold Brew Pads \u00e0 infuser soi-m\u00eame : Bien plus que du caf\u00e9 froid","isPartOf":{"@id":"https:\/\/directcoffee.net\/fr\/#website"},"primaryImageOfPage":{"@id":"https:\/\/directcoffee.net\/fr\/produkt\/cold-brew-pads-pour-infusion-a-froid\/#primaryimage"},"image":{"@id":"https:\/\/directcoffee.net\/fr\/produkt\/cold-brew-pads-pour-infusion-a-froid\/#primaryimage"},"thumbnailUrl":"https:\/\/directcoffee.net\/wp-content\/uploads\/2017\/08\/Cold-Brew-Pads-2.png","datePublished":"2017-08-25T13:12:30+00:00","dateModified":"2018-02-27T18:33:54+00:00","description":"Avec nos Cold Brew Pads, tu pr\u00e9pares chez toi ton r\u00e9veil-matin frais et aromatique.\u00a0Un Pad dans un verre, attends quelques heures, sors le Pad, et savoure !","breadcrumb":{"@id":"https:\/\/directcoffee.net\/fr\/produkt\/cold-brew-pads-pour-infusion-a-froid\/#breadcrumb"},"inLanguage":"fr-FR","potentialAction":[{"@type":"ReadAction","target":["https:\/\/directcoffee.net\/fr\/produkt\/cold-brew-pads-pour-infusion-a-froid\/"]}]},{"@type":"ImageObject","inLanguage":"fr-FR","@id":"https:\/\/directcoffee.net\/fr\/produkt\/cold-brew-pads-pour-infusion-a-froid\/#primaryimage","url":"https:\/\/directcoffee.net\/wp-content\/uploads\/2017\/08\/Cold-Brew-Pads-2.png","contentUrl":"https:\/\/directcoffee.net\/wp-content\/uploads\/2017\/08\/Cold-Brew-Pads-2.png","width":400,"height":300,"caption":"Cold Brew Pads"},{"@type":"BreadcrumbList","@id":"https:\/\/directcoffee.net\/fr\/produkt\/cold-brew-pads-pour-infusion-a-froid\/#breadcrumb","itemListElement":[{"@type":"ListItem","position":1,"name":"Home","item":"https:\/\/directcoffee.net\/fr\/"},{"@type":"ListItem","position":2,"name":"Shop","item":"https:\/\/directcoffee.net\/shop\/"},{"@type":"ListItem","position":3,"name":"Cold Brew Pads"}]},{"@type":"WebSite","@id":"https:\/\/directcoffee.net\/fr\/#website","url":"https:\/\/directcoffee.net\/fr\/","name":"Direct Coffee","description":"Nachhaltiger Kaffee direkt vom Bauern in Deine Tasse","publisher":{"@id":"https:\/\/directcoffee.net\/fr\/#organization"},"potentialAction":[{"@type":"SearchAction","target":{"@type":"EntryPoint","urlTemplate":"https:\/\/directcoffee.net\/fr\/?s={search_term_string}"},"query-input":{"@type":"PropertyValueSpecification","valueRequired":true,"valueName":"search_term_string"}}],"inLanguage":"fr-FR"},{"@type":"Organization","@id":"https:\/\/directcoffee.net\/fr\/#organization","name":"Direct Coffee","url":"https:\/\/directcoffee.net\/fr\/","logo":{"@type":"ImageObject","inLanguage":"fr-FR","@id":"https:\/\/directcoffee.net\/fr\/#\/schema\/logo\/image\/","url":"https:\/\/directcoffee.net\/wp-content\/uploads\/2017\/08\/Direct-Coffee-brown-logo-no-background.png","contentUrl":"https:\/\/directcoffee.net\/wp-content\/uploads\/2017\/08\/Direct-Coffee-brown-logo-no-background.png","width":892,"height":904,"caption":"Direct Coffee"},"image":{"@id":"https:\/\/directcoffee.net\/fr\/#\/schema\/logo\/image\/"},"sameAs":["https:\/\/fb.com\/directcoffee.net","https:\/\/x.com\/DirectCoffeeCH","https:\/\/www.instagram.com\/direct_coffee\/","https:\/\/www.youtube.com\/channel\/UCOiDLRMnkMQKFHvQQ_Ju40w"]}]}},"_links":{"self":[{"href":"https:\/\/directcoffee.net\/fr\/wp-json\/wp\/v2\/product\/1687","targetHints":{"allow":["GET"]}}],"collection":[{"href":"https:\/\/directcoffee.net\/fr\/wp-json\/wp\/v2\/product"}],"about":[{"href":"https:\/\/directcoffee.net\/fr\/wp-json\/wp\/v2\/types\/product"}],"replies":[{"embeddable":true,"href":"https:\/\/directcoffee.net\/fr\/wp-json\/wp\/v2\/comments?post=1687"}],"wp:featuredmedia":[{"embeddable":true,"href":"https:\/\/directcoffee.net\/fr\/wp-json\/wp\/v2\/media\/1717"}],"wp:attachment":[{"href":"https:\/\/directcoffee.net\/fr\/wp-json\/wp\/v2\/media?parent=1687"}],"wp:term":[{"taxonomy":"product_brand","embeddable":true,"href":"https:\/\/directcoffee.net\/fr\/wp-json\/wp\/v2\/product_brand?post=1687"},{"taxonomy":"product_cat","embeddable":true,"href":"https:\/\/directcoffee.net\/fr\/wp-json\/wp\/v2\/product_cat?post=1687"},{"taxonomy":"product_tag","embeddable":true,"href":"https:\/\/directcoffee.net\/fr\/wp-json\/wp\/v2\/product_tag?post=1687"}],"curies":[{"name":"wp","href":"https:\/\/api.w.org\/{rel}","templated":true}]}}