{"id":1341,"date":"2017-09-06T16:00:54","date_gmt":"2017-08-25T12:51:10","guid":{"rendered":"https:\/\/directcoffee.net\/?post_type=product&#038;p=1341\/"},"modified":"2025-02-16T15:07:03","modified_gmt":"2025-02-16T14:07:03","slug":"tenikara-expresso-forte-grain","status":"publish","type":"product","link":"https:\/\/directcoffee.net\/fr\/produkt\/tenikara-expresso-forte-grain\/","title":{"rendered":"T&rsquo;enikara Expresso Forte en grain"},"content":{"rendered":"<h5>Bien torr\u00e9fi\u00e9<\/h5>\n<p>Lorsque les grains de caf\u00e9 arrivent chez nous, ils sont de couleur beige-vert et sentent un peu le foin. Aussi extraordinaire que soit le profil aromatique de ces grains, ils n&rsquo;ont de go\u00fbt que lorsqu&rsquo;ils sont grill\u00e9s! En effet, c&rsquo;est le processus de torr\u00e9faction qui donne vie aux ar\u00f4mes. Un bon ma\u00eetre torr\u00e9facteur cherche donc l&rsquo;\u00e9quilibre parfait entre les saveurs naturelles du caf\u00e9 et les ar\u00f4mes de torr\u00e9faction qui font partie du go\u00fbt du caf\u00e9 tel que nous le connaissons. Les m\u00e9langes d&rsquo;Arabica et de Robusta tels que notre T&rsquo;enikara se pr\u00eatent particuli\u00e8rement aux torr\u00e9factions expresso fonc\u00e9. Dans un torr\u00e9facteur traditionnel \u00e0 tambour, notre artisan-torr\u00e9facteur Philippe fait r\u00f4tir les f\u00e8ves \u00e0 une temp\u00e9rature maximale de 200\u00b0C pendant environ 18 minutes, c&rsquo;est tr\u00e8s diff\u00e9rent du processus de torr\u00e9faction-choc industriel, o\u00f9 les f\u00e8ves sont \u00ab\u00a0br\u00fbl\u00e9es\u00a0\u00bb \u00e0 500\u00b0C pendant seulement 90 secondes. Bien pour r\u00e9duire les co\u00fbts et augmenter les capacit\u00e9s, mais terribles pour le go\u00fbt !<\/p>\n<h5>Vraie durabilit\u00e9<\/h5>\n<p>Comme pour tous nos produits, le caf\u00e9 de vos capsules est <a href=\"https:\/\/directcoffee.net\/fr\/vraie-durabilite\/commerce-direct\/\">achet\u00e9 en commerce direct et \u00e9quitable<\/a>, il prot\u00e8ge <a href=\"https:\/\/directcoffee.net\/echte-nachhaltigkeit\/mehr-als-bio\/\">la biodiversit\u00e9 naturelle en Ethiopie<\/a> et soutient <a href=\"https:\/\/directcoffee.net\/fr\/vraie-durabilite\/projets-communautaires\/\">des projets sociaux<\/a> pour les enfants de caf\u00e9iculteurs.<\/p>\n","protected":false},"excerpt":{"rendered":"<h5>Puissant et complexe, comme en Italie<\/h5>\n<p>Nous avons d\u00e9velopp\u00e9 notre T&rsquo;enikara Expresso Forte pour tous ceux qui aiment leur caf\u00e9 fort et amer, comme en Italie. Ses ar\u00f4mes rappellent le chocolat noir fonc\u00e9. Id\u00e9al pour la machine \u00e0 Expresso porte-filtre, la machine automatique ou la cafeti\u00e8re italienne Bialetti. En plus de notre arabica des petits agriculteurs de la coop\u00e9rative Qottaa dans les for\u00eats montagneuses \u00e9thiopiennes, nous y avons ajout\u00e9 un tiers de Robusta. Cela donne plus de corps au caf\u00e9 ainsi qu&rsquo;une cr\u00e8me particuli\u00e8rement belle &#8211; et il se pr\u00eate aussi aux caf\u00e9s au lait.<\/p>\n<p>Un paquet contient 350 g de caf\u00e9 fra\u00eechement torr\u00e9fi\u00e9.<\/p>\n","protected":false},"featured_media":1410,"comment_status":"open","ping_status":"closed","template":"","meta":[],"product_brand":[],"product_cat":[34,37,39],"product_tag":[],"class_list":{"0":"post-1341","1":"product","2":"type-product","3":"status-publish","4":"has-post-thumbnail","6":"product_cat-a-la-maison","7":"product_cat-cafe-en-abo","8":"product_cat-grain","10":"first","11":"instock","12":"taxable","13":"shipping-taxable","14":"purchasable","15":"product-type-variable-subscription","16":"has-default-attributes"},"yoast_head":"<!-- This site is optimized with the Yoast SEO plugin v27.5 - https:\/\/yoast.com\/product\/yoast-seo-wordpress\/ -->\n<title>T&#039;enikara Expresso Forte en grain pour expresso ou ristretto avec crema<\/title>\n<meta name=\"description\" content=\"Notre caf\u00e9 est achet\u00e9 en commerce direct et \u00e9quitable, il prot\u00e8ge la biodiversit\u00e9 naturelle en Ethiopie et soutient des projets sociaux pour les enfants des caf\u00e9iculteurs\" \/>\n<meta name=\"robots\" content=\"index, follow, max-snippet:-1, max-image-preview:large, max-video-preview:-1\" \/>\n<link rel=\"canonical\" href=\"https:\/\/directcoffee.net\/fr\/produkt\/tenikara-expresso-forte-grain\/\" \/>\n<meta property=\"og:locale\" content=\"fr_FR\" \/>\n<meta property=\"og:type\" content=\"article\" \/>\n<meta property=\"og:title\" content=\"T&#039;enikara Expresso Forte en grain pour expresso ou ristretto avec crema\" \/>\n<meta property=\"og:description\" content=\"Notre caf\u00e9 est achet\u00e9 en commerce direct et \u00e9quitable, il prot\u00e8ge la biodiversit\u00e9 naturelle en Ethiopie et soutient des projets sociaux pour les enfants des caf\u00e9iculteurs\" \/>\n<meta property=\"og:url\" content=\"https:\/\/directcoffee.net\/fr\/produkt\/tenikara-expresso-forte-grain\/\" \/>\n<meta property=\"og:site_name\" content=\"Direct Coffee\" \/>\n<meta property=\"article:publisher\" content=\"https:\/\/fb.com\/directcoffee.net\" \/>\n<meta property=\"article:modified_time\" content=\"2025-02-16T14:07:03+00:00\" \/>\n<meta property=\"og:image\" content=\"https:\/\/directcoffee.net\/wp-content\/uploads\/2017\/08\/Tenikara-Bohnen-1.png\" \/>\n\t<meta property=\"og:image:width\" content=\"400\" \/>\n\t<meta property=\"og:image:height\" content=\"300\" \/>\n\t<meta property=\"og:image:type\" content=\"image\/png\" \/>\n<meta name=\"twitter:card\" content=\"summary_large_image\" \/>\n<meta name=\"twitter:site\" content=\"@DirectCoffeeCH\" \/>\n<meta name=\"twitter:label1\" content=\"Dur\u00e9e de lecture estim\u00e9e\" \/>\n\t<meta name=\"twitter:data1\" content=\"1 minute\" \/>\n<script type=\"application\/ld+json\" class=\"yoast-schema-graph\">{\"@context\":\"https:\\\/\\\/schema.org\",\"@graph\":[{\"@type\":\"WebPage\",\"@id\":\"https:\\\/\\\/directcoffee.net\\\/fr\\\/produkt\\\/tenikara-expresso-forte-grain\\\/\",\"url\":\"https:\\\/\\\/directcoffee.net\\\/fr\\\/produkt\\\/tenikara-expresso-forte-grain\\\/\",\"name\":\"T'enikara Expresso Forte en grain pour expresso ou ristretto avec crema\",\"isPartOf\":{\"@id\":\"https:\\\/\\\/directcoffee.net\\\/fr\\\/#website\"},\"primaryImageOfPage\":{\"@id\":\"https:\\\/\\\/directcoffee.net\\\/fr\\\/produkt\\\/tenikara-expresso-forte-grain\\\/#primaryimage\"},\"image\":{\"@id\":\"https:\\\/\\\/directcoffee.net\\\/fr\\\/produkt\\\/tenikara-expresso-forte-grain\\\/#primaryimage\"},\"thumbnailUrl\":\"https:\\\/\\\/directcoffee.net\\\/wp-content\\\/uploads\\\/2017\\\/08\\\/Tenikara-Bohnen-1.png\",\"datePublished\":\"2017-08-25T12:51:10+00:00\",\"dateModified\":\"2025-02-16T14:07:03+00:00\",\"description\":\"Notre caf\u00e9 est achet\u00e9 en commerce direct et \u00e9quitable, il prot\u00e8ge la biodiversit\u00e9 naturelle en Ethiopie et soutient des projets sociaux pour les enfants des caf\u00e9iculteurs\",\"breadcrumb\":{\"@id\":\"https:\\\/\\\/directcoffee.net\\\/fr\\\/produkt\\\/tenikara-expresso-forte-grain\\\/#breadcrumb\"},\"inLanguage\":\"fr-FR\",\"potentialAction\":[{\"@type\":\"ReadAction\",\"target\":[\"https:\\\/\\\/directcoffee.net\\\/fr\\\/produkt\\\/tenikara-expresso-forte-grain\\\/\"]}]},{\"@type\":\"ImageObject\",\"inLanguage\":\"fr-FR\",\"@id\":\"https:\\\/\\\/directcoffee.net\\\/fr\\\/produkt\\\/tenikara-expresso-forte-grain\\\/#primaryimage\",\"url\":\"https:\\\/\\\/directcoffee.net\\\/wp-content\\\/uploads\\\/2017\\\/08\\\/Tenikara-Bohnen-1.png\",\"contentUrl\":\"https:\\\/\\\/directcoffee.net\\\/wp-content\\\/uploads\\\/2017\\\/08\\\/Tenikara-Bohnen-1.png\",\"width\":400,\"height\":300,\"caption\":\"Tenikara Expresso Forte Grain\"},{\"@type\":\"BreadcrumbList\",\"@id\":\"https:\\\/\\\/directcoffee.net\\\/fr\\\/produkt\\\/tenikara-expresso-forte-grain\\\/#breadcrumb\",\"itemListElement\":[{\"@type\":\"ListItem\",\"position\":1,\"name\":\"Home\",\"item\":\"https:\\\/\\\/directcoffee.net\\\/fr\\\/\"},{\"@type\":\"ListItem\",\"position\":2,\"name\":\"Shop\",\"item\":\"https:\\\/\\\/directcoffee.net\\\/shop\\\/\"},{\"@type\":\"ListItem\",\"position\":3,\"name\":\"T&rsquo;enikara Expresso Forte en grain\"}]},{\"@type\":\"WebSite\",\"@id\":\"https:\\\/\\\/directcoffee.net\\\/fr\\\/#website\",\"url\":\"https:\\\/\\\/directcoffee.net\\\/fr\\\/\",\"name\":\"Direct Coffee\",\"description\":\"Nachhaltiger Kaffee direkt vom Bauern in Deine Tasse\",\"publisher\":{\"@id\":\"https:\\\/\\\/directcoffee.net\\\/fr\\\/#organization\"},\"potentialAction\":[{\"@type\":\"SearchAction\",\"target\":{\"@type\":\"EntryPoint\",\"urlTemplate\":\"https:\\\/\\\/directcoffee.net\\\/fr\\\/?s={search_term_string}\"},\"query-input\":{\"@type\":\"PropertyValueSpecification\",\"valueRequired\":true,\"valueName\":\"search_term_string\"}}],\"inLanguage\":\"fr-FR\"},{\"@type\":\"Organization\",\"@id\":\"https:\\\/\\\/directcoffee.net\\\/fr\\\/#organization\",\"name\":\"Direct Coffee\",\"url\":\"https:\\\/\\\/directcoffee.net\\\/fr\\\/\",\"logo\":{\"@type\":\"ImageObject\",\"inLanguage\":\"fr-FR\",\"@id\":\"https:\\\/\\\/directcoffee.net\\\/fr\\\/#\\\/schema\\\/logo\\\/image\\\/\",\"url\":\"https:\\\/\\\/directcoffee.net\\\/wp-content\\\/uploads\\\/2017\\\/08\\\/Direct-Coffee-brown-logo-no-background.png\",\"contentUrl\":\"https:\\\/\\\/directcoffee.net\\\/wp-content\\\/uploads\\\/2017\\\/08\\\/Direct-Coffee-brown-logo-no-background.png\",\"width\":892,\"height\":904,\"caption\":\"Direct Coffee\"},\"image\":{\"@id\":\"https:\\\/\\\/directcoffee.net\\\/fr\\\/#\\\/schema\\\/logo\\\/image\\\/\"},\"sameAs\":[\"https:\\\/\\\/fb.com\\\/directcoffee.net\",\"https:\\\/\\\/x.com\\\/DirectCoffeeCH\",\"https:\\\/\\\/www.instagram.com\\\/direct_coffee\\\/\",\"https:\\\/\\\/www.youtube.com\\\/channel\\\/UCOiDLRMnkMQKFHvQQ_Ju40w\"]}]}<\/script>\n<!-- \/ Yoast SEO plugin. -->","yoast_head_json":{"title":"T'enikara Expresso Forte en grain pour expresso ou ristretto avec crema","description":"Notre caf\u00e9 est achet\u00e9 en commerce direct et \u00e9quitable, il prot\u00e8ge la biodiversit\u00e9 naturelle en Ethiopie et soutient des projets sociaux pour les enfants des caf\u00e9iculteurs","robots":{"index":"index","follow":"follow","max-snippet":"max-snippet:-1","max-image-preview":"max-image-preview:large","max-video-preview":"max-video-preview:-1"},"canonical":"https:\/\/directcoffee.net\/fr\/produkt\/tenikara-expresso-forte-grain\/","og_locale":"fr_FR","og_type":"article","og_title":"T'enikara Expresso Forte en grain pour expresso ou ristretto avec crema","og_description":"Notre caf\u00e9 est achet\u00e9 en commerce direct et \u00e9quitable, il prot\u00e8ge la biodiversit\u00e9 naturelle en Ethiopie et soutient des projets sociaux pour les enfants des caf\u00e9iculteurs","og_url":"https:\/\/directcoffee.net\/fr\/produkt\/tenikara-expresso-forte-grain\/","og_site_name":"Direct Coffee","article_publisher":"https:\/\/fb.com\/directcoffee.net","article_modified_time":"2025-02-16T14:07:03+00:00","og_image":[{"width":400,"height":300,"url":"https:\/\/directcoffee.net\/wp-content\/uploads\/2017\/08\/Tenikara-Bohnen-1.png","type":"image\/png"}],"twitter_card":"summary_large_image","twitter_site":"@DirectCoffeeCH","twitter_misc":{"Dur\u00e9e de lecture estim\u00e9e":"1 minute"},"schema":{"@context":"https:\/\/schema.org","@graph":[{"@type":"WebPage","@id":"https:\/\/directcoffee.net\/fr\/produkt\/tenikara-expresso-forte-grain\/","url":"https:\/\/directcoffee.net\/fr\/produkt\/tenikara-expresso-forte-grain\/","name":"T'enikara Expresso Forte en grain pour expresso ou ristretto avec crema","isPartOf":{"@id":"https:\/\/directcoffee.net\/fr\/#website"},"primaryImageOfPage":{"@id":"https:\/\/directcoffee.net\/fr\/produkt\/tenikara-expresso-forte-grain\/#primaryimage"},"image":{"@id":"https:\/\/directcoffee.net\/fr\/produkt\/tenikara-expresso-forte-grain\/#primaryimage"},"thumbnailUrl":"https:\/\/directcoffee.net\/wp-content\/uploads\/2017\/08\/Tenikara-Bohnen-1.png","datePublished":"2017-08-25T12:51:10+00:00","dateModified":"2025-02-16T14:07:03+00:00","description":"Notre caf\u00e9 est achet\u00e9 en commerce direct et \u00e9quitable, il prot\u00e8ge la biodiversit\u00e9 naturelle en Ethiopie et soutient des projets sociaux pour les enfants des caf\u00e9iculteurs","breadcrumb":{"@id":"https:\/\/directcoffee.net\/fr\/produkt\/tenikara-expresso-forte-grain\/#breadcrumb"},"inLanguage":"fr-FR","potentialAction":[{"@type":"ReadAction","target":["https:\/\/directcoffee.net\/fr\/produkt\/tenikara-expresso-forte-grain\/"]}]},{"@type":"ImageObject","inLanguage":"fr-FR","@id":"https:\/\/directcoffee.net\/fr\/produkt\/tenikara-expresso-forte-grain\/#primaryimage","url":"https:\/\/directcoffee.net\/wp-content\/uploads\/2017\/08\/Tenikara-Bohnen-1.png","contentUrl":"https:\/\/directcoffee.net\/wp-content\/uploads\/2017\/08\/Tenikara-Bohnen-1.png","width":400,"height":300,"caption":"Tenikara Expresso Forte Grain"},{"@type":"BreadcrumbList","@id":"https:\/\/directcoffee.net\/fr\/produkt\/tenikara-expresso-forte-grain\/#breadcrumb","itemListElement":[{"@type":"ListItem","position":1,"name":"Home","item":"https:\/\/directcoffee.net\/fr\/"},{"@type":"ListItem","position":2,"name":"Shop","item":"https:\/\/directcoffee.net\/shop\/"},{"@type":"ListItem","position":3,"name":"T&rsquo;enikara Expresso Forte en grain"}]},{"@type":"WebSite","@id":"https:\/\/directcoffee.net\/fr\/#website","url":"https:\/\/directcoffee.net\/fr\/","name":"Direct Coffee","description":"Nachhaltiger Kaffee direkt vom Bauern in Deine Tasse","publisher":{"@id":"https:\/\/directcoffee.net\/fr\/#organization"},"potentialAction":[{"@type":"SearchAction","target":{"@type":"EntryPoint","urlTemplate":"https:\/\/directcoffee.net\/fr\/?s={search_term_string}"},"query-input":{"@type":"PropertyValueSpecification","valueRequired":true,"valueName":"search_term_string"}}],"inLanguage":"fr-FR"},{"@type":"Organization","@id":"https:\/\/directcoffee.net\/fr\/#organization","name":"Direct Coffee","url":"https:\/\/directcoffee.net\/fr\/","logo":{"@type":"ImageObject","inLanguage":"fr-FR","@id":"https:\/\/directcoffee.net\/fr\/#\/schema\/logo\/image\/","url":"https:\/\/directcoffee.net\/wp-content\/uploads\/2017\/08\/Direct-Coffee-brown-logo-no-background.png","contentUrl":"https:\/\/directcoffee.net\/wp-content\/uploads\/2017\/08\/Direct-Coffee-brown-logo-no-background.png","width":892,"height":904,"caption":"Direct Coffee"},"image":{"@id":"https:\/\/directcoffee.net\/fr\/#\/schema\/logo\/image\/"},"sameAs":["https:\/\/fb.com\/directcoffee.net","https:\/\/x.com\/DirectCoffeeCH","https:\/\/www.instagram.com\/direct_coffee\/","https:\/\/www.youtube.com\/channel\/UCOiDLRMnkMQKFHvQQ_Ju40w"]}]}},"_links":{"self":[{"href":"https:\/\/directcoffee.net\/fr\/wp-json\/wp\/v2\/product\/1341","targetHints":{"allow":["GET"]}}],"collection":[{"href":"https:\/\/directcoffee.net\/fr\/wp-json\/wp\/v2\/product"}],"about":[{"href":"https:\/\/directcoffee.net\/fr\/wp-json\/wp\/v2\/types\/product"}],"replies":[{"embeddable":true,"href":"https:\/\/directcoffee.net\/fr\/wp-json\/wp\/v2\/comments?post=1341"}],"wp:featuredmedia":[{"embeddable":true,"href":"https:\/\/directcoffee.net\/fr\/wp-json\/wp\/v2\/media\/1410"}],"wp:attachment":[{"href":"https:\/\/directcoffee.net\/fr\/wp-json\/wp\/v2\/media?parent=1341"}],"wp:term":[{"taxonomy":"product_brand","embeddable":true,"href":"https:\/\/directcoffee.net\/fr\/wp-json\/wp\/v2\/product_brand?post=1341"},{"taxonomy":"product_cat","embeddable":true,"href":"https:\/\/directcoffee.net\/fr\/wp-json\/wp\/v2\/product_cat?post=1341"},{"taxonomy":"product_tag","embeddable":true,"href":"https:\/\/directcoffee.net\/fr\/wp-json\/wp\/v2\/product_tag?post=1341"}],"curies":[{"name":"wp","href":"https:\/\/api.w.org\/{rel}","templated":true}]}}