{"id":1119,"date":"2017-09-06T15:00:33","date_gmt":"2017-08-25T12:33:42","guid":{"rendered":"https:\/\/directcoffee.net\/?post_type=product&#038;p=1119\/"},"modified":"2024-07-07T14:03:18","modified_gmt":"2024-07-07T12:03:18","slug":"lesilasa-torrefaction-moyenne-grain","status":"publish","type":"product","link":"https:\/\/directcoffee.net\/fr\/produkt\/lesilasa-torrefaction-moyenne-grain\/","title":{"rendered":"Lesilasa torr\u00e9faction moyenne en grain"},"content":{"rendered":"<h5>Explosion d&rsquo;ar\u00f4me, le caf\u00e9 de for\u00eat<\/h5>\n<p>Tout comme pour le vin, la vari\u00e9t\u00e9 d&rsquo;ar\u00f4mes dans le caf\u00e9 est d\u00e9termin\u00e9e par une combination de facteurs : le type de caf\u00e9ier, le terroir, les conditions de culture ainsi que la transformation.<\/p>\n<h5>Arabica!<\/h5>\n<p>Les f\u00e8ves de la plante arabica contiennent beaucoup plus d&rsquo;ar\u00f4mes &#8211; et plus savoureux &#8211; que ceux de la plante robusta. Alors qu&rsquo;Arabica est un gentleman raffin\u00e9, aux saveurs fleuries et fruit\u00e9es, Robusta lui est le fr\u00e8re un peu pataud, aux ar\u00f4mes amers, terreux et bois\u00e9s.<\/p>\n<h5>Biodiversit\u00e9 = diversit\u00e9 gustative<\/h5>\n<p>Les plantations de caf\u00e9 en Am\u00e9rique du Sud plantent souvent les vari\u00e9t\u00e9s d&rsquo;Arabica Typica et Bourbon. En \u00c9thiopie, pays d&rsquo;origine de l&rsquo;arabica, c&rsquo;est un peu diff\u00e9rent&#8230; Les vari\u00e9t\u00e9s locales de la r\u00e9gion sont connues sous le nom de \u00ab\u00a0Ethiopian Heirloom\u00a0\u00bb (ou h\u00e9ritage \u00e9thiopien). Ce patrimoine se compose en fait d&rsquo;environ 10 000 vari\u00e9t\u00e9s, car en Ethiopie, le caf\u00e9 pousse encore \u00e0 l&rsquo;\u00e9tat sauvage dans les for\u00eats, o\u00f9 les cerises sont cueillies et apport\u00e9es au march\u00e9 ou \u00e0 la coop\u00e9rative. La r\u00e9colte \u00e0 la main en for\u00eat est bien s\u00fbr beaucoup plus compliqu\u00e9e et chronophage que dans une plantation, mais cela en vaut la peine. Le caf\u00e9 \u00e9thiopien est mondialement connu pour sa vari\u00e9t\u00e9 de saveurs et les cultivateurs obtiennent un tr\u00e8s bon prix de la part d&rsquo;acheteurs internationaux comme nous.<\/p>\n<p>La culture du caf\u00e9 en for\u00eat a \u00e9galement un autre avantage de taille: le caf\u00e9 pousse au milieu d&rsquo;un \u00e9cosyst\u00e8me naturel existant. Le caf\u00e9 n&rsquo; a besoin ni d&rsquo;engrais, ni de pesticide, ni d&rsquo;irrigation, et il ne supplante pas la faune et la flore indig\u00e8ne. C&rsquo;est pourquoi nous appelons notre caf\u00e9 \u00ab\u00a0mieux que bio\u00a0\u00bb, car un certificat biologique peut aussi \u00eatre d\u00e9livr\u00e9 pour une plantation de caf\u00e9 au Br\u00e9sil, pour laquelle la for\u00eat tropicale a d\u00fb c\u00e9der sa place. Nous sommes heureux de savoir que ce n&rsquo;\u00e9tait pas, et ne sera jamais, le cas pour notre caf\u00e9.<\/p>\n<h5>Terroir, terroir, terroir<\/h5>\n<p>Finalement, le sol et le microclimat jouent un r\u00f4le capital pour le go\u00fbt du caf\u00e9. Nous sommes nous-m\u00eames tr\u00e8s souvent \u00e9tonn\u00e9s par la vari\u00e9t\u00e9 des saveurs que l&rsquo;on trouve dans les caf\u00e9s de coop\u00e9ratives voisines l&rsquo;une de l&rsquo;autre. L&rsquo;une est noisette et caramel, l&rsquo;autre fleurie et fruit\u00e9e. Mais il en va de m\u00eame pour le vin: le vignoble en lui-m\u00eame est d\u00e9terminant. M\u00eame au sein des coop\u00e9ratives, les agriculteurs savent g\u00e9n\u00e9ralement qui poss\u00e8de la meilleure for\u00eat de caf\u00e9. En fait, c&rsquo;est presque toujours celui qui est situ\u00e9 le plus en altitude.<\/p>\n<h5>Vraie durabilit\u00e9<\/h5>\n<p>Comme pour tous nos produits, le caf\u00e9 de vos capsules est <a href=\"https:\/\/directcoffee.net\/fr\/vraie-durabilite\/commerce-direct\/\">achet\u00e9 en commerce direct et \u00e9quitable<\/a>, il prot\u00e8ge <a href=\"https:\/\/directcoffee.net\/echte-nachhaltigkeit\/mehr-als-bio\/\">la biodiversit\u00e9 naturelle en Ethiopie<\/a> et soutient <a href=\"https:\/\/directcoffee.net\/fr\/vraie-durabilite\/projets-communautaires\/\">des projets sociaux<\/a> pour les enfants de caf\u00e9iculteurs.<\/p>\n","protected":false},"excerpt":{"rendered":"<h5>Fruit\u00e9 et aromatique pour connaisseurs<\/h5>\n<p>Un sommelier de caf\u00e9 peut reconna\u00eetre 800 saveurs diff\u00e9rentes dans un tr\u00e8s bon caf\u00e9, ce qui en fait l&rsquo;aliment le plus complexe que l&rsquo;\u00eatre humain consomme. C&rsquo;est exactement ce que veut c\u00e9l\u00e9brer notre Lesilasa: sa torr\u00e9faction douce en pr\u00e9serve les ar\u00f4mes de chocolat noir, d&rsquo;\u00e9pices, de caramel et de fruits tropicaux comme le kiwi et le fruit de la passion. C&rsquo;est le choix id\u00e9al pour les filtres, French Press, machines automatiques ou l&rsquo;aeropress. Et bien s\u00fbr, c&rsquo;est fra\u00eechement moulu qu&rsquo;il a le meilleur go\u00fbt !<\/p>\n<p>Un paquet contient 350 g de caf\u00e9 fra\u00eechement torr\u00e9fi\u00e9.<\/p>\n","protected":false},"featured_media":937,"comment_status":"open","ping_status":"closed","template":"","meta":[],"product_brand":[],"product_cat":[34,37,39],"product_tag":[],"class_list":{"0":"post-1119","1":"product","2":"type-product","3":"status-publish","4":"has-post-thumbnail","6":"product_cat-a-la-maison","7":"product_cat-cafe-en-abo","8":"product_cat-grain","9":"product_shipping_class-port-gratuit","11":"first","12":"instock","13":"taxable","14":"shipping-taxable","15":"purchasable","16":"product-type-variable-subscription","17":"has-default-attributes"},"yoast_head":"<!-- This site is optimized with the Yoast SEO plugin v27.5 - https:\/\/yoast.com\/product\/yoast-seo-wordpress\/ -->\n<title>Explosion d&#039;ar\u00f4mes: Lesilasa torr\u00e9faction moyenne en grain de Direct Coffee, pour filtres &amp; Co.<\/title>\n<meta name=\"description\" content=\"Notre caf\u00e9 est achet\u00e9 en commerce direct et \u00e9quitable, il prot\u00e8ge la biodiversit\u00e9 naturelle en Ethiopie et soutient des projets sociaux pour les enfants des caf\u00e9iculteurs\" \/>\n<meta name=\"robots\" content=\"index, follow, max-snippet:-1, max-image-preview:large, max-video-preview:-1\" \/>\n<link rel=\"canonical\" href=\"https:\/\/directcoffee.net\/fr\/produkt\/lesilasa-torrefaction-moyenne-grain\/\" \/>\n<meta property=\"og:locale\" content=\"fr_FR\" \/>\n<meta property=\"og:type\" content=\"article\" \/>\n<meta property=\"og:title\" content=\"Explosion d&#039;ar\u00f4mes: Lesilasa torr\u00e9faction moyenne en grain de Direct Coffee, pour filtres &amp; Co.\" \/>\n<meta property=\"og:description\" content=\"Notre caf\u00e9 est achet\u00e9 en commerce direct et \u00e9quitable, il prot\u00e8ge la biodiversit\u00e9 naturelle en Ethiopie et soutient des projets sociaux pour les enfants des caf\u00e9iculteurs\" \/>\n<meta property=\"og:url\" content=\"https:\/\/directcoffee.net\/fr\/produkt\/lesilasa-torrefaction-moyenne-grain\/\" \/>\n<meta property=\"og:site_name\" content=\"Direct Coffee\" \/>\n<meta property=\"article:publisher\" content=\"https:\/\/fb.com\/directcoffee.net\" \/>\n<meta property=\"article:modified_time\" content=\"2024-07-07T12:03:18+00:00\" \/>\n<meta property=\"og:image\" content=\"https:\/\/directcoffee.net\/wp-content\/uploads\/2017\/07\/Lesilasa-Medium-Bohnen.png\" \/>\n\t<meta property=\"og:image:width\" content=\"400\" \/>\n\t<meta property=\"og:image:height\" content=\"300\" \/>\n\t<meta property=\"og:image:type\" content=\"image\/png\" \/>\n<meta name=\"twitter:card\" content=\"summary_large_image\" \/>\n<meta name=\"twitter:site\" content=\"@DirectCoffeeCH\" \/>\n<meta name=\"twitter:label1\" content=\"Dur\u00e9e de lecture estim\u00e9e\" \/>\n\t<meta name=\"twitter:data1\" content=\"3 minutes\" \/>\n<script type=\"application\/ld+json\" class=\"yoast-schema-graph\">{\"@context\":\"https:\\\/\\\/schema.org\",\"@graph\":[{\"@type\":\"WebPage\",\"@id\":\"https:\\\/\\\/directcoffee.net\\\/fr\\\/produkt\\\/lesilasa-torrefaction-moyenne-grain\\\/\",\"url\":\"https:\\\/\\\/directcoffee.net\\\/fr\\\/produkt\\\/lesilasa-torrefaction-moyenne-grain\\\/\",\"name\":\"Explosion d'ar\u00f4mes: Lesilasa torr\u00e9faction moyenne en grain de Direct Coffee, pour filtres & Co.\",\"isPartOf\":{\"@id\":\"https:\\\/\\\/directcoffee.net\\\/fr\\\/#website\"},\"primaryImageOfPage\":{\"@id\":\"https:\\\/\\\/directcoffee.net\\\/fr\\\/produkt\\\/lesilasa-torrefaction-moyenne-grain\\\/#primaryimage\"},\"image\":{\"@id\":\"https:\\\/\\\/directcoffee.net\\\/fr\\\/produkt\\\/lesilasa-torrefaction-moyenne-grain\\\/#primaryimage\"},\"thumbnailUrl\":\"https:\\\/\\\/directcoffee.net\\\/wp-content\\\/uploads\\\/2017\\\/07\\\/Lesilasa-Medium-Bohnen.png\",\"datePublished\":\"2017-08-25T12:33:42+00:00\",\"dateModified\":\"2024-07-07T12:03:18+00:00\",\"description\":\"Notre caf\u00e9 est achet\u00e9 en commerce direct et \u00e9quitable, il prot\u00e8ge la biodiversit\u00e9 naturelle en Ethiopie et soutient des projets sociaux pour les enfants des caf\u00e9iculteurs\",\"breadcrumb\":{\"@id\":\"https:\\\/\\\/directcoffee.net\\\/fr\\\/produkt\\\/lesilasa-torrefaction-moyenne-grain\\\/#breadcrumb\"},\"inLanguage\":\"fr-FR\",\"potentialAction\":[{\"@type\":\"ReadAction\",\"target\":[\"https:\\\/\\\/directcoffee.net\\\/fr\\\/produkt\\\/lesilasa-torrefaction-moyenne-grain\\\/\"]}]},{\"@type\":\"ImageObject\",\"inLanguage\":\"fr-FR\",\"@id\":\"https:\\\/\\\/directcoffee.net\\\/fr\\\/produkt\\\/lesilasa-torrefaction-moyenne-grain\\\/#primaryimage\",\"url\":\"https:\\\/\\\/directcoffee.net\\\/wp-content\\\/uploads\\\/2017\\\/07\\\/Lesilasa-Medium-Bohnen.png\",\"contentUrl\":\"https:\\\/\\\/directcoffee.net\\\/wp-content\\\/uploads\\\/2017\\\/07\\\/Lesilasa-Medium-Bohnen.png\",\"width\":400,\"height\":300,\"caption\":\"Lesilasa Torr\u00e9faction Moyenne Grain\"},{\"@type\":\"BreadcrumbList\",\"@id\":\"https:\\\/\\\/directcoffee.net\\\/fr\\\/produkt\\\/lesilasa-torrefaction-moyenne-grain\\\/#breadcrumb\",\"itemListElement\":[{\"@type\":\"ListItem\",\"position\":1,\"name\":\"Home\",\"item\":\"https:\\\/\\\/directcoffee.net\\\/fr\\\/\"},{\"@type\":\"ListItem\",\"position\":2,\"name\":\"Shop\",\"item\":\"https:\\\/\\\/directcoffee.net\\\/shop\\\/\"},{\"@type\":\"ListItem\",\"position\":3,\"name\":\"Lesilasa torr\u00e9faction moyenne en grain\"}]},{\"@type\":\"WebSite\",\"@id\":\"https:\\\/\\\/directcoffee.net\\\/fr\\\/#website\",\"url\":\"https:\\\/\\\/directcoffee.net\\\/fr\\\/\",\"name\":\"Direct Coffee\",\"description\":\"Nachhaltiger Kaffee direkt vom Bauern in Deine Tasse\",\"publisher\":{\"@id\":\"https:\\\/\\\/directcoffee.net\\\/fr\\\/#organization\"},\"potentialAction\":[{\"@type\":\"SearchAction\",\"target\":{\"@type\":\"EntryPoint\",\"urlTemplate\":\"https:\\\/\\\/directcoffee.net\\\/fr\\\/?s={search_term_string}\"},\"query-input\":{\"@type\":\"PropertyValueSpecification\",\"valueRequired\":true,\"valueName\":\"search_term_string\"}}],\"inLanguage\":\"fr-FR\"},{\"@type\":\"Organization\",\"@id\":\"https:\\\/\\\/directcoffee.net\\\/fr\\\/#organization\",\"name\":\"Direct Coffee\",\"url\":\"https:\\\/\\\/directcoffee.net\\\/fr\\\/\",\"logo\":{\"@type\":\"ImageObject\",\"inLanguage\":\"fr-FR\",\"@id\":\"https:\\\/\\\/directcoffee.net\\\/fr\\\/#\\\/schema\\\/logo\\\/image\\\/\",\"url\":\"https:\\\/\\\/directcoffee.net\\\/wp-content\\\/uploads\\\/2017\\\/08\\\/Direct-Coffee-brown-logo-no-background.png\",\"contentUrl\":\"https:\\\/\\\/directcoffee.net\\\/wp-content\\\/uploads\\\/2017\\\/08\\\/Direct-Coffee-brown-logo-no-background.png\",\"width\":892,\"height\":904,\"caption\":\"Direct Coffee\"},\"image\":{\"@id\":\"https:\\\/\\\/directcoffee.net\\\/fr\\\/#\\\/schema\\\/logo\\\/image\\\/\"},\"sameAs\":[\"https:\\\/\\\/fb.com\\\/directcoffee.net\",\"https:\\\/\\\/x.com\\\/DirectCoffeeCH\",\"https:\\\/\\\/www.instagram.com\\\/direct_coffee\\\/\",\"https:\\\/\\\/www.youtube.com\\\/channel\\\/UCOiDLRMnkMQKFHvQQ_Ju40w\"]}]}<\/script>\n<!-- \/ Yoast SEO plugin. -->","yoast_head_json":{"title":"Explosion d'ar\u00f4mes: Lesilasa torr\u00e9faction moyenne en grain de Direct Coffee, pour filtres & Co.","description":"Notre caf\u00e9 est achet\u00e9 en commerce direct et \u00e9quitable, il prot\u00e8ge la biodiversit\u00e9 naturelle en Ethiopie et soutient des projets sociaux pour les enfants des caf\u00e9iculteurs","robots":{"index":"index","follow":"follow","max-snippet":"max-snippet:-1","max-image-preview":"max-image-preview:large","max-video-preview":"max-video-preview:-1"},"canonical":"https:\/\/directcoffee.net\/fr\/produkt\/lesilasa-torrefaction-moyenne-grain\/","og_locale":"fr_FR","og_type":"article","og_title":"Explosion d'ar\u00f4mes: Lesilasa torr\u00e9faction moyenne en grain de Direct Coffee, pour filtres & Co.","og_description":"Notre caf\u00e9 est achet\u00e9 en commerce direct et \u00e9quitable, il prot\u00e8ge la biodiversit\u00e9 naturelle en Ethiopie et soutient des projets sociaux pour les enfants des caf\u00e9iculteurs","og_url":"https:\/\/directcoffee.net\/fr\/produkt\/lesilasa-torrefaction-moyenne-grain\/","og_site_name":"Direct Coffee","article_publisher":"https:\/\/fb.com\/directcoffee.net","article_modified_time":"2024-07-07T12:03:18+00:00","og_image":[{"width":400,"height":300,"url":"https:\/\/directcoffee.net\/wp-content\/uploads\/2017\/07\/Lesilasa-Medium-Bohnen.png","type":"image\/png"}],"twitter_card":"summary_large_image","twitter_site":"@DirectCoffeeCH","twitter_misc":{"Dur\u00e9e de lecture estim\u00e9e":"3 minutes"},"schema":{"@context":"https:\/\/schema.org","@graph":[{"@type":"WebPage","@id":"https:\/\/directcoffee.net\/fr\/produkt\/lesilasa-torrefaction-moyenne-grain\/","url":"https:\/\/directcoffee.net\/fr\/produkt\/lesilasa-torrefaction-moyenne-grain\/","name":"Explosion d'ar\u00f4mes: Lesilasa torr\u00e9faction moyenne en grain de Direct Coffee, pour filtres & Co.","isPartOf":{"@id":"https:\/\/directcoffee.net\/fr\/#website"},"primaryImageOfPage":{"@id":"https:\/\/directcoffee.net\/fr\/produkt\/lesilasa-torrefaction-moyenne-grain\/#primaryimage"},"image":{"@id":"https:\/\/directcoffee.net\/fr\/produkt\/lesilasa-torrefaction-moyenne-grain\/#primaryimage"},"thumbnailUrl":"https:\/\/directcoffee.net\/wp-content\/uploads\/2017\/07\/Lesilasa-Medium-Bohnen.png","datePublished":"2017-08-25T12:33:42+00:00","dateModified":"2024-07-07T12:03:18+00:00","description":"Notre caf\u00e9 est achet\u00e9 en commerce direct et \u00e9quitable, il prot\u00e8ge la biodiversit\u00e9 naturelle en Ethiopie et soutient des projets sociaux pour les enfants des caf\u00e9iculteurs","breadcrumb":{"@id":"https:\/\/directcoffee.net\/fr\/produkt\/lesilasa-torrefaction-moyenne-grain\/#breadcrumb"},"inLanguage":"fr-FR","potentialAction":[{"@type":"ReadAction","target":["https:\/\/directcoffee.net\/fr\/produkt\/lesilasa-torrefaction-moyenne-grain\/"]}]},{"@type":"ImageObject","inLanguage":"fr-FR","@id":"https:\/\/directcoffee.net\/fr\/produkt\/lesilasa-torrefaction-moyenne-grain\/#primaryimage","url":"https:\/\/directcoffee.net\/wp-content\/uploads\/2017\/07\/Lesilasa-Medium-Bohnen.png","contentUrl":"https:\/\/directcoffee.net\/wp-content\/uploads\/2017\/07\/Lesilasa-Medium-Bohnen.png","width":400,"height":300,"caption":"Lesilasa Torr\u00e9faction Moyenne Grain"},{"@type":"BreadcrumbList","@id":"https:\/\/directcoffee.net\/fr\/produkt\/lesilasa-torrefaction-moyenne-grain\/#breadcrumb","itemListElement":[{"@type":"ListItem","position":1,"name":"Home","item":"https:\/\/directcoffee.net\/fr\/"},{"@type":"ListItem","position":2,"name":"Shop","item":"https:\/\/directcoffee.net\/shop\/"},{"@type":"ListItem","position":3,"name":"Lesilasa torr\u00e9faction moyenne en grain"}]},{"@type":"WebSite","@id":"https:\/\/directcoffee.net\/fr\/#website","url":"https:\/\/directcoffee.net\/fr\/","name":"Direct Coffee","description":"Nachhaltiger Kaffee direkt vom Bauern in Deine Tasse","publisher":{"@id":"https:\/\/directcoffee.net\/fr\/#organization"},"potentialAction":[{"@type":"SearchAction","target":{"@type":"EntryPoint","urlTemplate":"https:\/\/directcoffee.net\/fr\/?s={search_term_string}"},"query-input":{"@type":"PropertyValueSpecification","valueRequired":true,"valueName":"search_term_string"}}],"inLanguage":"fr-FR"},{"@type":"Organization","@id":"https:\/\/directcoffee.net\/fr\/#organization","name":"Direct Coffee","url":"https:\/\/directcoffee.net\/fr\/","logo":{"@type":"ImageObject","inLanguage":"fr-FR","@id":"https:\/\/directcoffee.net\/fr\/#\/schema\/logo\/image\/","url":"https:\/\/directcoffee.net\/wp-content\/uploads\/2017\/08\/Direct-Coffee-brown-logo-no-background.png","contentUrl":"https:\/\/directcoffee.net\/wp-content\/uploads\/2017\/08\/Direct-Coffee-brown-logo-no-background.png","width":892,"height":904,"caption":"Direct Coffee"},"image":{"@id":"https:\/\/directcoffee.net\/fr\/#\/schema\/logo\/image\/"},"sameAs":["https:\/\/fb.com\/directcoffee.net","https:\/\/x.com\/DirectCoffeeCH","https:\/\/www.instagram.com\/direct_coffee\/","https:\/\/www.youtube.com\/channel\/UCOiDLRMnkMQKFHvQQ_Ju40w"]}]}},"_links":{"self":[{"href":"https:\/\/directcoffee.net\/fr\/wp-json\/wp\/v2\/product\/1119","targetHints":{"allow":["GET"]}}],"collection":[{"href":"https:\/\/directcoffee.net\/fr\/wp-json\/wp\/v2\/product"}],"about":[{"href":"https:\/\/directcoffee.net\/fr\/wp-json\/wp\/v2\/types\/product"}],"replies":[{"embeddable":true,"href":"https:\/\/directcoffee.net\/fr\/wp-json\/wp\/v2\/comments?post=1119"}],"wp:featuredmedia":[{"embeddable":true,"href":"https:\/\/directcoffee.net\/fr\/wp-json\/wp\/v2\/media\/937"}],"wp:attachment":[{"href":"https:\/\/directcoffee.net\/fr\/wp-json\/wp\/v2\/media?parent=1119"}],"wp:term":[{"taxonomy":"product_brand","embeddable":true,"href":"https:\/\/directcoffee.net\/fr\/wp-json\/wp\/v2\/product_brand?post=1119"},{"taxonomy":"product_cat","embeddable":true,"href":"https:\/\/directcoffee.net\/fr\/wp-json\/wp\/v2\/product_cat?post=1119"},{"taxonomy":"product_tag","embeddable":true,"href":"https:\/\/directcoffee.net\/fr\/wp-json\/wp\/v2\/product_tag?post=1119"}],"curies":[{"name":"wp","href":"https:\/\/api.w.org\/{rel}","templated":true}]}}