{"id":106571,"date":"2020-10-07T10:57:24","date_gmt":"2020-10-07T08:57:24","guid":{"rendered":"https:\/\/directcoffee.net\/?post_type=product&#038;p=106571"},"modified":"2024-05-28T16:53:52","modified_gmt":"2024-05-28T14:53:52","slug":"moulin-a-cafe","status":"publish","type":"product","link":"https:\/\/directcoffee.net\/fr\/produkt\/moulin-a-cafe\/","title":{"rendered":"Moulin \u00e0 caf\u00e9"},"content":{"rendered":"<h2 class=\"stylee\">Vrai durabilit\u00e9<\/h2>\n<p>Comme nous, Groenenberg fait du commerce direct: ils ont un contact personnel avec leurs producteurs* et misent sur la transparence et l&rsquo;\u00e9quit\u00e9. Tu en apprendras plus sur leur production sur leur site-web.<\/p>\n","protected":false},"excerpt":{"rendered":"<h2 class=\"stylee\">Moulin \u00e0 caf\u00e9<\/h2>\n<p>Moudre son caf\u00e9 \u00e0 la main est l&rsquo;incarnation m\u00eame d&rsquo;un beau rituel du matin. Offrir un moulin \u00e0 une ou un ami(e), c&rsquo;est offrir du temps et de la s\u00e9r\u00e9nit\u00e9 pour les petits moments de plaisir de la vie. Et un caf\u00e9 qu&rsquo;on mout soi-m\u00eame a meilleur go\u00fbt, c&rsquo;est bien connu. Le moulin Groenenberg est le compagnon id\u00e9al pour cela : avec une meule en c\u00e9ramique r\u00e9glable et un cylindre en acier inoxydable intemporel.<\/p>\n<p>Bien du plaisir \u00e0 offrir ou \u00e0 utiliser!<\/p>\n","protected":false},"featured_media":26022,"comment_status":"open","ping_status":"closed","template":"","meta":[],"product_brand":[],"product_cat":[34,35,38,88],"product_tag":[],"class_list":{"0":"post-106571","1":"product","2":"type-product","3":"status-publish","4":"has-post-thumbnail","6":"product_cat-a-la-maison","7":"product_cat-au-bureau","8":"product_cat-cadeaux","9":"product_cat-zubehoer-fr","10":"product_shipping_class-envoie-capsules-neutre-en-carbone","12":"first","13":"instock","14":"taxable","15":"shipping-taxable","16":"purchasable","17":"product-type-simple"},"yoast_head":"<!-- This site is optimized with the Yoast SEO plugin v27.5 - https:\/\/yoast.com\/product\/yoast-seo-wordpress\/ -->\n<title>Cadeau: moulin, cafeti\u00e8re et trois sortes de caf\u00e9 en grain mieux que bio et plus que fair<\/title>\n<meta name=\"description\" content=\"Cadeau avec un moulin \u00e0 caf\u00e9, une cafeti\u00e8re \u00e0 expresso et trois fois 100g de caf\u00e9 en grain : doux, intense ou vraiment fort, il y en a pour tous les go\u00fbts. Bien du plaisir \u00e0 faire plaisir !\" \/>\n<meta name=\"robots\" content=\"index, follow, max-snippet:-1, max-image-preview:large, max-video-preview:-1\" \/>\n<link rel=\"canonical\" href=\"https:\/\/directcoffee.net\/fr\/produkt\/moulin-a-cafe\/\" \/>\n<meta property=\"og:locale\" content=\"fr_FR\" \/>\n<meta property=\"og:type\" content=\"article\" \/>\n<meta property=\"og:title\" content=\"Cadeau: moulin, cafeti\u00e8re et trois sortes de caf\u00e9 en grain mieux que bio et plus que fair\" \/>\n<meta property=\"og:description\" content=\"Cadeau avec un moulin \u00e0 caf\u00e9, une cafeti\u00e8re \u00e0 expresso et trois fois 100g de caf\u00e9 en grain : doux, intense ou vraiment fort, il y en a pour tous les go\u00fbts. Bien du plaisir \u00e0 faire plaisir !\" \/>\n<meta property=\"og:url\" content=\"https:\/\/directcoffee.net\/fr\/produkt\/moulin-a-cafe\/\" \/>\n<meta property=\"og:site_name\" content=\"Direct Coffee\" \/>\n<meta property=\"article:publisher\" content=\"https:\/\/fb.com\/directcoffee.net\" \/>\n<meta property=\"article:modified_time\" content=\"2024-05-28T14:53:52+00:00\" \/>\n<meta property=\"og:image\" content=\"https:\/\/directcoffee.net\/wp-content\/uploads\/2018\/11\/DSC3444q.jpg\" \/>\n\t<meta property=\"og:image:width\" content=\"1856\" \/>\n\t<meta property=\"og:image:height\" content=\"1856\" \/>\n\t<meta property=\"og:image:type\" content=\"image\/jpeg\" \/>\n<meta name=\"twitter:card\" content=\"summary_large_image\" \/>\n<meta name=\"twitter:site\" content=\"@DirectCoffeeCH\" \/>\n<meta name=\"twitter:label1\" content=\"Dur\u00e9e de lecture estim\u00e9e\" \/>\n\t<meta name=\"twitter:data1\" content=\"1 minute\" \/>\n<script type=\"application\/ld+json\" class=\"yoast-schema-graph\">{\"@context\":\"https:\\\/\\\/schema.org\",\"@graph\":[{\"@type\":\"WebPage\",\"@id\":\"https:\\\/\\\/directcoffee.net\\\/fr\\\/produkt\\\/moulin-a-cafe\\\/\",\"url\":\"https:\\\/\\\/directcoffee.net\\\/fr\\\/produkt\\\/moulin-a-cafe\\\/\",\"name\":\"Cadeau: moulin, cafeti\u00e8re et trois sortes de caf\u00e9 en grain mieux que bio et plus que fair\",\"isPartOf\":{\"@id\":\"https:\\\/\\\/directcoffee.net\\\/fr\\\/#website\"},\"primaryImageOfPage\":{\"@id\":\"https:\\\/\\\/directcoffee.net\\\/fr\\\/produkt\\\/moulin-a-cafe\\\/#primaryimage\"},\"image\":{\"@id\":\"https:\\\/\\\/directcoffee.net\\\/fr\\\/produkt\\\/moulin-a-cafe\\\/#primaryimage\"},\"thumbnailUrl\":\"https:\\\/\\\/directcoffee.net\\\/wp-content\\\/uploads\\\/2018\\\/11\\\/DSC3444q.jpg\",\"datePublished\":\"2020-10-07T08:57:24+00:00\",\"dateModified\":\"2024-05-28T14:53:52+00:00\",\"description\":\"Cadeau avec un moulin \u00e0 caf\u00e9, une cafeti\u00e8re \u00e0 expresso et trois fois 100g de caf\u00e9 en grain : doux, intense ou vraiment fort, il y en a pour tous les go\u00fbts. Bien du plaisir \u00e0 faire plaisir !\",\"breadcrumb\":{\"@id\":\"https:\\\/\\\/directcoffee.net\\\/fr\\\/produkt\\\/moulin-a-cafe\\\/#breadcrumb\"},\"inLanguage\":\"fr-FR\",\"potentialAction\":[{\"@type\":\"ReadAction\",\"target\":[\"https:\\\/\\\/directcoffee.net\\\/fr\\\/produkt\\\/moulin-a-cafe\\\/\"]}]},{\"@type\":\"ImageObject\",\"inLanguage\":\"fr-FR\",\"@id\":\"https:\\\/\\\/directcoffee.net\\\/fr\\\/produkt\\\/moulin-a-cafe\\\/#primaryimage\",\"url\":\"https:\\\/\\\/directcoffee.net\\\/wp-content\\\/uploads\\\/2018\\\/11\\\/DSC3444q.jpg\",\"contentUrl\":\"https:\\\/\\\/directcoffee.net\\\/wp-content\\\/uploads\\\/2018\\\/11\\\/DSC3444q.jpg\",\"width\":1856,\"height\":1856,\"caption\":\"Photo du produit moulin \u00e0 caf\u00e9\"},{\"@type\":\"BreadcrumbList\",\"@id\":\"https:\\\/\\\/directcoffee.net\\\/fr\\\/produkt\\\/moulin-a-cafe\\\/#breadcrumb\",\"itemListElement\":[{\"@type\":\"ListItem\",\"position\":1,\"name\":\"Home\",\"item\":\"https:\\\/\\\/directcoffee.net\\\/fr\\\/\"},{\"@type\":\"ListItem\",\"position\":2,\"name\":\"Shop\",\"item\":\"https:\\\/\\\/directcoffee.net\\\/shop\\\/\"},{\"@type\":\"ListItem\",\"position\":3,\"name\":\"Moulin \u00e0 caf\u00e9\"}]},{\"@type\":\"WebSite\",\"@id\":\"https:\\\/\\\/directcoffee.net\\\/fr\\\/#website\",\"url\":\"https:\\\/\\\/directcoffee.net\\\/fr\\\/\",\"name\":\"Direct Coffee\",\"description\":\"Nachhaltiger Kaffee direkt vom Bauern in Deine Tasse\",\"publisher\":{\"@id\":\"https:\\\/\\\/directcoffee.net\\\/fr\\\/#organization\"},\"potentialAction\":[{\"@type\":\"SearchAction\",\"target\":{\"@type\":\"EntryPoint\",\"urlTemplate\":\"https:\\\/\\\/directcoffee.net\\\/fr\\\/?s={search_term_string}\"},\"query-input\":{\"@type\":\"PropertyValueSpecification\",\"valueRequired\":true,\"valueName\":\"search_term_string\"}}],\"inLanguage\":\"fr-FR\"},{\"@type\":\"Organization\",\"@id\":\"https:\\\/\\\/directcoffee.net\\\/fr\\\/#organization\",\"name\":\"Direct Coffee\",\"url\":\"https:\\\/\\\/directcoffee.net\\\/fr\\\/\",\"logo\":{\"@type\":\"ImageObject\",\"inLanguage\":\"fr-FR\",\"@id\":\"https:\\\/\\\/directcoffee.net\\\/fr\\\/#\\\/schema\\\/logo\\\/image\\\/\",\"url\":\"https:\\\/\\\/directcoffee.net\\\/wp-content\\\/uploads\\\/2017\\\/08\\\/Direct-Coffee-brown-logo-no-background.png\",\"contentUrl\":\"https:\\\/\\\/directcoffee.net\\\/wp-content\\\/uploads\\\/2017\\\/08\\\/Direct-Coffee-brown-logo-no-background.png\",\"width\":892,\"height\":904,\"caption\":\"Direct Coffee\"},\"image\":{\"@id\":\"https:\\\/\\\/directcoffee.net\\\/fr\\\/#\\\/schema\\\/logo\\\/image\\\/\"},\"sameAs\":[\"https:\\\/\\\/fb.com\\\/directcoffee.net\",\"https:\\\/\\\/x.com\\\/DirectCoffeeCH\",\"https:\\\/\\\/www.instagram.com\\\/direct_coffee\\\/\",\"https:\\\/\\\/www.youtube.com\\\/channel\\\/UCOiDLRMnkMQKFHvQQ_Ju40w\"]}]}<\/script>\n<!-- \/ Yoast SEO plugin. -->","yoast_head_json":{"title":"Cadeau: moulin, cafeti\u00e8re et trois sortes de caf\u00e9 en grain mieux que bio et plus que fair","description":"Cadeau avec un moulin \u00e0 caf\u00e9, une cafeti\u00e8re \u00e0 expresso et trois fois 100g de caf\u00e9 en grain : doux, intense ou vraiment fort, il y en a pour tous les go\u00fbts. Bien du plaisir \u00e0 faire plaisir !","robots":{"index":"index","follow":"follow","max-snippet":"max-snippet:-1","max-image-preview":"max-image-preview:large","max-video-preview":"max-video-preview:-1"},"canonical":"https:\/\/directcoffee.net\/fr\/produkt\/moulin-a-cafe\/","og_locale":"fr_FR","og_type":"article","og_title":"Cadeau: moulin, cafeti\u00e8re et trois sortes de caf\u00e9 en grain mieux que bio et plus que fair","og_description":"Cadeau avec un moulin \u00e0 caf\u00e9, une cafeti\u00e8re \u00e0 expresso et trois fois 100g de caf\u00e9 en grain : doux, intense ou vraiment fort, il y en a pour tous les go\u00fbts. Bien du plaisir \u00e0 faire plaisir !","og_url":"https:\/\/directcoffee.net\/fr\/produkt\/moulin-a-cafe\/","og_site_name":"Direct Coffee","article_publisher":"https:\/\/fb.com\/directcoffee.net","article_modified_time":"2024-05-28T14:53:52+00:00","og_image":[{"width":1856,"height":1856,"url":"https:\/\/directcoffee.net\/wp-content\/uploads\/2018\/11\/DSC3444q.jpg","type":"image\/jpeg"}],"twitter_card":"summary_large_image","twitter_site":"@DirectCoffeeCH","twitter_misc":{"Dur\u00e9e de lecture estim\u00e9e":"1 minute"},"schema":{"@context":"https:\/\/schema.org","@graph":[{"@type":"WebPage","@id":"https:\/\/directcoffee.net\/fr\/produkt\/moulin-a-cafe\/","url":"https:\/\/directcoffee.net\/fr\/produkt\/moulin-a-cafe\/","name":"Cadeau: moulin, cafeti\u00e8re et trois sortes de caf\u00e9 en grain mieux que bio et plus que fair","isPartOf":{"@id":"https:\/\/directcoffee.net\/fr\/#website"},"primaryImageOfPage":{"@id":"https:\/\/directcoffee.net\/fr\/produkt\/moulin-a-cafe\/#primaryimage"},"image":{"@id":"https:\/\/directcoffee.net\/fr\/produkt\/moulin-a-cafe\/#primaryimage"},"thumbnailUrl":"https:\/\/directcoffee.net\/wp-content\/uploads\/2018\/11\/DSC3444q.jpg","datePublished":"2020-10-07T08:57:24+00:00","dateModified":"2024-05-28T14:53:52+00:00","description":"Cadeau avec un moulin \u00e0 caf\u00e9, une cafeti\u00e8re \u00e0 expresso et trois fois 100g de caf\u00e9 en grain : doux, intense ou vraiment fort, il y en a pour tous les go\u00fbts. Bien du plaisir \u00e0 faire plaisir !","breadcrumb":{"@id":"https:\/\/directcoffee.net\/fr\/produkt\/moulin-a-cafe\/#breadcrumb"},"inLanguage":"fr-FR","potentialAction":[{"@type":"ReadAction","target":["https:\/\/directcoffee.net\/fr\/produkt\/moulin-a-cafe\/"]}]},{"@type":"ImageObject","inLanguage":"fr-FR","@id":"https:\/\/directcoffee.net\/fr\/produkt\/moulin-a-cafe\/#primaryimage","url":"https:\/\/directcoffee.net\/wp-content\/uploads\/2018\/11\/DSC3444q.jpg","contentUrl":"https:\/\/directcoffee.net\/wp-content\/uploads\/2018\/11\/DSC3444q.jpg","width":1856,"height":1856,"caption":"Photo du produit moulin \u00e0 caf\u00e9"},{"@type":"BreadcrumbList","@id":"https:\/\/directcoffee.net\/fr\/produkt\/moulin-a-cafe\/#breadcrumb","itemListElement":[{"@type":"ListItem","position":1,"name":"Home","item":"https:\/\/directcoffee.net\/fr\/"},{"@type":"ListItem","position":2,"name":"Shop","item":"https:\/\/directcoffee.net\/shop\/"},{"@type":"ListItem","position":3,"name":"Moulin \u00e0 caf\u00e9"}]},{"@type":"WebSite","@id":"https:\/\/directcoffee.net\/fr\/#website","url":"https:\/\/directcoffee.net\/fr\/","name":"Direct Coffee","description":"Nachhaltiger Kaffee direkt vom Bauern in Deine Tasse","publisher":{"@id":"https:\/\/directcoffee.net\/fr\/#organization"},"potentialAction":[{"@type":"SearchAction","target":{"@type":"EntryPoint","urlTemplate":"https:\/\/directcoffee.net\/fr\/?s={search_term_string}"},"query-input":{"@type":"PropertyValueSpecification","valueRequired":true,"valueName":"search_term_string"}}],"inLanguage":"fr-FR"},{"@type":"Organization","@id":"https:\/\/directcoffee.net\/fr\/#organization","name":"Direct Coffee","url":"https:\/\/directcoffee.net\/fr\/","logo":{"@type":"ImageObject","inLanguage":"fr-FR","@id":"https:\/\/directcoffee.net\/fr\/#\/schema\/logo\/image\/","url":"https:\/\/directcoffee.net\/wp-content\/uploads\/2017\/08\/Direct-Coffee-brown-logo-no-background.png","contentUrl":"https:\/\/directcoffee.net\/wp-content\/uploads\/2017\/08\/Direct-Coffee-brown-logo-no-background.png","width":892,"height":904,"caption":"Direct Coffee"},"image":{"@id":"https:\/\/directcoffee.net\/fr\/#\/schema\/logo\/image\/"},"sameAs":["https:\/\/fb.com\/directcoffee.net","https:\/\/x.com\/DirectCoffeeCH","https:\/\/www.instagram.com\/direct_coffee\/","https:\/\/www.youtube.com\/channel\/UCOiDLRMnkMQKFHvQQ_Ju40w"]}]}},"_links":{"self":[{"href":"https:\/\/directcoffee.net\/fr\/wp-json\/wp\/v2\/product\/106571","targetHints":{"allow":["GET"]}}],"collection":[{"href":"https:\/\/directcoffee.net\/fr\/wp-json\/wp\/v2\/product"}],"about":[{"href":"https:\/\/directcoffee.net\/fr\/wp-json\/wp\/v2\/types\/product"}],"replies":[{"embeddable":true,"href":"https:\/\/directcoffee.net\/fr\/wp-json\/wp\/v2\/comments?post=106571"}],"wp:featuredmedia":[{"embeddable":true,"href":"https:\/\/directcoffee.net\/fr\/wp-json\/wp\/v2\/media\/26022"}],"wp:attachment":[{"href":"https:\/\/directcoffee.net\/fr\/wp-json\/wp\/v2\/media?parent=106571"}],"wp:term":[{"taxonomy":"product_brand","embeddable":true,"href":"https:\/\/directcoffee.net\/fr\/wp-json\/wp\/v2\/product_brand?post=106571"},{"taxonomy":"product_cat","embeddable":true,"href":"https:\/\/directcoffee.net\/fr\/wp-json\/wp\/v2\/product_cat?post=106571"},{"taxonomy":"product_tag","embeddable":true,"href":"https:\/\/directcoffee.net\/fr\/wp-json\/wp\/v2\/product_tag?post=106571"}],"curies":[{"name":"wp","href":"https:\/\/api.w.org\/{rel}","templated":true}]}}