{"id":10244,"date":"2017-09-08T00:15:23","date_gmt":"2017-09-07T22:15:30","guid":{"rendered":"https:\/\/directcoffee.net\/?post_type=product&#038;p=10244\/"},"modified":"2017-11-10T08:25:05","modified_gmt":"2017-11-10T07:25:05","slug":"lomi-capsules-de-cafe-compatibles-nespresso-early-birds","status":"publish","type":"product","link":"https:\/\/directcoffee.net\/fr\/produkt\/lomi-capsules-de-cafe-compatibles-nespresso-early-birds\/","title":{"rendered":"Lomi : Capsules de caf\u00e9 compatibles Nespresso\u00ae (Early Birds)"},"content":{"rendered":"<h5>Nos capsules compatibles Nespresso\u00ae : doublement respectueuses de l&rsquo;environnement<\/h5>\n<p>Les capsules sont pratiques, m\u00eame tr\u00e8s pratiques : elles sont rapides \u00e0 l&#8217;emploi le matin, le caf\u00e9 a une belle cr\u00e8me et la cuisine reste propre. Si les capsules de caf\u00e9 sont si populaires, il y a une raison. Et ce, malgr\u00e9 leur mauvaise image de pollueurs environnementaux. Nos capsules biod\u00e9gradables, elles, sont con\u00e7ues pour allier confort et respect de l&rsquo;environnement. Parce qu&rsquo;elles sont doublement respectueuses de l&rsquo;environnement.<\/p>\n<h5>Le mode de culture du caf\u00e9 est la chose la plus importante pour l&rsquo;environnement<\/h5>\n<p>Pourquoi? Parce que c&rsquo;est ce qu&rsquo;il y a dans les capsules qui compte. Selon <a href=\"https:\/\/www.admin.ch\/gov\/de\/start\/dokumentation\/medienmitteilungen.msg-id-39077.html\">l&rsquo;Institut f\u00e9d\u00e9ral suisse d&rsquo;essais des mat\u00e9riaux et de recherche<\/a>, la production de capsules est relativement insignifiante pour le bilan environnemental complet des capsules de caf\u00e9 : \u00ab\u00a0L&rsquo;impact environnemental de l&rsquo;agriculture sur la culture du caf\u00e9 est d\u00e9cisif pour l&rsquo;analyse du cycle de vie (traduit de l&rsquo;allemand)\u00a0\u00bb. C&rsquo;est donc tr\u00e8s important pour nous que le caf\u00e9 contenu dans nos capsules biod\u00e9gradables soit du caf\u00e9 de for\u00eat. Celui-ci pousse au milieu de la for\u00eat, en \u00e9cosyst\u00e8me naturel. Cela signifie que la flore et la faune d&rsquo;origine n&rsquo;ont pas \u00e0 c\u00e9der la place \u00e0 la culture de notre caf\u00e9, comme c&rsquo;est le cas dans certaines plantations bio au Br\u00e9sil, et ce malgr\u00e9 la certification. Et parce que le caf\u00e9 pousse exactement l\u00e0 d&rsquo;o\u00f9 il provient, il n&rsquo;y a besoin ni d&rsquo;engrais chimiques ni d&rsquo;irrigation artificielle. D\u00e8s que les cerises de caf\u00e9 sont m\u00fbres, elles sont cueillies \u00e0 la main et transport\u00e9es jusqu&rsquo;\u00e0 la coop\u00e9rative \u00e0 dos d&rsquo;\u00e2ne, ce qui pr\u00e9serve l&rsquo;environnement en \u00e9vitant d&rsquo;utiliser du carburant pour toutes sortes de machines. Les experts estiment que l&rsquo;impact environnemental de la production de capsules (que ce soient des capsules en aluminium, plastique ou biod\u00e9gradables) est <a href=\"http:\/\/www.faz.net\/aktuell\/wirtschaft\/streit-um-die-kaffeekapsel-14979481.html\">\u00e9quivalent \u00e0 celui de seulement 1 gramme de caf\u00e9 conventionnelle<\/a>. Cela veut dire que la faible consommation de caf\u00e9 par tasse, point distinctif des capsules, est un atout de taille. Pour un expresso fait avec une machine \u00e0 expresso professionnelle ou une cafeti\u00e8re italienne Bialetti\u00ae, on utilise en g\u00e9n\u00e9ral 8 grammes de caf\u00e9. Un caf\u00e9 en capsule n&rsquo;utilise lui que 5.5 grammes. Le calcul est simple, les 2.5 grammes suppl\u00e9mentaires de caf\u00e9 par tasse rendent les m\u00e9thodes traditionnelles moins \u00e9cologiques qu&rsquo;on ne l&rsquo;aurait pens\u00e9. Et oui, quand on prend en compte tout le cycle de vie d&rsquo;un produit &#8211; du caf\u00e9ier en Afrique jusqu&rsquo;\u00e0 l&rsquo;expresso en Suisse &#8211; on peut \u00eatre surpris.<\/p>\n<h5>Que signifie biod\u00e9gradable?<\/h5>\n<p>Nos capsules sont fabriqu\u00e9es en plastique v\u00e9g\u00e9tal et sont donc 100% compostables. Il n&rsquo;est pas possible de les jeter dans un compost de jardin, cependant, car les capsules prendraient trop de temps pour se d\u00e9composer &#8211; c&rsquo;est comme avec les sacs en bioplastique, les peaux de banane ou les coquilles d&rsquo;oeuf. Nos capsules conviennent parfaitement au compost industriel (la tonne verte ou les d\u00e9chets de compost qui sont ramass\u00e9s par votre commune). L\u00e0-bas, les conditions sont id\u00e9ales. La d\u00e9composition prend un maximum de 6 mois : apr\u00e8s 3 mois les capsules sont d\u00e9sint\u00e9gr\u00e9es physiquement, et apr\u00e8s 6 mois elles sont d\u00e9sint\u00e9gr\u00e9es \u00e0 l&rsquo;\u00e9chelle mol\u00e9culaire en eau et carbone. Dans les usines de biogaz, c&rsquo;est m\u00eame beaucoup plus rapide. Si les prescriptions cantonales ou communales n&rsquo;en informent pas autrement, le compost industriel est donc parfait pour les capsules.<\/p>\n<h5>Vraie durabilit\u00e9<\/h5>\n<p>Comme pour tous nos produits, le caf\u00e9 de vos capsules est <a href=\"https:\/\/directcoffee.net\/echte-nachhaltigkeit\/direkter-handel\/\">achet\u00e9 en commerce direct et \u00e9quitable<\/a>, il prot\u00e8ge <a href=\"https:\/\/directcoffee.net\/echte-nachhaltigkeit\/mehr-als-bio\/\">la biodiversit\u00e9 naturelle en Ethiopie<\/a> et soutient <a href=\"https:\/\/directcoffee.net\/echte-nachhaltigkeit\/soziale-projekte\/\">des projets sociaux<\/a> pour les enfants de caf\u00e9iculteurs.<\/p>\n","protected":false},"excerpt":{"rendered":"<h5>Expresso fruit\u00e9 aromatique<\/h5>\n<p>Nos capsules Lomi sont id\u00e9ales pour un expresso fin et l\u00e9ger. Dans ces capsules biod\u00e9gradables, il n&rsquo;y a qu&rsquo;une seule chose: de l&rsquo;Arabica pur provenant des petits agriculteurs de la coop\u00e9rative Qottaa dans les for\u00eats de montagne de l&rsquo;Ethiopie occidentale. Sous les couronnes des immenses arbres, les cerises de caf\u00e9 ont suffisamment de temps pour bien m\u00fbrir et d\u00e9velopper leur potentiel gustatif. Finalement, notre ma\u00eetre artisan torr\u00e9facteur Philippe caresse et fait ressortir les d\u00e9licieux ar\u00f4mes lors de la torr\u00e9faction en tambour traditionnel : fruits secs, noix, chocolat et caramel. A d\u00e9guster !<\/p>\n","protected":false},"featured_media":1534,"comment_status":"open","ping_status":"open","template":"","meta":[],"product_brand":[],"product_cat":[115,89],"product_tag":[],"class_list":{"0":"post-10244","1":"product","2":"type-product","3":"status-publish","4":"has-post-thumbnail","6":"product_cat-sans-categorie","7":"product_cat-unkategorisiert","9":"first","10":"instock","11":"sold-individually","12":"taxable","13":"shipping-taxable","14":"purchasable","15":"product-type-variable"},"yoast_head":"<!-- This site is optimized with the Yoast SEO plugin v27.4 - https:\/\/yoast.com\/product\/yoast-seo-wordpress\/ -->\n<title>Lomi capsules de caf\u00e9 (Early Bird). Biod\u00e9gradable et compatible Nespresso\u00ae<\/title>\n<meta name=\"description\" content=\"Super pratique et \u00e9cologique : nos capsules Lomi Expresso (Early Bird) biod\u00e9gradables Nespresso\u00ae compatibles avec de l&#039;arabica des for\u00eats, achet\u00e9 directement aux petits agriculteurs \u00e9thiopiens\" \/>\n<meta name=\"robots\" content=\"index, follow, max-snippet:-1, max-image-preview:large, max-video-preview:-1\" \/>\n<link rel=\"canonical\" href=\"https:\/\/directcoffee.net\/fr\/produkt\/lomi-capsules-de-cafe-compatibles-nespresso-early-birds\/\" \/>\n<meta property=\"og:locale\" content=\"fr_FR\" \/>\n<meta property=\"og:type\" content=\"article\" \/>\n<meta property=\"og:title\" content=\"Lomi capsules de caf\u00e9 (Early Bird). Biod\u00e9gradable et compatible Nespresso\u00ae\" \/>\n<meta property=\"og:description\" content=\"Super pratique et \u00e9cologique : nos capsules Lomi Expresso (Early Bird) biod\u00e9gradables Nespresso\u00ae compatibles avec de l&#039;arabica des for\u00eats, achet\u00e9 directement aux petits agriculteurs \u00e9thiopiens\" \/>\n<meta property=\"og:url\" content=\"https:\/\/directcoffee.net\/fr\/produkt\/lomi-capsules-de-cafe-compatibles-nespresso-early-birds\/\" \/>\n<meta property=\"og:site_name\" content=\"Direct Coffee\" \/>\n<meta property=\"article:publisher\" content=\"https:\/\/fb.com\/directcoffee.net\" \/>\n<meta property=\"article:modified_time\" content=\"2017-11-10T07:25:05+00:00\" \/>\n<meta property=\"og:image\" content=\"https:\/\/directcoffee.net\/wp-content\/uploads\/2017\/08\/Lomi-Kapseln-Nespresso-Bioabbaubar-2.png\" \/>\n\t<meta property=\"og:image:width\" content=\"400\" \/>\n\t<meta property=\"og:image:height\" content=\"300\" \/>\n\t<meta property=\"og:image:type\" content=\"image\/png\" \/>\n<meta name=\"twitter:card\" content=\"summary_large_image\" \/>\n<meta name=\"twitter:site\" content=\"@DirectCoffeeCH\" \/>\n<meta name=\"twitter:label1\" content=\"Dur\u00e9e de lecture estim\u00e9e\" \/>\n\t<meta name=\"twitter:data1\" content=\"3 minutes\" \/>\n<script type=\"application\/ld+json\" class=\"yoast-schema-graph\">{\"@context\":\"https:\\\/\\\/schema.org\",\"@graph\":[{\"@type\":\"WebPage\",\"@id\":\"https:\\\/\\\/directcoffee.net\\\/fr\\\/produkt\\\/lomi-capsules-de-cafe-compatibles-nespresso-early-birds\\\/\",\"url\":\"https:\\\/\\\/directcoffee.net\\\/fr\\\/produkt\\\/lomi-capsules-de-cafe-compatibles-nespresso-early-birds\\\/\",\"name\":\"Lomi capsules de caf\u00e9 (Early Bird). Biod\u00e9gradable et compatible Nespresso\u00ae\",\"isPartOf\":{\"@id\":\"https:\\\/\\\/directcoffee.net\\\/fr\\\/#website\"},\"primaryImageOfPage\":{\"@id\":\"https:\\\/\\\/directcoffee.net\\\/fr\\\/produkt\\\/lomi-capsules-de-cafe-compatibles-nespresso-early-birds\\\/#primaryimage\"},\"image\":{\"@id\":\"https:\\\/\\\/directcoffee.net\\\/fr\\\/produkt\\\/lomi-capsules-de-cafe-compatibles-nespresso-early-birds\\\/#primaryimage\"},\"thumbnailUrl\":\"https:\\\/\\\/directcoffee.net\\\/wp-content\\\/uploads\\\/2017\\\/08\\\/Lomi-Kapseln-Nespresso-Bioabbaubar-2.png\",\"datePublished\":\"2017-09-07T22:15:30+00:00\",\"dateModified\":\"2017-11-10T07:25:05+00:00\",\"description\":\"Super pratique et \u00e9cologique : nos capsules Lomi Expresso (Early Bird) biod\u00e9gradables Nespresso\u00ae compatibles avec de l'arabica des for\u00eats, achet\u00e9 directement aux petits agriculteurs \u00e9thiopiens\",\"breadcrumb\":{\"@id\":\"https:\\\/\\\/directcoffee.net\\\/fr\\\/produkt\\\/lomi-capsules-de-cafe-compatibles-nespresso-early-birds\\\/#breadcrumb\"},\"inLanguage\":\"fr-FR\",\"potentialAction\":[{\"@type\":\"ReadAction\",\"target\":[\"https:\\\/\\\/directcoffee.net\\\/fr\\\/produkt\\\/lomi-capsules-de-cafe-compatibles-nespresso-early-birds\\\/\"]}]},{\"@type\":\"ImageObject\",\"inLanguage\":\"fr-FR\",\"@id\":\"https:\\\/\\\/directcoffee.net\\\/fr\\\/produkt\\\/lomi-capsules-de-cafe-compatibles-nespresso-early-birds\\\/#primaryimage\",\"url\":\"https:\\\/\\\/directcoffee.net\\\/wp-content\\\/uploads\\\/2017\\\/08\\\/Lomi-Kapseln-Nespresso-Bioabbaubar-2.png\",\"contentUrl\":\"https:\\\/\\\/directcoffee.net\\\/wp-content\\\/uploads\\\/2017\\\/08\\\/Lomi-Kapseln-Nespresso-Bioabbaubar-2.png\",\"width\":400,\"height\":300},{\"@type\":\"BreadcrumbList\",\"@id\":\"https:\\\/\\\/directcoffee.net\\\/fr\\\/produkt\\\/lomi-capsules-de-cafe-compatibles-nespresso-early-birds\\\/#breadcrumb\",\"itemListElement\":[{\"@type\":\"ListItem\",\"position\":1,\"name\":\"Home\",\"item\":\"https:\\\/\\\/directcoffee.net\\\/fr\\\/\"},{\"@type\":\"ListItem\",\"position\":2,\"name\":\"Shop\",\"item\":\"https:\\\/\\\/directcoffee.net\\\/shop\\\/\"},{\"@type\":\"ListItem\",\"position\":3,\"name\":\"Lomi : Capsules de caf\u00e9 compatibles Nespresso\u00ae (Early Birds)\"}]},{\"@type\":\"WebSite\",\"@id\":\"https:\\\/\\\/directcoffee.net\\\/fr\\\/#website\",\"url\":\"https:\\\/\\\/directcoffee.net\\\/fr\\\/\",\"name\":\"Direct Coffee\",\"description\":\"Nachhaltiger Kaffee direkt vom Bauern in Deine Tasse\",\"publisher\":{\"@id\":\"https:\\\/\\\/directcoffee.net\\\/fr\\\/#organization\"},\"potentialAction\":[{\"@type\":\"SearchAction\",\"target\":{\"@type\":\"EntryPoint\",\"urlTemplate\":\"https:\\\/\\\/directcoffee.net\\\/fr\\\/?s={search_term_string}\"},\"query-input\":{\"@type\":\"PropertyValueSpecification\",\"valueRequired\":true,\"valueName\":\"search_term_string\"}}],\"inLanguage\":\"fr-FR\"},{\"@type\":\"Organization\",\"@id\":\"https:\\\/\\\/directcoffee.net\\\/fr\\\/#organization\",\"name\":\"Direct Coffee\",\"url\":\"https:\\\/\\\/directcoffee.net\\\/fr\\\/\",\"logo\":{\"@type\":\"ImageObject\",\"inLanguage\":\"fr-FR\",\"@id\":\"https:\\\/\\\/directcoffee.net\\\/fr\\\/#\\\/schema\\\/logo\\\/image\\\/\",\"url\":\"https:\\\/\\\/directcoffee.net\\\/wp-content\\\/uploads\\\/2017\\\/08\\\/Direct-Coffee-brown-logo-no-background.png\",\"contentUrl\":\"https:\\\/\\\/directcoffee.net\\\/wp-content\\\/uploads\\\/2017\\\/08\\\/Direct-Coffee-brown-logo-no-background.png\",\"width\":892,\"height\":904,\"caption\":\"Direct Coffee\"},\"image\":{\"@id\":\"https:\\\/\\\/directcoffee.net\\\/fr\\\/#\\\/schema\\\/logo\\\/image\\\/\"},\"sameAs\":[\"https:\\\/\\\/fb.com\\\/directcoffee.net\",\"https:\\\/\\\/x.com\\\/DirectCoffeeCH\",\"https:\\\/\\\/www.instagram.com\\\/direct_coffee\\\/\",\"https:\\\/\\\/www.youtube.com\\\/channel\\\/UCOiDLRMnkMQKFHvQQ_Ju40w\"]}]}<\/script>\n<!-- \/ Yoast SEO plugin. -->","yoast_head_json":{"title":"Lomi capsules de caf\u00e9 (Early Bird). Biod\u00e9gradable et compatible Nespresso\u00ae","description":"Super pratique et \u00e9cologique : nos capsules Lomi Expresso (Early Bird) biod\u00e9gradables Nespresso\u00ae compatibles avec de l'arabica des for\u00eats, achet\u00e9 directement aux petits agriculteurs \u00e9thiopiens","robots":{"index":"index","follow":"follow","max-snippet":"max-snippet:-1","max-image-preview":"max-image-preview:large","max-video-preview":"max-video-preview:-1"},"canonical":"https:\/\/directcoffee.net\/fr\/produkt\/lomi-capsules-de-cafe-compatibles-nespresso-early-birds\/","og_locale":"fr_FR","og_type":"article","og_title":"Lomi capsules de caf\u00e9 (Early Bird). Biod\u00e9gradable et compatible Nespresso\u00ae","og_description":"Super pratique et \u00e9cologique : nos capsules Lomi Expresso (Early Bird) biod\u00e9gradables Nespresso\u00ae compatibles avec de l'arabica des for\u00eats, achet\u00e9 directement aux petits agriculteurs \u00e9thiopiens","og_url":"https:\/\/directcoffee.net\/fr\/produkt\/lomi-capsules-de-cafe-compatibles-nespresso-early-birds\/","og_site_name":"Direct Coffee","article_publisher":"https:\/\/fb.com\/directcoffee.net","article_modified_time":"2017-11-10T07:25:05+00:00","og_image":[{"width":400,"height":300,"url":"https:\/\/directcoffee.net\/wp-content\/uploads\/2017\/08\/Lomi-Kapseln-Nespresso-Bioabbaubar-2.png","type":"image\/png"}],"twitter_card":"summary_large_image","twitter_site":"@DirectCoffeeCH","twitter_misc":{"Dur\u00e9e de lecture estim\u00e9e":"3 minutes"},"schema":{"@context":"https:\/\/schema.org","@graph":[{"@type":"WebPage","@id":"https:\/\/directcoffee.net\/fr\/produkt\/lomi-capsules-de-cafe-compatibles-nespresso-early-birds\/","url":"https:\/\/directcoffee.net\/fr\/produkt\/lomi-capsules-de-cafe-compatibles-nespresso-early-birds\/","name":"Lomi capsules de caf\u00e9 (Early Bird). Biod\u00e9gradable et compatible Nespresso\u00ae","isPartOf":{"@id":"https:\/\/directcoffee.net\/fr\/#website"},"primaryImageOfPage":{"@id":"https:\/\/directcoffee.net\/fr\/produkt\/lomi-capsules-de-cafe-compatibles-nespresso-early-birds\/#primaryimage"},"image":{"@id":"https:\/\/directcoffee.net\/fr\/produkt\/lomi-capsules-de-cafe-compatibles-nespresso-early-birds\/#primaryimage"},"thumbnailUrl":"https:\/\/directcoffee.net\/wp-content\/uploads\/2017\/08\/Lomi-Kapseln-Nespresso-Bioabbaubar-2.png","datePublished":"2017-09-07T22:15:30+00:00","dateModified":"2017-11-10T07:25:05+00:00","description":"Super pratique et \u00e9cologique : nos capsules Lomi Expresso (Early Bird) biod\u00e9gradables Nespresso\u00ae compatibles avec de l'arabica des for\u00eats, achet\u00e9 directement aux petits agriculteurs \u00e9thiopiens","breadcrumb":{"@id":"https:\/\/directcoffee.net\/fr\/produkt\/lomi-capsules-de-cafe-compatibles-nespresso-early-birds\/#breadcrumb"},"inLanguage":"fr-FR","potentialAction":[{"@type":"ReadAction","target":["https:\/\/directcoffee.net\/fr\/produkt\/lomi-capsules-de-cafe-compatibles-nespresso-early-birds\/"]}]},{"@type":"ImageObject","inLanguage":"fr-FR","@id":"https:\/\/directcoffee.net\/fr\/produkt\/lomi-capsules-de-cafe-compatibles-nespresso-early-birds\/#primaryimage","url":"https:\/\/directcoffee.net\/wp-content\/uploads\/2017\/08\/Lomi-Kapseln-Nespresso-Bioabbaubar-2.png","contentUrl":"https:\/\/directcoffee.net\/wp-content\/uploads\/2017\/08\/Lomi-Kapseln-Nespresso-Bioabbaubar-2.png","width":400,"height":300},{"@type":"BreadcrumbList","@id":"https:\/\/directcoffee.net\/fr\/produkt\/lomi-capsules-de-cafe-compatibles-nespresso-early-birds\/#breadcrumb","itemListElement":[{"@type":"ListItem","position":1,"name":"Home","item":"https:\/\/directcoffee.net\/fr\/"},{"@type":"ListItem","position":2,"name":"Shop","item":"https:\/\/directcoffee.net\/shop\/"},{"@type":"ListItem","position":3,"name":"Lomi : Capsules de caf\u00e9 compatibles Nespresso\u00ae (Early Birds)"}]},{"@type":"WebSite","@id":"https:\/\/directcoffee.net\/fr\/#website","url":"https:\/\/directcoffee.net\/fr\/","name":"Direct Coffee","description":"Nachhaltiger Kaffee direkt vom Bauern in Deine Tasse","publisher":{"@id":"https:\/\/directcoffee.net\/fr\/#organization"},"potentialAction":[{"@type":"SearchAction","target":{"@type":"EntryPoint","urlTemplate":"https:\/\/directcoffee.net\/fr\/?s={search_term_string}"},"query-input":{"@type":"PropertyValueSpecification","valueRequired":true,"valueName":"search_term_string"}}],"inLanguage":"fr-FR"},{"@type":"Organization","@id":"https:\/\/directcoffee.net\/fr\/#organization","name":"Direct Coffee","url":"https:\/\/directcoffee.net\/fr\/","logo":{"@type":"ImageObject","inLanguage":"fr-FR","@id":"https:\/\/directcoffee.net\/fr\/#\/schema\/logo\/image\/","url":"https:\/\/directcoffee.net\/wp-content\/uploads\/2017\/08\/Direct-Coffee-brown-logo-no-background.png","contentUrl":"https:\/\/directcoffee.net\/wp-content\/uploads\/2017\/08\/Direct-Coffee-brown-logo-no-background.png","width":892,"height":904,"caption":"Direct Coffee"},"image":{"@id":"https:\/\/directcoffee.net\/fr\/#\/schema\/logo\/image\/"},"sameAs":["https:\/\/fb.com\/directcoffee.net","https:\/\/x.com\/DirectCoffeeCH","https:\/\/www.instagram.com\/direct_coffee\/","https:\/\/www.youtube.com\/channel\/UCOiDLRMnkMQKFHvQQ_Ju40w"]}]}},"_links":{"self":[{"href":"https:\/\/directcoffee.net\/fr\/wp-json\/wp\/v2\/product\/10244","targetHints":{"allow":["GET"]}}],"collection":[{"href":"https:\/\/directcoffee.net\/fr\/wp-json\/wp\/v2\/product"}],"about":[{"href":"https:\/\/directcoffee.net\/fr\/wp-json\/wp\/v2\/types\/product"}],"replies":[{"embeddable":true,"href":"https:\/\/directcoffee.net\/fr\/wp-json\/wp\/v2\/comments?post=10244"}],"wp:featuredmedia":[{"embeddable":true,"href":"https:\/\/directcoffee.net\/fr\/wp-json\/wp\/v2\/media\/1534"}],"wp:attachment":[{"href":"https:\/\/directcoffee.net\/fr\/wp-json\/wp\/v2\/media?parent=10244"}],"wp:term":[{"taxonomy":"product_brand","embeddable":true,"href":"https:\/\/directcoffee.net\/fr\/wp-json\/wp\/v2\/product_brand?post=10244"},{"taxonomy":"product_cat","embeddable":true,"href":"https:\/\/directcoffee.net\/fr\/wp-json\/wp\/v2\/product_cat?post=10244"},{"taxonomy":"product_tag","embeddable":true,"href":"https:\/\/directcoffee.net\/fr\/wp-json\/wp\/v2\/product_tag?post=10244"}],"curies":[{"name":"wp","href":"https:\/\/api.w.org\/{rel}","templated":true}]}}