{"id":1010,"date":"2017-09-06T17:03:06","date_gmt":"2017-08-25T12:23:18","guid":{"rendered":"https:\/\/directcoffee.net\/?post_type=product&#038;p=1010\/"},"modified":"2021-05-26T10:27:36","modified_gmt":"2021-05-26T08:27:36","slug":"kelemi-expresso-elegant-grain-2","status":"publish","type":"product","link":"https:\/\/directcoffee.net\/fr\/produkt\/kelemi-expresso-elegant-grain-2\/","title":{"rendered":"K&rsquo;elemi Expresso Elegant en grain"},"content":{"rendered":"<h5>Qu&rsquo;arrive-t-il aux grains pendant la torr\u00e9faction?<\/h5>\n<p>Chimiquement, la torr\u00e9faction du caf\u00e9 est la m\u00eame chose qu&rsquo;une cro\u00fbte de pain, lorsqu&rsquo;il est cuit au four, une guimauve, lorsqu&rsquo;il est gard\u00e9 au-dessus du feu et m\u00eame un steak lorsqu&rsquo;il est grill\u00e9: la r\u00e9action dite de Maillard. Mais la torr\u00e9faction du caf\u00e9 est la meilleure fa\u00e7on de faire du pop-corn, et il sent le pop-corn dans les premi\u00e8res minutes. Le grain de caf\u00e9 passe lentement du vert au brun clair. La chaleur \u00e9vapore le reste de l&rsquo;humidit\u00e9 restante dans la f\u00e8ve et au bout d&rsquo;une dizaine de minutes, la premi\u00e8re \u00ab\u00a0fissure\u00a0\u00bbse produit: la pression de l&rsquo;int\u00e9rieur brise la structure interne de la f\u00e8ve. Comme pour le pop-corn, on entend cette ouverture, mais la forme du grain de caf\u00e9 reste inchang\u00e9e. C&rsquo;est juste un peu plus grand apr\u00e8s la petite explosion.<\/p>\n<p>D\u00e9sormais, il est particuli\u00e8rement important que le ma\u00eetre torr\u00e9facteur surveille de pr\u00e8s les grains de caf\u00e9. Parce que les secondes<br \/>\npeut d\u00e9cider du go\u00fbt du caf\u00e9. L&rsquo;acide cholorg\u00e9nique, qui est naturel mais qui ne fait pas beaucoup de bien \u00e0 l&rsquo;estomac humain, est d\u00e9compos\u00e9, le fructose du grain de caf\u00e9 est caram\u00e9lis\u00e9 et les ar\u00f4mes de torr\u00e9faction se d\u00e9veloppent. Si le caf\u00e9 est trop long, les pr\u00e9cieux ar\u00f4mes peuvent s&rsquo;\u00e9vaporer et seul le go\u00fbt amer des ar\u00f4mes torr\u00e9fi\u00e9s subsiste.<\/p>\n<h5>Quels sont les trucs que l&rsquo;industrie utilise<\/h5>\n<p>Il n&rsquo; y a pas de temps pour la perfection dans les processus industriels. Au lieu de la torr\u00e9faction traditionnelle \u00e0 tambour, qui prend environ 15 minutes, les grains de caf\u00e9 dans l&rsquo;industrie sont torr\u00e9fi\u00e9s sous choc en seulement 90 secondes. Le manque de temps devrait \u00eatre compens\u00e9 par la temp\u00e9rature deux fois plus \u00e9lev\u00e9e de 500\u00b0C. Ce qui ressort de ce processus express: des f\u00e8ves br\u00fbl\u00e9es \u00e0 l&rsquo;ext\u00e9rieur et de l&rsquo;acide chlorog\u00e9nique qui n&rsquo;est pas suffisamment d\u00e9grad\u00e9 \u00e0 l&rsquo;int\u00e9rieur. Le caf\u00e9 a un go\u00fbt de br\u00fbl\u00e9 et est mauvais pour l&rsquo;estomac. La seule raison de faire cela : vous pouvez masquer gr\u00e2ce aux ar\u00f4mes de br\u00fbl\u00e9 le go\u00fbt d&rsquo;un caf\u00e9 vert de m\u00e9diocre qualit\u00e9.<\/p>\n<p>Pour un caf\u00e9 de sp\u00e9cialit\u00e9 comme notre Qottaa, c&rsquo;est bien s\u00fbr la mauvaise technique. C&rsquo;est pourquoi notre caf\u00e9 est torr\u00e9fi\u00e9 de fa\u00e7on homog\u00e8ne et avec le calme n\u00e9cessaire. Cela permet aux ar\u00f4mes naturels du caf\u00e9 que les m\u00e9thodes de culture \u00e9labor\u00e9es des caf\u00e9iculteurs \u00e9thiopiens ont cr\u00e9\u00e9s de se d\u00e9ployer pleinement.<\/p>\n<h5>Vraie durabilit\u00e9<\/h5>\n<p>Comme pour tous nos produits, le caf\u00e9 de vos capsules est <a href=\"https:\/\/directcoffee.net\/fr\/vraie-durabilite\/commerce-direct\/\">achet\u00e9 en commerce direct et \u00e9quitable<\/a>, il prot\u00e8ge <a href=\"https:\/\/directcoffee.net\/fr\/vraie-durabilite\/mieux-que-bio\/\">la biodiversit\u00e9 naturelle en Ethiopie<\/a> et soutient <a href=\"https:\/\/directcoffee.net\/fr\/vraie-durabilite\/projets-communautaires\/\">des projets sociaux<\/a> pour les enfants de caf\u00e9iculteurs.<\/p>\n","protected":false},"excerpt":{"rendered":"<h5>Expresso aromatique fin<\/h5>\n<p>Dans l&rsquo;expresso K&rsquo;elemi, il y a uniquement notre arabica de for\u00eat provenant des petits agriculteurs de la coop\u00e9rative Qottaa dans l&rsquo;ouest de l&rsquo;Ethiopie. La torr\u00e9faction espresso l\u00e9g\u00e8re assure un bel \u00e9quilibre entre les saveurs naturelles de la cerise de caf\u00e9 et les ar\u00f4mes de torr\u00e9faction: on y d\u00e9guste des fruits secs, des amandes torr\u00e9fi\u00e9es et du cacao. D\u00e9couvre le toi-m\u00eame ! D\u00e9licieux, fra\u00eechement moulu dans ta machine expresso porte-filtre, en machine automatique ou avec la cafeti\u00e8re italienne bialetti.<\/p>\n<p>Un paquet contient 350 g de caf\u00e9 fra\u00eechement torr\u00e9fi\u00e9.<\/p>\n","protected":false},"featured_media":930,"comment_status":"open","ping_status":"closed","template":"","meta":[],"product_brand":[],"product_cat":[34,37,39],"product_tag":[],"class_list":{"0":"post-1010","1":"product","2":"type-product","3":"status-publish","4":"has-post-thumbnail","6":"product_cat-a-la-maison","7":"product_cat-cafe-en-abo","8":"product_cat-grain","9":"product_shipping_class-port-gratuit","11":"first","12":"instock","13":"taxable","14":"shipping-taxable","15":"purchasable","16":"product-type-variable-subscription","17":"has-default-attributes"},"yoast_head":"<!-- This site is optimized with the Yoast SEO plugin v27.5 - https:\/\/yoast.com\/product\/yoast-seo-wordpress\/ -->\n<title>Expresso finement aromatique en grain pour ton porte-filtre ou ta machine automatique<\/title>\n<meta name=\"description\" content=\"Notre caf\u00e9 est achet\u00e9 en commerce direct et \u00e9quitable, il prot\u00e8ge la biodiversit\u00e9 naturelle en Ethiopie et soutient des projets sociaux pour les enfants des caf\u00e9iculteurs\" \/>\n<meta name=\"robots\" content=\"index, follow, max-snippet:-1, max-image-preview:large, max-video-preview:-1\" \/>\n<link rel=\"canonical\" href=\"https:\/\/directcoffee.net\/fr\/produkt\/kelemi-expresso-elegant-grain-2\/\" \/>\n<meta property=\"og:locale\" content=\"fr_FR\" \/>\n<meta property=\"og:type\" content=\"article\" \/>\n<meta property=\"og:title\" content=\"Expresso finement aromatique en grain pour ton porte-filtre ou ta machine automatique\" \/>\n<meta property=\"og:description\" content=\"Notre caf\u00e9 est achet\u00e9 en commerce direct et \u00e9quitable, il prot\u00e8ge la biodiversit\u00e9 naturelle en Ethiopie et soutient des projets sociaux pour les enfants des caf\u00e9iculteurs\" \/>\n<meta property=\"og:url\" content=\"https:\/\/directcoffee.net\/fr\/produkt\/kelemi-expresso-elegant-grain-2\/\" \/>\n<meta property=\"og:site_name\" content=\"Direct Coffee\" \/>\n<meta property=\"article:publisher\" content=\"https:\/\/fb.com\/directcoffee.net\" \/>\n<meta property=\"article:modified_time\" content=\"2021-05-26T08:27:36+00:00\" \/>\n<meta property=\"og:image\" content=\"https:\/\/directcoffee.net\/wp-content\/uploads\/2017\/07\/Kelemi-Bohnen.png\" \/>\n\t<meta property=\"og:image:width\" content=\"400\" \/>\n\t<meta property=\"og:image:height\" content=\"300\" \/>\n\t<meta property=\"og:image:type\" content=\"image\/png\" \/>\n<meta name=\"twitter:card\" content=\"summary_large_image\" \/>\n<meta name=\"twitter:site\" content=\"@DirectCoffeeCH\" \/>\n<meta name=\"twitter:label1\" content=\"Dur\u00e9e de lecture estim\u00e9e\" \/>\n\t<meta name=\"twitter:data1\" content=\"2 minutes\" \/>\n<script type=\"application\/ld+json\" class=\"yoast-schema-graph\">{\"@context\":\"https:\\\/\\\/schema.org\",\"@graph\":[{\"@type\":\"WebPage\",\"@id\":\"https:\\\/\\\/directcoffee.net\\\/fr\\\/produkt\\\/kelemi-expresso-elegant-grain-2\\\/\",\"url\":\"https:\\\/\\\/directcoffee.net\\\/fr\\\/produkt\\\/kelemi-expresso-elegant-grain-2\\\/\",\"name\":\"Expresso finement aromatique en grain pour ton porte-filtre ou ta machine automatique\",\"isPartOf\":{\"@id\":\"https:\\\/\\\/directcoffee.net\\\/fr\\\/#website\"},\"primaryImageOfPage\":{\"@id\":\"https:\\\/\\\/directcoffee.net\\\/fr\\\/produkt\\\/kelemi-expresso-elegant-grain-2\\\/#primaryimage\"},\"image\":{\"@id\":\"https:\\\/\\\/directcoffee.net\\\/fr\\\/produkt\\\/kelemi-expresso-elegant-grain-2\\\/#primaryimage\"},\"thumbnailUrl\":\"https:\\\/\\\/directcoffee.net\\\/wp-content\\\/uploads\\\/2017\\\/07\\\/Kelemi-Bohnen.png\",\"datePublished\":\"2017-08-25T12:23:18+00:00\",\"dateModified\":\"2021-05-26T08:27:36+00:00\",\"description\":\"Notre caf\u00e9 est achet\u00e9 en commerce direct et \u00e9quitable, il prot\u00e8ge la biodiversit\u00e9 naturelle en Ethiopie et soutient des projets sociaux pour les enfants des caf\u00e9iculteurs\",\"breadcrumb\":{\"@id\":\"https:\\\/\\\/directcoffee.net\\\/fr\\\/produkt\\\/kelemi-expresso-elegant-grain-2\\\/#breadcrumb\"},\"inLanguage\":\"fr-FR\",\"potentialAction\":[{\"@type\":\"ReadAction\",\"target\":[\"https:\\\/\\\/directcoffee.net\\\/fr\\\/produkt\\\/kelemi-expresso-elegant-grain-2\\\/\"]}]},{\"@type\":\"ImageObject\",\"inLanguage\":\"fr-FR\",\"@id\":\"https:\\\/\\\/directcoffee.net\\\/fr\\\/produkt\\\/kelemi-expresso-elegant-grain-2\\\/#primaryimage\",\"url\":\"https:\\\/\\\/directcoffee.net\\\/wp-content\\\/uploads\\\/2017\\\/07\\\/Kelemi-Bohnen.png\",\"contentUrl\":\"https:\\\/\\\/directcoffee.net\\\/wp-content\\\/uploads\\\/2017\\\/07\\\/Kelemi-Bohnen.png\",\"width\":400,\"height\":300,\"caption\":\"Kelemi Expresso Arabica Grain\"},{\"@type\":\"BreadcrumbList\",\"@id\":\"https:\\\/\\\/directcoffee.net\\\/fr\\\/produkt\\\/kelemi-expresso-elegant-grain-2\\\/#breadcrumb\",\"itemListElement\":[{\"@type\":\"ListItem\",\"position\":1,\"name\":\"Home\",\"item\":\"https:\\\/\\\/directcoffee.net\\\/fr\\\/\"},{\"@type\":\"ListItem\",\"position\":2,\"name\":\"Shop\",\"item\":\"https:\\\/\\\/directcoffee.net\\\/shop\\\/\"},{\"@type\":\"ListItem\",\"position\":3,\"name\":\"K&rsquo;elemi Expresso Elegant en grain\"}]},{\"@type\":\"WebSite\",\"@id\":\"https:\\\/\\\/directcoffee.net\\\/fr\\\/#website\",\"url\":\"https:\\\/\\\/directcoffee.net\\\/fr\\\/\",\"name\":\"Direct Coffee\",\"description\":\"Nachhaltiger Kaffee direkt vom Bauern in Deine Tasse\",\"publisher\":{\"@id\":\"https:\\\/\\\/directcoffee.net\\\/fr\\\/#organization\"},\"potentialAction\":[{\"@type\":\"SearchAction\",\"target\":{\"@type\":\"EntryPoint\",\"urlTemplate\":\"https:\\\/\\\/directcoffee.net\\\/fr\\\/?s={search_term_string}\"},\"query-input\":{\"@type\":\"PropertyValueSpecification\",\"valueRequired\":true,\"valueName\":\"search_term_string\"}}],\"inLanguage\":\"fr-FR\"},{\"@type\":\"Organization\",\"@id\":\"https:\\\/\\\/directcoffee.net\\\/fr\\\/#organization\",\"name\":\"Direct Coffee\",\"url\":\"https:\\\/\\\/directcoffee.net\\\/fr\\\/\",\"logo\":{\"@type\":\"ImageObject\",\"inLanguage\":\"fr-FR\",\"@id\":\"https:\\\/\\\/directcoffee.net\\\/fr\\\/#\\\/schema\\\/logo\\\/image\\\/\",\"url\":\"https:\\\/\\\/directcoffee.net\\\/wp-content\\\/uploads\\\/2017\\\/08\\\/Direct-Coffee-brown-logo-no-background.png\",\"contentUrl\":\"https:\\\/\\\/directcoffee.net\\\/wp-content\\\/uploads\\\/2017\\\/08\\\/Direct-Coffee-brown-logo-no-background.png\",\"width\":892,\"height\":904,\"caption\":\"Direct Coffee\"},\"image\":{\"@id\":\"https:\\\/\\\/directcoffee.net\\\/fr\\\/#\\\/schema\\\/logo\\\/image\\\/\"},\"sameAs\":[\"https:\\\/\\\/fb.com\\\/directcoffee.net\",\"https:\\\/\\\/x.com\\\/DirectCoffeeCH\",\"https:\\\/\\\/www.instagram.com\\\/direct_coffee\\\/\",\"https:\\\/\\\/www.youtube.com\\\/channel\\\/UCOiDLRMnkMQKFHvQQ_Ju40w\"]}]}<\/script>\n<!-- \/ Yoast SEO plugin. -->","yoast_head_json":{"title":"Expresso finement aromatique en grain pour ton porte-filtre ou ta machine automatique","description":"Notre caf\u00e9 est achet\u00e9 en commerce direct et \u00e9quitable, il prot\u00e8ge la biodiversit\u00e9 naturelle en Ethiopie et soutient des projets sociaux pour les enfants des caf\u00e9iculteurs","robots":{"index":"index","follow":"follow","max-snippet":"max-snippet:-1","max-image-preview":"max-image-preview:large","max-video-preview":"max-video-preview:-1"},"canonical":"https:\/\/directcoffee.net\/fr\/produkt\/kelemi-expresso-elegant-grain-2\/","og_locale":"fr_FR","og_type":"article","og_title":"Expresso finement aromatique en grain pour ton porte-filtre ou ta machine automatique","og_description":"Notre caf\u00e9 est achet\u00e9 en commerce direct et \u00e9quitable, il prot\u00e8ge la biodiversit\u00e9 naturelle en Ethiopie et soutient des projets sociaux pour les enfants des caf\u00e9iculteurs","og_url":"https:\/\/directcoffee.net\/fr\/produkt\/kelemi-expresso-elegant-grain-2\/","og_site_name":"Direct Coffee","article_publisher":"https:\/\/fb.com\/directcoffee.net","article_modified_time":"2021-05-26T08:27:36+00:00","og_image":[{"width":400,"height":300,"url":"https:\/\/directcoffee.net\/wp-content\/uploads\/2017\/07\/Kelemi-Bohnen.png","type":"image\/png"}],"twitter_card":"summary_large_image","twitter_site":"@DirectCoffeeCH","twitter_misc":{"Dur\u00e9e de lecture estim\u00e9e":"2 minutes"},"schema":{"@context":"https:\/\/schema.org","@graph":[{"@type":"WebPage","@id":"https:\/\/directcoffee.net\/fr\/produkt\/kelemi-expresso-elegant-grain-2\/","url":"https:\/\/directcoffee.net\/fr\/produkt\/kelemi-expresso-elegant-grain-2\/","name":"Expresso finement aromatique en grain pour ton porte-filtre ou ta machine automatique","isPartOf":{"@id":"https:\/\/directcoffee.net\/fr\/#website"},"primaryImageOfPage":{"@id":"https:\/\/directcoffee.net\/fr\/produkt\/kelemi-expresso-elegant-grain-2\/#primaryimage"},"image":{"@id":"https:\/\/directcoffee.net\/fr\/produkt\/kelemi-expresso-elegant-grain-2\/#primaryimage"},"thumbnailUrl":"https:\/\/directcoffee.net\/wp-content\/uploads\/2017\/07\/Kelemi-Bohnen.png","datePublished":"2017-08-25T12:23:18+00:00","dateModified":"2021-05-26T08:27:36+00:00","description":"Notre caf\u00e9 est achet\u00e9 en commerce direct et \u00e9quitable, il prot\u00e8ge la biodiversit\u00e9 naturelle en Ethiopie et soutient des projets sociaux pour les enfants des caf\u00e9iculteurs","breadcrumb":{"@id":"https:\/\/directcoffee.net\/fr\/produkt\/kelemi-expresso-elegant-grain-2\/#breadcrumb"},"inLanguage":"fr-FR","potentialAction":[{"@type":"ReadAction","target":["https:\/\/directcoffee.net\/fr\/produkt\/kelemi-expresso-elegant-grain-2\/"]}]},{"@type":"ImageObject","inLanguage":"fr-FR","@id":"https:\/\/directcoffee.net\/fr\/produkt\/kelemi-expresso-elegant-grain-2\/#primaryimage","url":"https:\/\/directcoffee.net\/wp-content\/uploads\/2017\/07\/Kelemi-Bohnen.png","contentUrl":"https:\/\/directcoffee.net\/wp-content\/uploads\/2017\/07\/Kelemi-Bohnen.png","width":400,"height":300,"caption":"Kelemi Expresso Arabica Grain"},{"@type":"BreadcrumbList","@id":"https:\/\/directcoffee.net\/fr\/produkt\/kelemi-expresso-elegant-grain-2\/#breadcrumb","itemListElement":[{"@type":"ListItem","position":1,"name":"Home","item":"https:\/\/directcoffee.net\/fr\/"},{"@type":"ListItem","position":2,"name":"Shop","item":"https:\/\/directcoffee.net\/shop\/"},{"@type":"ListItem","position":3,"name":"K&rsquo;elemi Expresso Elegant en grain"}]},{"@type":"WebSite","@id":"https:\/\/directcoffee.net\/fr\/#website","url":"https:\/\/directcoffee.net\/fr\/","name":"Direct Coffee","description":"Nachhaltiger Kaffee direkt vom Bauern in Deine Tasse","publisher":{"@id":"https:\/\/directcoffee.net\/fr\/#organization"},"potentialAction":[{"@type":"SearchAction","target":{"@type":"EntryPoint","urlTemplate":"https:\/\/directcoffee.net\/fr\/?s={search_term_string}"},"query-input":{"@type":"PropertyValueSpecification","valueRequired":true,"valueName":"search_term_string"}}],"inLanguage":"fr-FR"},{"@type":"Organization","@id":"https:\/\/directcoffee.net\/fr\/#organization","name":"Direct Coffee","url":"https:\/\/directcoffee.net\/fr\/","logo":{"@type":"ImageObject","inLanguage":"fr-FR","@id":"https:\/\/directcoffee.net\/fr\/#\/schema\/logo\/image\/","url":"https:\/\/directcoffee.net\/wp-content\/uploads\/2017\/08\/Direct-Coffee-brown-logo-no-background.png","contentUrl":"https:\/\/directcoffee.net\/wp-content\/uploads\/2017\/08\/Direct-Coffee-brown-logo-no-background.png","width":892,"height":904,"caption":"Direct Coffee"},"image":{"@id":"https:\/\/directcoffee.net\/fr\/#\/schema\/logo\/image\/"},"sameAs":["https:\/\/fb.com\/directcoffee.net","https:\/\/x.com\/DirectCoffeeCH","https:\/\/www.instagram.com\/direct_coffee\/","https:\/\/www.youtube.com\/channel\/UCOiDLRMnkMQKFHvQQ_Ju40w"]}]}},"_links":{"self":[{"href":"https:\/\/directcoffee.net\/fr\/wp-json\/wp\/v2\/product\/1010","targetHints":{"allow":["GET"]}}],"collection":[{"href":"https:\/\/directcoffee.net\/fr\/wp-json\/wp\/v2\/product"}],"about":[{"href":"https:\/\/directcoffee.net\/fr\/wp-json\/wp\/v2\/types\/product"}],"replies":[{"embeddable":true,"href":"https:\/\/directcoffee.net\/fr\/wp-json\/wp\/v2\/comments?post=1010"}],"wp:featuredmedia":[{"embeddable":true,"href":"https:\/\/directcoffee.net\/fr\/wp-json\/wp\/v2\/media\/930"}],"wp:attachment":[{"href":"https:\/\/directcoffee.net\/fr\/wp-json\/wp\/v2\/media?parent=1010"}],"wp:term":[{"taxonomy":"product_brand","embeddable":true,"href":"https:\/\/directcoffee.net\/fr\/wp-json\/wp\/v2\/product_brand?post=1010"},{"taxonomy":"product_cat","embeddable":true,"href":"https:\/\/directcoffee.net\/fr\/wp-json\/wp\/v2\/product_cat?post=1010"},{"taxonomy":"product_tag","embeddable":true,"href":"https:\/\/directcoffee.net\/fr\/wp-json\/wp\/v2\/product_tag?post=1010"}],"curies":[{"name":"wp","href":"https:\/\/api.w.org\/{rel}","templated":true}]}}