{"id":9349,"date":"2017-09-07T01:14:00","date_gmt":"2017-09-06T23:14:00","guid":{"rendered":"https:\/\/directcoffee.net\/nous\/qui-et-pourquoi\/"},"modified":"2018-07-25T11:52:11","modified_gmt":"2018-07-25T09:52:11","slug":"qui-et-pourquoi","status":"publish","type":"page","link":"https:\/\/directcoffee.net\/fr\/nous\/qui-et-pourquoi\/","title":{"rendered":"Qui et Pourquoi"},"content":{"rendered":"<p><div class=\"fusion-fullwidth fullwidth-box fusion-builder-row-1 nonhundred-percent-fullwidth non-hundred-percent-height-scrolling\" style=\"--awb-border-radius-top-left:0px;--awb-border-radius-top-right:0px;--awb-border-radius-bottom-right:0px;--awb-border-radius-bottom-left:0px;--awb-background-color:#f2ead6;--awb-flex-wrap:wrap;\" ><div class=\"fusion-builder-row fusion-row\"><div class=\"fusion-layout-column fusion_builder_column fusion-builder-column-0 fusion_builder_column_1_6 1_6 fusion-one-sixth fusion-column-first\" style=\"--awb-bg-size:cover;width:16.666666666667%;width:calc(16.666666666667% - ( ( 4% + 4% ) * 0.16666666666667 ) );margin-right: 4%;\"><div class=\"fusion-column-wrapper fusion-flex-column-wrapper-legacy\"><div class=\"fusion-clearfix\"><\/div><\/div><\/div><div class=\"fusion-layout-column fusion_builder_column fusion-builder-column-1 fusion_builder_column_2_3 2_3 fusion-two-third stylec\" style=\"--awb-padding-top:20px;--awb-padding-bottom:30px;--awb-bg-size:cover;width:66.666666666667%;width:calc(66.666666666667% - ( ( 4% + 4% ) * 0.66666666666667 ) );margin-right: 4%;\"><div class=\"fusion-column-wrapper fusion-flex-column-wrapper-legacy\"><div class=\"fusion-text fusion-text-1\"><p style=\"text-align: center;\">En novembre 2015, nous avons eu l&rsquo;id\u00e9e d&rsquo;une start-up sociale qui combine le commerce du caf\u00e9 avec un changement positif. Moins de deux mois plus tard, nous \u00e9tions d\u00e9j\u00e0 en Ethiopie &#8211; la terre d&rsquo;origine du caf\u00e9. Nous avons rencontr\u00e9 des caf\u00e9iculteurs, trouv\u00e9 des partenaires locaux pour nos projets sociaux et choisi les deux premi\u00e8res tonnes de caf\u00e9 que nous voulions importer.<\/p>\n<p style=\"text-align: center;\">Six mois seulement apr\u00e8s la naissance de l&rsquo;id\u00e9e, l&rsquo;entreprise \u00e9tait en marche : les ventes ont commenc\u00e9 &#8211; l&rsquo;envoi \u00e9tait fait depuis notre appartement d&rsquo;une pi\u00e8ce dans le district 4 de Zurich. chambre \u00e0 coucher, bureau, et entrep\u00f4ts de caf\u00e9 sur seulement 35 m\u00e8tres carr\u00e9s.<\/p>\n<p style=\"text-align: center;\">Et l&rsquo;amour qui tient bon.<\/p>\n<\/div><div class=\"fusion-clearfix\"><\/div><\/div><\/div><div class=\"fusion-layout-column fusion_builder_column fusion-builder-column-2 fusion_builder_column_1_6 1_6 fusion-one-sixth fusion-column-last\" style=\"--awb-bg-size:cover;width:16.666666666667%;width:calc(16.666666666667% - ( ( 4% + 4% ) * 0.16666666666667 ) );\"><div class=\"fusion-column-wrapper fusion-flex-column-wrapper-legacy\"><div class=\"fusion-clearfix\"><\/div><\/div><\/div><\/div><\/div><div class=\"fusion-fullwidth fullwidth-box fusion-builder-row-2 nonhundred-percent-fullwidth non-hundred-percent-height-scrolling\" style=\"--awb-border-radius-top-left:0px;--awb-border-radius-top-right:0px;--awb-border-radius-bottom-right:0px;--awb-border-radius-bottom-left:0px;--awb-flex-wrap:wrap;\" ><div class=\"fusion-builder-row fusion-row\"><div class=\"fusion-layout-column fusion_builder_column fusion-builder-column-3 fusion_builder_column_1_2 1_2 fusion-one-half fusion-column-first\" style=\"--awb-bg-size:cover;width:50%;width:calc(50% - ( ( 4% ) * 0.5 ) );margin-right: 4%;\"><div class=\"fusion-column-wrapper fusion-flex-column-wrapper-legacy\"><div class=\"fusion-column-content-centered\"><div class=\"fusion-column-content\"><div class=\"fusion-person person fusion-person-left fusion-person-1 fusion-person-icon-top\" style=\"--awb-pic-style-color:#000000;--awb-pic-borderradius:0px;--awb-margin-top:0px;--awb-margin-right:0px;--awb-margin-bottom:0px;--awb-margin-left:0px;--awb-social-box-border-top:0px;--awb-social-box-border-right:0px;--awb-social-box-border-bottom:0px;--awb-social-box-border-left:0px;--awb-social-box-border-color:var(--awb-color3);--awb-social-box-border-color-hover:var(--awb-color4);--awb-social-box-colors-hover:rgba(232,232,232,0.8);--awb-social-icon-boxed-colors:#e8e8e8;--awb-social-icon-colors:#bebdbd;--awb-social-icon-colors-hover:rgba(190,189,189,0.8);\"><div class=\"person-shortcode-image-wrapper\"><div class=\"person-image-container hover-type-none\" style=\"border:0px solid #f6f6f6;-webkit-border-radius:0px;-moz-border-radius:0px;border-radius:0px;\"><img decoding=\"async\" class=\"person-img img-responsive wp-image-2369\" width=\"500\" height=\"332\" src=\"https:\/\/directcoffee.net\/wp-content\/uploads\/2017\/09\/Marie.jpg\" alt=\"Marie\" srcset=\"https:\/\/directcoffee.net\/wp-content\/uploads\/2017\/09\/Marie-200x133.jpg 200w, https:\/\/directcoffee.net\/wp-content\/uploads\/2017\/09\/Marie-400x266.jpg 400w, https:\/\/directcoffee.net\/wp-content\/uploads\/2017\/09\/Marie.jpg 500w\" sizes=\"(max-width: 800px) 100vw, 500px\" \/><\/div><\/div><div class=\"person-desc\"><div class=\"person-author\"><div class=\"person-author-wrapper\"><span class=\"person-name\">Marie<\/span><span class=\"person-title\">marie@directcoffee.ch<\/span><\/div><div class=\"fusion-social-networks\"><div class=\"fusion-social-networks-wrapper\"><a class=\"fusion-social-network-icon fusion-tooltip fusion-mail awb-icon-mail custom\" aria-label=\"fusion-mail\" href=\"mailto:m&#097;&#114;&#105;e&#064;d&#105;&#114;ec&#116;c&#111;&#102;fee.net\" target=\"_self\" style=\"color:#bebdbd;font-size:16px;\" data-placement=\"top\" data-title=\"Mail\" title=\"Mail\" data-toggle=\"tooltip\"><\/a><\/div><\/div><\/div><div class=\"person-content fusion-clearfix\">Aime se lever t\u00f4t \u2013 mais le soir, impossible de s\u2019endormir quand il manque du caf\u00e9 ou du lait pour le lendemain matin. Est responsable de la communication et de la cr\u00e9ativit\u00e9. Pendant son temps libre, aime construire des meubles \u00e0 partir d\u2019objets destin\u00e9s \u00e0 autre chose. Ainsi fut cr\u00e9\u00e9, par exemple, le caf\u00e9-mobile.<\/div><\/div><\/div><\/div><\/div><div class=\"fusion-clearfix\"><\/div><\/div><\/div><div class=\"fusion-layout-column fusion_builder_column fusion-builder-column-4 fusion_builder_column_1_2 1_2 fusion-one-half fusion-column-last\" style=\"--awb-bg-size:cover;width:50%;width:calc(50% - ( ( 4% ) * 0.5 ) );\"><div class=\"fusion-column-wrapper fusion-flex-column-wrapper-legacy\"><div class=\"fusion-column-content-centered\"><div class=\"fusion-column-content\"><div class=\"fusion-person person fusion-person-left fusion-person-2 fusion-person-icon-top\" style=\"--awb-pic-style-color:#000000;--awb-pic-borderradius:0px;--awb-margin-top:0px;--awb-margin-right:0px;--awb-margin-bottom:0px;--awb-margin-left:0px;--awb-social-box-border-top:0px;--awb-social-box-border-right:0px;--awb-social-box-border-bottom:0px;--awb-social-box-border-left:0px;--awb-social-box-border-color:var(--awb-color3);--awb-social-box-border-color-hover:var(--awb-color4);--awb-social-box-colors-hover:rgba(232,232,232,0.8);--awb-social-icon-boxed-colors:#e8e8e8;--awb-social-icon-colors:#bebdbd;--awb-social-icon-colors-hover:rgba(190,189,189,0.8);\"><div class=\"person-shortcode-image-wrapper\"><div class=\"person-image-container hover-type-none\" style=\"border:0px solid #f6f6f6;-webkit-border-radius:0px;-moz-border-radius:0px;border-radius:0px;\"><img decoding=\"async\" class=\"person-img img-responsive wp-image-2372\" width=\"500\" height=\"332\" src=\"https:\/\/directcoffee.net\/wp-content\/uploads\/2017\/09\/Michael.jpg\" alt=\"Micha\u00ebl\" srcset=\"https:\/\/directcoffee.net\/wp-content\/uploads\/2017\/09\/Michael-200x133.jpg 200w, https:\/\/directcoffee.net\/wp-content\/uploads\/2017\/09\/Michael-400x266.jpg 400w, https:\/\/directcoffee.net\/wp-content\/uploads\/2017\/09\/Michael.jpg 500w\" sizes=\"(max-width: 800px) 100vw, 500px\" \/><\/div><\/div><div class=\"person-desc\"><div class=\"person-author\"><div class=\"person-author-wrapper\"><span class=\"person-name\">Micha\u00ebl<\/span><span class=\"person-title\">michael@directcoffee.ch<\/span><\/div><div class=\"fusion-social-networks\"><div class=\"fusion-social-networks-wrapper\"><a class=\"fusion-social-network-icon fusion-tooltip fusion-mail awb-icon-mail custom\" aria-label=\"fusion-mail\" href=\"mailto:&#109;ic&#104;a&#101;l&#064;&#100;irect&#099;&#111;&#102;&#102;ee.ne&#116;\" target=\"_self\" style=\"color:#bebdbd;font-size:16px;\" data-placement=\"top\" data-title=\"Mail\" title=\"Mail\" data-toggle=\"tooltip\"><\/a><\/div><\/div><\/div><div class=\"person-content fusion-clearfix\">Aime \u00eatre r\u00e9veill\u00e9 par sa femme par une de tasse de caf\u00e9 odorante. Aime parler aux gens \u2013 de pr\u00e9f\u00e9rence dans leur propre langue. Et est en charge de faire les partenariats et les accords. A l\u2019aise avec les chiffres et les mod\u00e8les. Se passionne pour les processus de production des aliments et l\u2019ing\u00e9niosit\u00e9 humaine. <\/div><\/div><\/div><\/div><\/div><div class=\"fusion-clearfix\"><\/div><\/div><\/div><\/div><\/div><div class=\"fusion-fullwidth fullwidth-box fusion-builder-row-3 nonhundred-percent-fullwidth non-hundred-percent-height-scrolling\" style=\"--awb-border-radius-top-left:0px;--awb-border-radius-top-right:0px;--awb-border-radius-bottom-right:0px;--awb-border-radius-bottom-left:0px;--awb-flex-wrap:wrap;\" ><div class=\"fusion-builder-row fusion-row\"><div class=\"fusion-layout-column fusion_builder_column fusion-builder-column-5 fusion_builder_column_1_6 1_6 fusion-one-sixth fusion-column-first\" style=\"--awb-bg-size:cover;--awb-margin-top:40px;--awb-margin-bottom:40px;width:16.666666666667%;width:calc(16.666666666667% - ( ( 4% + 4% ) * 0.16666666666667 ) );margin-right: 4%;\"><div class=\"fusion-column-wrapper fusion-flex-column-wrapper-legacy\"><div class=\"fusion-column-content-centered\"><div class=\"fusion-column-content\"><\/div><\/div><div class=\"fusion-clearfix\"><\/div><\/div><\/div><div class=\"fusion-layout-column fusion_builder_column fusion-builder-column-6 fusion_builder_column_2_3 2_3 fusion-two-third\" style=\"--awb-bg-size:cover;--awb-margin-top:40px;--awb-margin-bottom:40px;width:66.666666666667%;width:calc(66.666666666667% - ( ( 4% + 4% ) * 0.66666666666667 ) );margin-right: 4%;\"><div class=\"fusion-column-wrapper fusion-flex-column-wrapper-legacy\"><div class=\"fusion-column-content-centered\"><div class=\"fusion-column-content\"><div class=\"fusion-video fusion-youtube\" style=\"--awb-max-width:700px;--awb-max-height:400px;\"><div class=\"video-shortcode\"><div class=\"fluid-width-video-wrapper\" style=\"padding-top:57.14%;\" ><iframe title=\"YouTube video player 1\" src=\"https:\/\/www.youtube.com\/embed\/b9L0v3T-PBs?wmode=transparent&autoplay=0\" width=\"700\" height=\"400\" allowfullscreen allow=\"autoplay; fullscreen\"><\/iframe><\/div><\/div><\/div><\/div><\/div><div class=\"fusion-clearfix\"><\/div><\/div><\/div><div class=\"fusion-layout-column fusion_builder_column fusion-builder-column-7 fusion_builder_column_1_6 1_6 fusion-one-sixth fusion-column-last\" style=\"--awb-bg-size:cover;--awb-margin-top:40px;--awb-margin-bottom:40px;width:16.666666666667%;width:calc(16.666666666667% - ( ( 4% + 4% ) * 0.16666666666667 ) );\"><div class=\"fusion-column-wrapper fusion-flex-column-wrapper-legacy\"><div class=\"fusion-column-content-centered\"><div class=\"fusion-column-content\"><\/div><\/div><div class=\"fusion-clearfix\"><\/div><\/div><\/div><\/div><\/div><\/p>\n","protected":false},"excerpt":{"rendered":"","protected":false},"author":5,"featured_media":0,"parent":9343,"menu_order":1,"comment_status":"closed","ping_status":"closed","template":"100-width.php","meta":{"footnotes":""},"class_list":["post-9349","page","type-page","status-publish","hentry"],"yoast_head":"<!-- This site is optimized with the Yoast SEO plugin v27.5 - https:\/\/yoast.com\/product\/yoast-seo-wordpress\/ -->\n<title>Qui est \u00e0 l&#039;origine de la startup sociale Direct Coffee?<\/title>\n<meta name=\"description\" content=\"Qui sommes-nous et pourquoi avons-nous laiss\u00e9 tomber nos emplois pour acheter du caf\u00e9 aux petits producteurs \u00e9thiopiens ? Fais notre connaissance !\" \/>\n<meta name=\"robots\" content=\"index, follow, max-snippet:-1, max-image-preview:large, max-video-preview:-1\" \/>\n<link rel=\"canonical\" href=\"https:\/\/directcoffee.net\/fr\/nous\/qui-et-pourquoi\/\" \/>\n<meta property=\"og:locale\" content=\"fr_FR\" \/>\n<meta property=\"og:type\" content=\"article\" \/>\n<meta property=\"og:title\" content=\"Qui est \u00e0 l&#039;origine de la startup sociale Direct Coffee?\" \/>\n<meta property=\"og:description\" content=\"Qui sommes-nous et pourquoi avons-nous laiss\u00e9 tomber nos emplois pour acheter du caf\u00e9 aux petits producteurs \u00e9thiopiens ? Fais notre connaissance !\" \/>\n<meta property=\"og:url\" content=\"https:\/\/directcoffee.net\/fr\/nous\/qui-et-pourquoi\/\" \/>\n<meta property=\"og:site_name\" content=\"Direct Coffee\" \/>\n<meta property=\"article:publisher\" content=\"https:\/\/fb.com\/directcoffee.net\" \/>\n<meta property=\"article:modified_time\" content=\"2018-07-25T09:52:11+00:00\" \/>\n<meta property=\"og:image\" content=\"https:\/\/directcoffee.net\/wp-content\/uploads\/2017\/07\/Direct-Coffee-FinalLogo_klein.png\" \/>\n\t<meta property=\"og:image:width\" content=\"892\" \/>\n\t<meta property=\"og:image:height\" content=\"904\" \/>\n\t<meta property=\"og:image:type\" content=\"image\/png\" \/>\n<meta name=\"twitter:card\" content=\"summary_large_image\" \/>\n<meta name=\"twitter:site\" content=\"@DirectCoffeeCH\" \/>\n<meta name=\"twitter:label1\" content=\"Dur\u00e9e de lecture estim\u00e9e\" \/>\n\t<meta name=\"twitter:data1\" content=\"7 minutes\" \/>\n<script type=\"application\/ld+json\" class=\"yoast-schema-graph\">{\"@context\":\"https:\\\/\\\/schema.org\",\"@graph\":[{\"@type\":\"WebPage\",\"@id\":\"https:\\\/\\\/directcoffee.net\\\/fr\\\/nous\\\/qui-et-pourquoi\\\/\",\"url\":\"https:\\\/\\\/directcoffee.net\\\/fr\\\/nous\\\/qui-et-pourquoi\\\/\",\"name\":\"Qui est \u00e0 l'origine de la startup sociale Direct Coffee?\",\"isPartOf\":{\"@id\":\"https:\\\/\\\/directcoffee.net\\\/fr\\\/#website\"},\"datePublished\":\"2017-09-06T23:14:00+00:00\",\"dateModified\":\"2018-07-25T09:52:11+00:00\",\"description\":\"Qui sommes-nous et pourquoi avons-nous laiss\u00e9 tomber nos emplois pour acheter du caf\u00e9 aux petits producteurs \u00e9thiopiens ? Fais notre connaissance !\",\"breadcrumb\":{\"@id\":\"https:\\\/\\\/directcoffee.net\\\/fr\\\/nous\\\/qui-et-pourquoi\\\/#breadcrumb\"},\"inLanguage\":\"fr-FR\",\"potentialAction\":[{\"@type\":\"ReadAction\",\"target\":[\"https:\\\/\\\/directcoffee.net\\\/fr\\\/nous\\\/qui-et-pourquoi\\\/\"]}]},{\"@type\":\"BreadcrumbList\",\"@id\":\"https:\\\/\\\/directcoffee.net\\\/fr\\\/nous\\\/qui-et-pourquoi\\\/#breadcrumb\",\"itemListElement\":[{\"@type\":\"ListItem\",\"position\":1,\"name\":\"Home\",\"item\":\"https:\\\/\\\/directcoffee.net\\\/fr\\\/\"},{\"@type\":\"ListItem\",\"position\":2,\"name\":\"Nous\",\"item\":\"https:\\\/\\\/directcoffee.net\\\/fr\\\/nous\\\/\"},{\"@type\":\"ListItem\",\"position\":3,\"name\":\"Qui et Pourquoi\"}]},{\"@type\":\"WebSite\",\"@id\":\"https:\\\/\\\/directcoffee.net\\\/fr\\\/#website\",\"url\":\"https:\\\/\\\/directcoffee.net\\\/fr\\\/\",\"name\":\"Direct Coffee\",\"description\":\"Nachhaltiger Kaffee direkt vom Bauern in Deine Tasse\",\"publisher\":{\"@id\":\"https:\\\/\\\/directcoffee.net\\\/fr\\\/#organization\"},\"potentialAction\":[{\"@type\":\"SearchAction\",\"target\":{\"@type\":\"EntryPoint\",\"urlTemplate\":\"https:\\\/\\\/directcoffee.net\\\/fr\\\/?s={search_term_string}\"},\"query-input\":{\"@type\":\"PropertyValueSpecification\",\"valueRequired\":true,\"valueName\":\"search_term_string\"}}],\"inLanguage\":\"fr-FR\"},{\"@type\":\"Organization\",\"@id\":\"https:\\\/\\\/directcoffee.net\\\/fr\\\/#organization\",\"name\":\"Direct Coffee\",\"url\":\"https:\\\/\\\/directcoffee.net\\\/fr\\\/\",\"logo\":{\"@type\":\"ImageObject\",\"inLanguage\":\"fr-FR\",\"@id\":\"https:\\\/\\\/directcoffee.net\\\/fr\\\/#\\\/schema\\\/logo\\\/image\\\/\",\"url\":\"https:\\\/\\\/directcoffee.net\\\/wp-content\\\/uploads\\\/2017\\\/08\\\/Direct-Coffee-brown-logo-no-background.png\",\"contentUrl\":\"https:\\\/\\\/directcoffee.net\\\/wp-content\\\/uploads\\\/2017\\\/08\\\/Direct-Coffee-brown-logo-no-background.png\",\"width\":892,\"height\":904,\"caption\":\"Direct Coffee\"},\"image\":{\"@id\":\"https:\\\/\\\/directcoffee.net\\\/fr\\\/#\\\/schema\\\/logo\\\/image\\\/\"},\"sameAs\":[\"https:\\\/\\\/fb.com\\\/directcoffee.net\",\"https:\\\/\\\/x.com\\\/DirectCoffeeCH\",\"https:\\\/\\\/www.instagram.com\\\/direct_coffee\\\/\",\"https:\\\/\\\/www.youtube.com\\\/channel\\\/UCOiDLRMnkMQKFHvQQ_Ju40w\"]}]}<\/script>\n<!-- \/ Yoast SEO plugin. -->","yoast_head_json":{"title":"Qui est \u00e0 l'origine de la startup sociale Direct Coffee?","description":"Qui sommes-nous et pourquoi avons-nous laiss\u00e9 tomber nos emplois pour acheter du caf\u00e9 aux petits producteurs \u00e9thiopiens ? Fais notre connaissance !","robots":{"index":"index","follow":"follow","max-snippet":"max-snippet:-1","max-image-preview":"max-image-preview:large","max-video-preview":"max-video-preview:-1"},"canonical":"https:\/\/directcoffee.net\/fr\/nous\/qui-et-pourquoi\/","og_locale":"fr_FR","og_type":"article","og_title":"Qui est \u00e0 l'origine de la startup sociale Direct Coffee?","og_description":"Qui sommes-nous et pourquoi avons-nous laiss\u00e9 tomber nos emplois pour acheter du caf\u00e9 aux petits producteurs \u00e9thiopiens ? Fais notre connaissance !","og_url":"https:\/\/directcoffee.net\/fr\/nous\/qui-et-pourquoi\/","og_site_name":"Direct Coffee","article_publisher":"https:\/\/fb.com\/directcoffee.net","article_modified_time":"2018-07-25T09:52:11+00:00","og_image":[{"width":892,"height":904,"url":"https:\/\/directcoffee.net\/wp-content\/uploads\/2017\/07\/Direct-Coffee-FinalLogo_klein.png","type":"image\/png"}],"twitter_card":"summary_large_image","twitter_site":"@DirectCoffeeCH","twitter_misc":{"Dur\u00e9e de lecture estim\u00e9e":"7 minutes"},"schema":{"@context":"https:\/\/schema.org","@graph":[{"@type":"WebPage","@id":"https:\/\/directcoffee.net\/fr\/nous\/qui-et-pourquoi\/","url":"https:\/\/directcoffee.net\/fr\/nous\/qui-et-pourquoi\/","name":"Qui est \u00e0 l'origine de la startup sociale Direct Coffee?","isPartOf":{"@id":"https:\/\/directcoffee.net\/fr\/#website"},"datePublished":"2017-09-06T23:14:00+00:00","dateModified":"2018-07-25T09:52:11+00:00","description":"Qui sommes-nous et pourquoi avons-nous laiss\u00e9 tomber nos emplois pour acheter du caf\u00e9 aux petits producteurs \u00e9thiopiens ? Fais notre connaissance !","breadcrumb":{"@id":"https:\/\/directcoffee.net\/fr\/nous\/qui-et-pourquoi\/#breadcrumb"},"inLanguage":"fr-FR","potentialAction":[{"@type":"ReadAction","target":["https:\/\/directcoffee.net\/fr\/nous\/qui-et-pourquoi\/"]}]},{"@type":"BreadcrumbList","@id":"https:\/\/directcoffee.net\/fr\/nous\/qui-et-pourquoi\/#breadcrumb","itemListElement":[{"@type":"ListItem","position":1,"name":"Home","item":"https:\/\/directcoffee.net\/fr\/"},{"@type":"ListItem","position":2,"name":"Nous","item":"https:\/\/directcoffee.net\/fr\/nous\/"},{"@type":"ListItem","position":3,"name":"Qui et Pourquoi"}]},{"@type":"WebSite","@id":"https:\/\/directcoffee.net\/fr\/#website","url":"https:\/\/directcoffee.net\/fr\/","name":"Direct Coffee","description":"Nachhaltiger Kaffee direkt vom Bauern in Deine Tasse","publisher":{"@id":"https:\/\/directcoffee.net\/fr\/#organization"},"potentialAction":[{"@type":"SearchAction","target":{"@type":"EntryPoint","urlTemplate":"https:\/\/directcoffee.net\/fr\/?s={search_term_string}"},"query-input":{"@type":"PropertyValueSpecification","valueRequired":true,"valueName":"search_term_string"}}],"inLanguage":"fr-FR"},{"@type":"Organization","@id":"https:\/\/directcoffee.net\/fr\/#organization","name":"Direct Coffee","url":"https:\/\/directcoffee.net\/fr\/","logo":{"@type":"ImageObject","inLanguage":"fr-FR","@id":"https:\/\/directcoffee.net\/fr\/#\/schema\/logo\/image\/","url":"https:\/\/directcoffee.net\/wp-content\/uploads\/2017\/08\/Direct-Coffee-brown-logo-no-background.png","contentUrl":"https:\/\/directcoffee.net\/wp-content\/uploads\/2017\/08\/Direct-Coffee-brown-logo-no-background.png","width":892,"height":904,"caption":"Direct Coffee"},"image":{"@id":"https:\/\/directcoffee.net\/fr\/#\/schema\/logo\/image\/"},"sameAs":["https:\/\/fb.com\/directcoffee.net","https:\/\/x.com\/DirectCoffeeCH","https:\/\/www.instagram.com\/direct_coffee\/","https:\/\/www.youtube.com\/channel\/UCOiDLRMnkMQKFHvQQ_Ju40w"]}]}},"_links":{"self":[{"href":"https:\/\/directcoffee.net\/fr\/wp-json\/wp\/v2\/pages\/9349","targetHints":{"allow":["GET"]}}],"collection":[{"href":"https:\/\/directcoffee.net\/fr\/wp-json\/wp\/v2\/pages"}],"about":[{"href":"https:\/\/directcoffee.net\/fr\/wp-json\/wp\/v2\/types\/page"}],"author":[{"embeddable":true,"href":"https:\/\/directcoffee.net\/fr\/wp-json\/wp\/v2\/users\/5"}],"replies":[{"embeddable":true,"href":"https:\/\/directcoffee.net\/fr\/wp-json\/wp\/v2\/comments?post=9349"}],"version-history":[{"count":0,"href":"https:\/\/directcoffee.net\/fr\/wp-json\/wp\/v2\/pages\/9349\/revisions"}],"up":[{"embeddable":true,"href":"https:\/\/directcoffee.net\/fr\/wp-json\/wp\/v2\/pages\/9343"}],"wp:attachment":[{"href":"https:\/\/directcoffee.net\/fr\/wp-json\/wp\/v2\/media?parent=9349"}],"curies":[{"name":"wp","href":"https:\/\/api.w.org\/{rel}","templated":true}]}}