{"id":9326,"date":"2017-09-07T00:45:13","date_gmt":"2017-09-06T22:45:13","guid":{"rendered":"https:\/\/directcoffee.net\/du-bon-cafe\/foret-et-aromes\/"},"modified":"2018-05-13T18:46:25","modified_gmt":"2018-05-13T16:46:25","slug":"foret-et-aromes","status":"publish","type":"page","link":"https:\/\/directcoffee.net\/fr\/du-bon-cafe\/foret-et-aromes\/","title":{"rendered":"For\u00eat et ar\u00f4mes"},"content":{"rendered":"<p><div class=\"fusion-fullwidth fullwidth-box fusion-builder-row-1 fusion-parallax-none hundred-percent-fullwidth non-hundred-percent-height-scrolling\" style=\"--awb-border-radius-top-left:0px;--awb-border-radius-top-right:0px;--awb-border-radius-bottom-right:0px;--awb-border-radius-bottom-left:0px;--awb-padding-left:30px;--awb-background-image:url(&quot;https:\/\/directcoffee.net\/wp-content\/uploads\/2017\/09\/Schattenb\u00e4ume-e1504603540988.jpg&quot;);--awb-background-size:cover;--awb-border-sizes-top:0px;--awb-border-sizes-bottom:0px;--awb-flex-wrap:wrap;\" ><div class=\"fusion-builder-row fusion-row\"><div class=\"fusion-layout-column fusion_builder_column fusion-builder-column-0 fusion_builder_column_1_2 1_2 fusion-one-half fusion-column-first\" style=\"--awb-bg-size:cover;--awb-margin-top:180px;width:50%;width:calc(50% - ( ( 4% ) * 0.5 ) );margin-right: 4%;\"><div class=\"fusion-column-wrapper fusion-flex-column-wrapper-legacy\"><div class=\"fusion-title title fusion-title-1 fusion-sep-none fusion-title-text fusion-title-size-one\"><h1 class=\"fusion-title-heading title-heading-left\" style=\"margin:0;\">Du bon caf\u00e9.<br \/>\nFor\u00eat et ar\u00f4mes.<\/h1><\/div><div class=\"fusion-clearfix\"><\/div><\/div><\/div><\/div><\/div><div class=\"fusion-fullwidth fullwidth-box fusion-builder-row-2 hundred-percent-fullwidth non-hundred-percent-height-scrolling\" style=\"--awb-border-radius-top-left:0px;--awb-border-radius-top-right:0px;--awb-border-radius-bottom-right:0px;--awb-border-radius-bottom-left:0px;--awb-padding-left:30px;--awb-background-color:#f2ead6;--awb-border-sizes-top:0px;--awb-border-sizes-bottom:0px;--awb-flex-wrap:wrap;\" ><div class=\"fusion-builder-row fusion-row\"><div class=\"fusion-layout-column fusion_builder_column fusion-builder-column-1 fusion_builder_column_1_5 1_5 fusion-one-fifth fusion-column-first\" style=\"--awb-bg-size:cover;width:20%;width:calc(20% - ( ( 4% + 4% ) * 0.2 ) );margin-right: 4%;\"><div class=\"fusion-column-wrapper fusion-flex-column-wrapper-legacy\"><div class=\"fusion-clearfix\"><\/div><\/div><\/div><div class=\"fusion-layout-column fusion_builder_column fusion-builder-column-2 fusion_builder_column_3_5 3_5 fusion-three-fifth stylec\" style=\"--awb-bg-size:cover;--awb-margin-top:70px;--awb-margin-bottom:70px;width:60%;width:calc(60% - ( ( 4% + 4% ) * 0.6 ) );margin-right: 4%;\"><div class=\"fusion-column-wrapper fusion-flex-column-wrapper-legacy\"><div class=\"fusion-text fusion-text-1\"><p style=\"text-align: center;\">Le caf\u00e9 de for\u00eat n&rsquo;est pas seulement bon pour l&rsquo;environnement.<br \/>\nIl a meilleur go\u00fbt aussi.<\/p>\n<p style=\"text-align: center;\">Pour un bon caf\u00e9, il est indispensable d&rsquo;avoir de grands arbres vieux et noueux: ce n&rsquo;est qu&rsquo;\u00e0 l&rsquo;ombre de ceux-ci que les cerises de caf\u00e9 ont suffisamment de temps pour d\u00e9velopper tout leur potentiel aromatique.<\/p>\n<\/div><div class=\"fusion-clearfix\"><\/div><\/div><\/div><div class=\"fusion-layout-column fusion_builder_column fusion-builder-column-3 fusion_builder_column_1_5 1_5 fusion-one-fifth fusion-column-last\" style=\"--awb-bg-size:cover;width:20%;width:calc(20% - ( ( 4% + 4% ) * 0.2 ) );\"><div class=\"fusion-column-wrapper fusion-flex-column-wrapper-legacy\"><div class=\"fusion-clearfix\"><\/div><\/div><\/div><\/div><\/div><div class=\"fusion-fullwidth fullwidth-box fusion-builder-row-3 fusion-parallax-none hundred-percent-fullwidth non-hundred-percent-height-scrolling\" style=\"--awb-border-radius-top-left:0px;--awb-border-radius-top-right:0px;--awb-border-radius-bottom-right:0px;--awb-border-radius-bottom-left:0px;--awb-padding-left:30px;--awb-background-color:#f2ead6;--awb-background-image:url(&quot;https:\/\/directcoffee.net\/wp-content\/uploads\/2017\/09\/Reife-und-unreife-Kaffeekirschen.jpg&quot;);--awb-background-size:cover;--awb-border-sizes-top:0px;--awb-border-sizes-bottom:0px;--awb-flex-wrap:wrap;\" ><div class=\"fusion-builder-row fusion-row\"><div class=\"fusion-layout-column fusion_builder_column fusion-builder-column-4 fusion_builder_column_1_2 1_2 fusion-one-half fusion-column-first styled beige\" style=\"--awb-bg-size:cover;--awb-margin-top:50px;--awb-margin-bottom:50px;width:50%;width:calc(50% - ( ( 4% ) * 0.5 ) );margin-right: 4%;\"><div class=\"fusion-column-wrapper fusion-flex-column-wrapper-legacy\"><div class=\"fusion-title title fusion-title-2 fusion-sep-none fusion-title-text fusion-title-size-two green\"><h2 class=\"fusion-title-heading title-heading-left\" style=\"margin:0;\">Biologische Vielfalt = Aromavielfalt<\/h2><\/div><div class=\"fusion-text fusion-text-2\"><p>Sur les plantations de caf\u00e9 en Am\u00e9rique du Sud, les vari\u00e9t\u00e9s d&rsquo;arabica Typica et Bourbon sont souvent plant\u00e9es. En \u00c9thiopie, pays d&rsquo;origine de l&rsquo;arabica, c&rsquo;est un peu diff\u00e9rent. Les vari\u00e9t\u00e9s locales sont connues sous le nom de \u00ab\u00a0Ethiopian Heirloom\u00a0\u00bb, l&rsquo;h\u00e9ritage \u00e9thiopien. Ce patrimoine se compose de plus de 10.000 vari\u00e9t\u00e9s, car en Ethiopie le caf\u00e9 pousse encore \u00e0 l&rsquo;\u00e9tat sauvage en for\u00eats, o\u00f9 les cerises sont cueillies \u00e0 la main et apport\u00e9es \u00e0 dos d&rsquo;\u00e2ne au march\u00e9 ou \u00e0 la coop\u00e9rative.<\/p>\n<\/div><div class=\"fusion-aligncenter\"><a class=\"fusion-button button-flat fusion-button-default-size button-default fusion-button-default button-1 fusion-button-default-span fusion-button-default-type\" target=\"_self\" href=\"https:\/\/directcoffee.net\/fr\/cafe-boutique\/\"><span class=\"fusion-button-text\">Commander et essayer !<\/span><\/a><\/div><div class=\"fusion-clearfix\"><\/div><\/div><\/div><\/div><\/div><\/p>\n","protected":false},"excerpt":{"rendered":"","protected":false},"author":5,"featured_media":0,"parent":9304,"menu_order":1,"comment_status":"closed","ping_status":"closed","template":"100-width.php","meta":{"footnotes":""},"class_list":["post-9326","page","type-page","status-publish","hentry"],"yoast_head":"<!-- This site is optimized with the Yoast SEO plugin v27.4 - https:\/\/yoast.com\/product\/yoast-seo-wordpress\/ -->\n<title>Caf\u00e9 de for\u00eat de la terre d&#039;origine du caf\u00e9 par Direct Coffee<\/title>\n<meta name=\"description\" content=\"Le caf\u00e9 de for\u00eat a un go\u00fbt beaucoup plus aromatique que le caf\u00e9 de plantation. Et c&#039;est aussi meilleur pour l&#039;environnement. La plante arabica est originaire d&#039;\u00c9thiopie.\" \/>\n<meta name=\"robots\" content=\"index, follow, max-snippet:-1, max-image-preview:large, max-video-preview:-1\" \/>\n<link rel=\"canonical\" href=\"https:\/\/directcoffee.net\/fr\/du-bon-cafe\/foret-et-aromes\/\" \/>\n<meta property=\"og:locale\" content=\"fr_FR\" \/>\n<meta property=\"og:type\" content=\"article\" \/>\n<meta property=\"og:title\" content=\"Caf\u00e9 de for\u00eat de la terre d&#039;origine du caf\u00e9 par Direct Coffee\" \/>\n<meta property=\"og:description\" content=\"Le caf\u00e9 de for\u00eat a un go\u00fbt beaucoup plus aromatique que le caf\u00e9 de plantation. Et c&#039;est aussi meilleur pour l&#039;environnement. La plante arabica est originaire d&#039;\u00c9thiopie.\" \/>\n<meta property=\"og:url\" content=\"https:\/\/directcoffee.net\/fr\/du-bon-cafe\/foret-et-aromes\/\" \/>\n<meta property=\"og:site_name\" content=\"Direct Coffee\" \/>\n<meta property=\"article:publisher\" content=\"https:\/\/fb.com\/directcoffee.net\" \/>\n<meta property=\"article:modified_time\" content=\"2018-05-13T16:46:25+00:00\" \/>\n<meta property=\"og:image\" content=\"https:\/\/directcoffee.net\/wp-content\/uploads\/2017\/07\/Direct-Coffee-FinalLogo_klein.png\" \/>\n\t<meta property=\"og:image:width\" content=\"892\" \/>\n\t<meta property=\"og:image:height\" content=\"904\" \/>\n\t<meta property=\"og:image:type\" content=\"image\/png\" \/>\n<meta name=\"twitter:card\" content=\"summary_large_image\" \/>\n<meta name=\"twitter:site\" content=\"@DirectCoffeeCH\" \/>\n<meta name=\"twitter:label1\" content=\"Dur\u00e9e de lecture estim\u00e9e\" \/>\n\t<meta name=\"twitter:data1\" content=\"5 minutes\" \/>\n<script type=\"application\/ld+json\" class=\"yoast-schema-graph\">{\"@context\":\"https:\\\/\\\/schema.org\",\"@graph\":[{\"@type\":\"WebPage\",\"@id\":\"https:\\\/\\\/directcoffee.net\\\/fr\\\/du-bon-cafe\\\/foret-et-aromes\\\/\",\"url\":\"https:\\\/\\\/directcoffee.net\\\/fr\\\/du-bon-cafe\\\/foret-et-aromes\\\/\",\"name\":\"Caf\u00e9 de for\u00eat de la terre d'origine du caf\u00e9 par Direct Coffee\",\"isPartOf\":{\"@id\":\"https:\\\/\\\/directcoffee.net\\\/fr\\\/#website\"},\"datePublished\":\"2017-09-06T22:45:13+00:00\",\"dateModified\":\"2018-05-13T16:46:25+00:00\",\"description\":\"Le caf\u00e9 de for\u00eat a un go\u00fbt beaucoup plus aromatique que le caf\u00e9 de plantation. Et c'est aussi meilleur pour l'environnement. La plante arabica est originaire d'\u00c9thiopie.\",\"breadcrumb\":{\"@id\":\"https:\\\/\\\/directcoffee.net\\\/fr\\\/du-bon-cafe\\\/foret-et-aromes\\\/#breadcrumb\"},\"inLanguage\":\"fr-FR\",\"potentialAction\":[{\"@type\":\"ReadAction\",\"target\":[\"https:\\\/\\\/directcoffee.net\\\/fr\\\/du-bon-cafe\\\/foret-et-aromes\\\/\"]}]},{\"@type\":\"BreadcrumbList\",\"@id\":\"https:\\\/\\\/directcoffee.net\\\/fr\\\/du-bon-cafe\\\/foret-et-aromes\\\/#breadcrumb\",\"itemListElement\":[{\"@type\":\"ListItem\",\"position\":1,\"name\":\"Home\",\"item\":\"https:\\\/\\\/directcoffee.net\\\/fr\\\/\"},{\"@type\":\"ListItem\",\"position\":2,\"name\":\"Du bon caf\u00e9\",\"item\":\"https:\\\/\\\/directcoffee.net\\\/fr\\\/du-bon-cafe\\\/\"},{\"@type\":\"ListItem\",\"position\":3,\"name\":\"For\u00eat et ar\u00f4mes\"}]},{\"@type\":\"WebSite\",\"@id\":\"https:\\\/\\\/directcoffee.net\\\/fr\\\/#website\",\"url\":\"https:\\\/\\\/directcoffee.net\\\/fr\\\/\",\"name\":\"Direct Coffee\",\"description\":\"Nachhaltiger Kaffee direkt vom Bauern in Deine Tasse\",\"publisher\":{\"@id\":\"https:\\\/\\\/directcoffee.net\\\/fr\\\/#organization\"},\"potentialAction\":[{\"@type\":\"SearchAction\",\"target\":{\"@type\":\"EntryPoint\",\"urlTemplate\":\"https:\\\/\\\/directcoffee.net\\\/fr\\\/?s={search_term_string}\"},\"query-input\":{\"@type\":\"PropertyValueSpecification\",\"valueRequired\":true,\"valueName\":\"search_term_string\"}}],\"inLanguage\":\"fr-FR\"},{\"@type\":\"Organization\",\"@id\":\"https:\\\/\\\/directcoffee.net\\\/fr\\\/#organization\",\"name\":\"Direct Coffee\",\"url\":\"https:\\\/\\\/directcoffee.net\\\/fr\\\/\",\"logo\":{\"@type\":\"ImageObject\",\"inLanguage\":\"fr-FR\",\"@id\":\"https:\\\/\\\/directcoffee.net\\\/fr\\\/#\\\/schema\\\/logo\\\/image\\\/\",\"url\":\"https:\\\/\\\/directcoffee.net\\\/wp-content\\\/uploads\\\/2017\\\/08\\\/Direct-Coffee-brown-logo-no-background.png\",\"contentUrl\":\"https:\\\/\\\/directcoffee.net\\\/wp-content\\\/uploads\\\/2017\\\/08\\\/Direct-Coffee-brown-logo-no-background.png\",\"width\":892,\"height\":904,\"caption\":\"Direct Coffee\"},\"image\":{\"@id\":\"https:\\\/\\\/directcoffee.net\\\/fr\\\/#\\\/schema\\\/logo\\\/image\\\/\"},\"sameAs\":[\"https:\\\/\\\/fb.com\\\/directcoffee.net\",\"https:\\\/\\\/x.com\\\/DirectCoffeeCH\",\"https:\\\/\\\/www.instagram.com\\\/direct_coffee\\\/\",\"https:\\\/\\\/www.youtube.com\\\/channel\\\/UCOiDLRMnkMQKFHvQQ_Ju40w\"]}]}<\/script>\n<!-- \/ Yoast SEO plugin. -->","yoast_head_json":{"title":"Caf\u00e9 de for\u00eat de la terre d'origine du caf\u00e9 par Direct Coffee","description":"Le caf\u00e9 de for\u00eat a un go\u00fbt beaucoup plus aromatique que le caf\u00e9 de plantation. Et c'est aussi meilleur pour l'environnement. La plante arabica est originaire d'\u00c9thiopie.","robots":{"index":"index","follow":"follow","max-snippet":"max-snippet:-1","max-image-preview":"max-image-preview:large","max-video-preview":"max-video-preview:-1"},"canonical":"https:\/\/directcoffee.net\/fr\/du-bon-cafe\/foret-et-aromes\/","og_locale":"fr_FR","og_type":"article","og_title":"Caf\u00e9 de for\u00eat de la terre d'origine du caf\u00e9 par Direct Coffee","og_description":"Le caf\u00e9 de for\u00eat a un go\u00fbt beaucoup plus aromatique que le caf\u00e9 de plantation. Et c'est aussi meilleur pour l'environnement. La plante arabica est originaire d'\u00c9thiopie.","og_url":"https:\/\/directcoffee.net\/fr\/du-bon-cafe\/foret-et-aromes\/","og_site_name":"Direct Coffee","article_publisher":"https:\/\/fb.com\/directcoffee.net","article_modified_time":"2018-05-13T16:46:25+00:00","og_image":[{"width":892,"height":904,"url":"https:\/\/directcoffee.net\/wp-content\/uploads\/2017\/07\/Direct-Coffee-FinalLogo_klein.png","type":"image\/png"}],"twitter_card":"summary_large_image","twitter_site":"@DirectCoffeeCH","twitter_misc":{"Dur\u00e9e de lecture estim\u00e9e":"5 minutes"},"schema":{"@context":"https:\/\/schema.org","@graph":[{"@type":"WebPage","@id":"https:\/\/directcoffee.net\/fr\/du-bon-cafe\/foret-et-aromes\/","url":"https:\/\/directcoffee.net\/fr\/du-bon-cafe\/foret-et-aromes\/","name":"Caf\u00e9 de for\u00eat de la terre d'origine du caf\u00e9 par Direct Coffee","isPartOf":{"@id":"https:\/\/directcoffee.net\/fr\/#website"},"datePublished":"2017-09-06T22:45:13+00:00","dateModified":"2018-05-13T16:46:25+00:00","description":"Le caf\u00e9 de for\u00eat a un go\u00fbt beaucoup plus aromatique que le caf\u00e9 de plantation. Et c'est aussi meilleur pour l'environnement. La plante arabica est originaire d'\u00c9thiopie.","breadcrumb":{"@id":"https:\/\/directcoffee.net\/fr\/du-bon-cafe\/foret-et-aromes\/#breadcrumb"},"inLanguage":"fr-FR","potentialAction":[{"@type":"ReadAction","target":["https:\/\/directcoffee.net\/fr\/du-bon-cafe\/foret-et-aromes\/"]}]},{"@type":"BreadcrumbList","@id":"https:\/\/directcoffee.net\/fr\/du-bon-cafe\/foret-et-aromes\/#breadcrumb","itemListElement":[{"@type":"ListItem","position":1,"name":"Home","item":"https:\/\/directcoffee.net\/fr\/"},{"@type":"ListItem","position":2,"name":"Du bon caf\u00e9","item":"https:\/\/directcoffee.net\/fr\/du-bon-cafe\/"},{"@type":"ListItem","position":3,"name":"For\u00eat et ar\u00f4mes"}]},{"@type":"WebSite","@id":"https:\/\/directcoffee.net\/fr\/#website","url":"https:\/\/directcoffee.net\/fr\/","name":"Direct Coffee","description":"Nachhaltiger Kaffee direkt vom Bauern in Deine Tasse","publisher":{"@id":"https:\/\/directcoffee.net\/fr\/#organization"},"potentialAction":[{"@type":"SearchAction","target":{"@type":"EntryPoint","urlTemplate":"https:\/\/directcoffee.net\/fr\/?s={search_term_string}"},"query-input":{"@type":"PropertyValueSpecification","valueRequired":true,"valueName":"search_term_string"}}],"inLanguage":"fr-FR"},{"@type":"Organization","@id":"https:\/\/directcoffee.net\/fr\/#organization","name":"Direct Coffee","url":"https:\/\/directcoffee.net\/fr\/","logo":{"@type":"ImageObject","inLanguage":"fr-FR","@id":"https:\/\/directcoffee.net\/fr\/#\/schema\/logo\/image\/","url":"https:\/\/directcoffee.net\/wp-content\/uploads\/2017\/08\/Direct-Coffee-brown-logo-no-background.png","contentUrl":"https:\/\/directcoffee.net\/wp-content\/uploads\/2017\/08\/Direct-Coffee-brown-logo-no-background.png","width":892,"height":904,"caption":"Direct Coffee"},"image":{"@id":"https:\/\/directcoffee.net\/fr\/#\/schema\/logo\/image\/"},"sameAs":["https:\/\/fb.com\/directcoffee.net","https:\/\/x.com\/DirectCoffeeCH","https:\/\/www.instagram.com\/direct_coffee\/","https:\/\/www.youtube.com\/channel\/UCOiDLRMnkMQKFHvQQ_Ju40w"]}]}},"_links":{"self":[{"href":"https:\/\/directcoffee.net\/fr\/wp-json\/wp\/v2\/pages\/9326","targetHints":{"allow":["GET"]}}],"collection":[{"href":"https:\/\/directcoffee.net\/fr\/wp-json\/wp\/v2\/pages"}],"about":[{"href":"https:\/\/directcoffee.net\/fr\/wp-json\/wp\/v2\/types\/page"}],"author":[{"embeddable":true,"href":"https:\/\/directcoffee.net\/fr\/wp-json\/wp\/v2\/users\/5"}],"replies":[{"embeddable":true,"href":"https:\/\/directcoffee.net\/fr\/wp-json\/wp\/v2\/comments?post=9326"}],"version-history":[{"count":0,"href":"https:\/\/directcoffee.net\/fr\/wp-json\/wp\/v2\/pages\/9326\/revisions"}],"up":[{"embeddable":true,"href":"https:\/\/directcoffee.net\/fr\/wp-json\/wp\/v2\/pages\/9304"}],"wp:attachment":[{"href":"https:\/\/directcoffee.net\/fr\/wp-json\/wp\/v2\/media?parent=9326"}],"curies":[{"name":"wp","href":"https:\/\/api.w.org\/{rel}","templated":true}]}}