{"id":9191,"date":"2017-09-06T21:08:21","date_gmt":"2017-09-06T19:08:21","guid":{"rendered":"https:\/\/directcoffee.net\/cafe-boutique\/"},"modified":"2017-09-29T18:25:14","modified_gmt":"2017-09-29T16:25:14","slug":"cafe-boutique","status":"publish","type":"page","link":"https:\/\/directcoffee.net\/fr\/cafe-boutique\/","title":{"rendered":"Boutique-caf\u00e9"},"content":{"rendered":"<p><div class=\"fusion-fullwidth fullwidth-box fusion-builder-row-1 nonhundred-percent-fullwidth non-hundred-percent-height-scrolling\" style=\"--awb-border-radius-top-left:0px;--awb-border-radius-top-right:0px;--awb-border-radius-bottom-right:0px;--awb-border-radius-bottom-left:0px;--awb-background-color:#f2ead6;--awb-flex-wrap:wrap;\" ><div class=\"fusion-builder-row fusion-row\"><div class=\"fusion-layout-column fusion_builder_column fusion-builder-column-0 fusion_builder_column_1_6 1_6 fusion-one-sixth fusion-column-first\" style=\"--awb-bg-size:cover;width:16.666666666667%;width:calc(16.666666666667% - ( ( 4% + 4% ) * 0.16666666666667 ) );margin-right: 4%;\"><div class=\"fusion-column-wrapper fusion-flex-column-wrapper-legacy\"><div class=\"fusion-clearfix\"><\/div><\/div><\/div><div class=\"fusion-layout-column fusion_builder_column fusion-builder-column-1 fusion_builder_column_2_3 2_3 fusion-two-third\" style=\"--awb-padding-top:20px;--awb-padding-bottom:30px;--awb-bg-size:cover;width:66.666666666667%;width:calc(66.666666666667% - ( ( 4% + 4% ) * 0.66666666666667 ) );margin-right: 4%;\"><div class=\"fusion-column-wrapper fusion-flex-column-wrapper-legacy\"><div class=\"fusion-text fusion-text-1\"><h3 style=\"text-align: center;\">Que ce soit pour toi-m\u00eame, comme cadeau, pour vos coll\u00e8gues et employ\u00e9s ou pour vos clients: ici tu trouveras le caf\u00e9 parfait !<\/h3>\n<h3 style=\"text-align: center;\">Et avec notre aromatique caf\u00e9 de for\u00eat, tu peux \u00eatre s\u00fbr que la nature et les hommes et le femmes tout au long de la cha\u00eene de valeur vont bien.<\/h3>\n<\/div><div class=\"fusion-clearfix\"><\/div><\/div><\/div><div class=\"fusion-layout-column fusion_builder_column fusion-builder-column-2 fusion_builder_column_1_6 1_6 fusion-one-sixth fusion-column-last\" style=\"--awb-bg-size:cover;width:16.666666666667%;width:calc(16.666666666667% - ( ( 4% + 4% ) * 0.16666666666667 ) );\"><div class=\"fusion-column-wrapper fusion-flex-column-wrapper-legacy\"><div class=\"fusion-clearfix\"><\/div><\/div><\/div><\/div><\/div><div class=\"fusion-fullwidth fullwidth-box fusion-builder-row-2 nonhundred-percent-fullwidth non-hundred-percent-height-scrolling\" style=\"--awb-border-radius-top-left:0px;--awb-border-radius-top-right:0px;--awb-border-radius-bottom-right:0px;--awb-border-radius-bottom-left:0px;--awb-padding-right:40px;--awb-padding-left:40px;--awb-background-color:#f2ead6;--awb-flex-wrap:wrap;\" ><div class=\"fusion-builder-row fusion-row\"><div class=\"fusion-layout-column fusion_builder_column fusion-builder-column-3 fusion_builder_column_1_2 1_2 fusion-one-half fusion-column-first fusion-column-inner-bg-wrapper fusion-column-liftup-border\" style=\"--awb-padding-top:30px;--awb-padding-right:20px;--awb-padding-bottom:60px;--awb-padding-left:20px;--awb-inner-bg-image:url(&#039;https:\/\/directcoffee.net\/wp-content\/uploads\/2017\/09\/Fr\u00fchst\u00fcck-am-Bett.jpeg&#039;);--awb-inner-bg-position:center center;--awb-inner-bg-size:cover;width:50%;width:calc(50% - ( ( 4% ) * 0.5 ) );margin-right: 4%;\"><span class=\"fusion-column-inner-bg hover-type-liftup\"><a class=\"fusion-column-anchor\" href=\"https:\/\/directcoffee.net\/fr\/cafe-boutique\/a-la-maison\/\"><span class=\"fusion-column-inner-bg-image\"><\/span><\/a><\/span><div class=\"fusion-column-wrapper fusion-flex-column-wrapper-legacy fusion-column-has-bg-image\" data-bg-url=\"https:\/\/directcoffee.net\/wp-content\/uploads\/2017\/09\/Fr\u00fchst\u00fcck-am-Bett.jpeg\"><div class=\"fusion-text fusion-text-2\"><h2 style=\"text-align: left;\"><span style=\"color: #74e27c;\">A la maison<\/span><\/h2>\n<\/div><div class=\"fusion-text fusion-text-3\"><h4 style=\"text-align: right;\"><span style=\"color: #74e27c;\">En apprendre plus &gt;\u00a0<\/span><\/h4>\n<\/div><div class=\"fusion-clearfix\"><\/div><\/div><\/div><div class=\"fusion-layout-column fusion_builder_column fusion-builder-column-4 fusion_builder_column_1_2 1_2 fusion-one-half fusion-column-last fusion-column-inner-bg-wrapper fusion-column-liftup-border\" style=\"--awb-padding-top:30px;--awb-padding-right:20px;--awb-padding-bottom:60px;--awb-padding-left:20px;--awb-inner-bg-image:url(&#039;https:\/\/directcoffee.net\/wp-content\/uploads\/2017\/09\/Kaffee-Geschenke.jpg&#039;);--awb-inner-bg-position:center center;--awb-inner-bg-size:cover;width:50%;width:calc(50% - ( ( 4% ) * 0.5 ) );\"><span class=\"fusion-column-inner-bg hover-type-liftup\"><a class=\"fusion-column-anchor\" href=\"https:\/\/directcoffee.net\/fr\/cafe-boutique\/cadeaux\/\"><span class=\"fusion-column-inner-bg-image\"><\/span><\/a><\/span><div class=\"fusion-column-wrapper fusion-flex-column-wrapper-legacy fusion-column-has-bg-image\" data-bg-url=\"https:\/\/directcoffee.net\/wp-content\/uploads\/2017\/09\/Kaffee-Geschenke.jpg\"><div class=\"fusion-text fusion-text-4\"><h2><span style=\"color: #74e27c;\">Cadeaux<\/span><\/h2>\n<h4><\/h4>\n<p>&nbsp;<\/p>\n<p>&nbsp;<\/p>\n<h4 style=\"text-align: right;\"><span style=\"color: #74e27c;\">En apprendre plus &gt;<\/span><\/h4>\n<\/div><div class=\"fusion-clearfix\"><\/div><\/div><\/div><div class=\"fusion-layout-column fusion_builder_column fusion-builder-column-5 fusion_builder_column_1_2 1_2 fusion-one-half fusion-column-first fusion-column-inner-bg-wrapper fusion-column-liftup-border\" style=\"--awb-padding-top:60px;--awb-padding-right:20px;--awb-padding-bottom:30px;--awb-padding-left:20px;--awb-inner-bg-image:url(&#039;https:\/\/directcoffee.net\/wp-content\/uploads\/2017\/09\/F\u00fcr-Gastro-und-L\u00e4den.jpg&#039;);--awb-inner-bg-position:center center;--awb-inner-bg-size:cover;width:50%;width:calc(50% - ( ( 4% ) * 0.5 ) );margin-right: 4%;\"><span class=\"fusion-column-inner-bg hover-type-liftup\"><a class=\"fusion-column-anchor\" href=\"https:\/\/directcoffee.net\/fr\/cafe-boutique\/pour-magasins-et-gastro\/\"><span class=\"fusion-column-inner-bg-image\"><\/span><\/a><\/span><div class=\"fusion-column-wrapper fusion-flex-column-wrapper-legacy fusion-column-has-bg-image\" data-bg-url=\"https:\/\/directcoffee.net\/wp-content\/uploads\/2017\/09\/F\u00fcr-Gastro-und-L\u00e4den.jpg\"><div class=\"fusion-text fusion-text-5\"><h2><span style=\"color: #74e27c;\">Pour magasins et gastro<\/span><\/h2>\n<\/div><div class=\"fusion-text fusion-text-6\"><h4 style=\"text-align: right;\"><span style=\"color: #74e27c;\">En apprendre plus &gt;\u00a0<\/span><\/h4>\n<\/div><div class=\"fusion-clearfix\"><\/div><\/div><\/div><div class=\"fusion-layout-column fusion_builder_column fusion-builder-column-6 fusion_builder_column_1_2 1_2 fusion-one-half fusion-column-last fusion-column-inner-bg-wrapper fusion-column-liftup-border\" style=\"--awb-padding-top:70px;--awb-padding-right:20px;--awb-padding-bottom:20px;--awb-padding-left:20px;--awb-inner-bg-image:url(&#039;https:\/\/directcoffee.net\/wp-content\/uploads\/2017\/09\/Kaffee-im-B\u00fcro.jpeg&#039;);--awb-inner-bg-position:center center;--awb-inner-bg-size:cover;width:50%;width:calc(50% - ( ( 4% ) * 0.5 ) );\"><span class=\"fusion-column-inner-bg hover-type-liftup\"><a class=\"fusion-column-anchor\" href=\"https:\/\/directcoffee.net\/fr\/cafe-boutique\/au-bureau\/\"><span class=\"fusion-column-inner-bg-image\"><\/span><\/a><\/span><div class=\"fusion-column-wrapper fusion-flex-column-wrapper-legacy fusion-column-has-bg-image\" data-bg-url=\"https:\/\/directcoffee.net\/wp-content\/uploads\/2017\/09\/Kaffee-im-B\u00fcro.jpeg\"><div class=\"fusion-text fusion-text-7\"><h2><span style=\"color: #74e27c;\">Au bureau<br \/>\n<\/span><\/h2>\n<p>&nbsp;<\/p>\n<h4 style=\"text-align: center;\"><span style=\"color: #74e27c;\">En apprendre plus &gt;<\/span><\/h4>\n<\/div><div class=\"fusion-clearfix\"><\/div><\/div><\/div><\/div><\/div><\/p>\n","protected":false},"excerpt":{"rendered":"","protected":false},"author":5,"featured_media":0,"parent":0,"menu_order":0,"comment_status":"closed","ping_status":"closed","template":"100-width.php","meta":{"footnotes":""},"class_list":["post-9191","page","type-page","status-publish","hentry"],"yoast_head":"<!-- This site is optimized with the Yoast SEO plugin v27.5 - https:\/\/yoast.com\/product\/yoast-seo-wordpress\/ -->\n<title>Boutique-caf\u00e9 &#8211; Direct Coffee<\/title>\n<meta name=\"robots\" content=\"index, follow, max-snippet:-1, max-image-preview:large, max-video-preview:-1\" \/>\n<link rel=\"canonical\" href=\"https:\/\/directcoffee.net\/fr\/cafe-boutique\/\" \/>\n<meta property=\"og:locale\" content=\"fr_FR\" \/>\n<meta property=\"og:type\" content=\"article\" \/>\n<meta property=\"og:title\" content=\"Boutique-caf\u00e9 &#8211; Direct Coffee\" \/>\n<meta property=\"og:url\" content=\"https:\/\/directcoffee.net\/fr\/cafe-boutique\/\" \/>\n<meta property=\"og:site_name\" content=\"Direct Coffee\" \/>\n<meta property=\"article:publisher\" content=\"https:\/\/fb.com\/directcoffee.net\" \/>\n<meta property=\"article:modified_time\" content=\"2017-09-29T16:25:14+00:00\" \/>\n<meta property=\"og:image\" content=\"https:\/\/directcoffee.net\/wp-content\/uploads\/2017\/07\/Direct-Coffee-FinalLogo_klein.png\" \/>\n\t<meta property=\"og:image:width\" content=\"892\" \/>\n\t<meta property=\"og:image:height\" content=\"904\" \/>\n\t<meta property=\"og:image:type\" content=\"image\/png\" \/>\n<meta name=\"twitter:card\" content=\"summary_large_image\" \/>\n<meta name=\"twitter:site\" content=\"@DirectCoffeeCH\" \/>\n<meta name=\"twitter:label1\" content=\"Dur\u00e9e de lecture estim\u00e9e\" \/>\n\t<meta name=\"twitter:data1\" content=\"4 minutes\" \/>\n<script type=\"application\/ld+json\" class=\"yoast-schema-graph\">{\"@context\":\"https:\\\/\\\/schema.org\",\"@graph\":[{\"@type\":\"WebPage\",\"@id\":\"https:\\\/\\\/directcoffee.net\\\/fr\\\/cafe-boutique\\\/\",\"url\":\"https:\\\/\\\/directcoffee.net\\\/fr\\\/cafe-boutique\\\/\",\"name\":\"Boutique-caf\u00e9 &#8211; Direct Coffee\",\"isPartOf\":{\"@id\":\"https:\\\/\\\/directcoffee.net\\\/fr\\\/#website\"},\"datePublished\":\"2017-09-06T19:08:21+00:00\",\"dateModified\":\"2017-09-29T16:25:14+00:00\",\"breadcrumb\":{\"@id\":\"https:\\\/\\\/directcoffee.net\\\/fr\\\/cafe-boutique\\\/#breadcrumb\"},\"inLanguage\":\"fr-FR\",\"potentialAction\":[{\"@type\":\"ReadAction\",\"target\":[\"https:\\\/\\\/directcoffee.net\\\/fr\\\/cafe-boutique\\\/\"]}]},{\"@type\":\"BreadcrumbList\",\"@id\":\"https:\\\/\\\/directcoffee.net\\\/fr\\\/cafe-boutique\\\/#breadcrumb\",\"itemListElement\":[{\"@type\":\"ListItem\",\"position\":1,\"name\":\"Home\",\"item\":\"https:\\\/\\\/directcoffee.net\\\/fr\\\/\"},{\"@type\":\"ListItem\",\"position\":2,\"name\":\"Boutique-caf\u00e9\"}]},{\"@type\":\"WebSite\",\"@id\":\"https:\\\/\\\/directcoffee.net\\\/fr\\\/#website\",\"url\":\"https:\\\/\\\/directcoffee.net\\\/fr\\\/\",\"name\":\"Direct Coffee\",\"description\":\"Nachhaltiger Kaffee direkt vom Bauern in Deine Tasse\",\"publisher\":{\"@id\":\"https:\\\/\\\/directcoffee.net\\\/fr\\\/#organization\"},\"potentialAction\":[{\"@type\":\"SearchAction\",\"target\":{\"@type\":\"EntryPoint\",\"urlTemplate\":\"https:\\\/\\\/directcoffee.net\\\/fr\\\/?s={search_term_string}\"},\"query-input\":{\"@type\":\"PropertyValueSpecification\",\"valueRequired\":true,\"valueName\":\"search_term_string\"}}],\"inLanguage\":\"fr-FR\"},{\"@type\":\"Organization\",\"@id\":\"https:\\\/\\\/directcoffee.net\\\/fr\\\/#organization\",\"name\":\"Direct Coffee\",\"url\":\"https:\\\/\\\/directcoffee.net\\\/fr\\\/\",\"logo\":{\"@type\":\"ImageObject\",\"inLanguage\":\"fr-FR\",\"@id\":\"https:\\\/\\\/directcoffee.net\\\/fr\\\/#\\\/schema\\\/logo\\\/image\\\/\",\"url\":\"https:\\\/\\\/directcoffee.net\\\/wp-content\\\/uploads\\\/2017\\\/08\\\/Direct-Coffee-brown-logo-no-background.png\",\"contentUrl\":\"https:\\\/\\\/directcoffee.net\\\/wp-content\\\/uploads\\\/2017\\\/08\\\/Direct-Coffee-brown-logo-no-background.png\",\"width\":892,\"height\":904,\"caption\":\"Direct Coffee\"},\"image\":{\"@id\":\"https:\\\/\\\/directcoffee.net\\\/fr\\\/#\\\/schema\\\/logo\\\/image\\\/\"},\"sameAs\":[\"https:\\\/\\\/fb.com\\\/directcoffee.net\",\"https:\\\/\\\/x.com\\\/DirectCoffeeCH\",\"https:\\\/\\\/www.instagram.com\\\/direct_coffee\\\/\",\"https:\\\/\\\/www.youtube.com\\\/channel\\\/UCOiDLRMnkMQKFHvQQ_Ju40w\"]}]}<\/script>\n<!-- \/ Yoast SEO plugin. -->","yoast_head_json":{"title":"Boutique-caf\u00e9 &#8211; Direct Coffee","robots":{"index":"index","follow":"follow","max-snippet":"max-snippet:-1","max-image-preview":"max-image-preview:large","max-video-preview":"max-video-preview:-1"},"canonical":"https:\/\/directcoffee.net\/fr\/cafe-boutique\/","og_locale":"fr_FR","og_type":"article","og_title":"Boutique-caf\u00e9 &#8211; Direct Coffee","og_url":"https:\/\/directcoffee.net\/fr\/cafe-boutique\/","og_site_name":"Direct Coffee","article_publisher":"https:\/\/fb.com\/directcoffee.net","article_modified_time":"2017-09-29T16:25:14+00:00","og_image":[{"width":892,"height":904,"url":"https:\/\/directcoffee.net\/wp-content\/uploads\/2017\/07\/Direct-Coffee-FinalLogo_klein.png","type":"image\/png"}],"twitter_card":"summary_large_image","twitter_site":"@DirectCoffeeCH","twitter_misc":{"Dur\u00e9e de lecture estim\u00e9e":"4 minutes"},"schema":{"@context":"https:\/\/schema.org","@graph":[{"@type":"WebPage","@id":"https:\/\/directcoffee.net\/fr\/cafe-boutique\/","url":"https:\/\/directcoffee.net\/fr\/cafe-boutique\/","name":"Boutique-caf\u00e9 &#8211; Direct Coffee","isPartOf":{"@id":"https:\/\/directcoffee.net\/fr\/#website"},"datePublished":"2017-09-06T19:08:21+00:00","dateModified":"2017-09-29T16:25:14+00:00","breadcrumb":{"@id":"https:\/\/directcoffee.net\/fr\/cafe-boutique\/#breadcrumb"},"inLanguage":"fr-FR","potentialAction":[{"@type":"ReadAction","target":["https:\/\/directcoffee.net\/fr\/cafe-boutique\/"]}]},{"@type":"BreadcrumbList","@id":"https:\/\/directcoffee.net\/fr\/cafe-boutique\/#breadcrumb","itemListElement":[{"@type":"ListItem","position":1,"name":"Home","item":"https:\/\/directcoffee.net\/fr\/"},{"@type":"ListItem","position":2,"name":"Boutique-caf\u00e9"}]},{"@type":"WebSite","@id":"https:\/\/directcoffee.net\/fr\/#website","url":"https:\/\/directcoffee.net\/fr\/","name":"Direct Coffee","description":"Nachhaltiger Kaffee direkt vom Bauern in Deine Tasse","publisher":{"@id":"https:\/\/directcoffee.net\/fr\/#organization"},"potentialAction":[{"@type":"SearchAction","target":{"@type":"EntryPoint","urlTemplate":"https:\/\/directcoffee.net\/fr\/?s={search_term_string}"},"query-input":{"@type":"PropertyValueSpecification","valueRequired":true,"valueName":"search_term_string"}}],"inLanguage":"fr-FR"},{"@type":"Organization","@id":"https:\/\/directcoffee.net\/fr\/#organization","name":"Direct Coffee","url":"https:\/\/directcoffee.net\/fr\/","logo":{"@type":"ImageObject","inLanguage":"fr-FR","@id":"https:\/\/directcoffee.net\/fr\/#\/schema\/logo\/image\/","url":"https:\/\/directcoffee.net\/wp-content\/uploads\/2017\/08\/Direct-Coffee-brown-logo-no-background.png","contentUrl":"https:\/\/directcoffee.net\/wp-content\/uploads\/2017\/08\/Direct-Coffee-brown-logo-no-background.png","width":892,"height":904,"caption":"Direct Coffee"},"image":{"@id":"https:\/\/directcoffee.net\/fr\/#\/schema\/logo\/image\/"},"sameAs":["https:\/\/fb.com\/directcoffee.net","https:\/\/x.com\/DirectCoffeeCH","https:\/\/www.instagram.com\/direct_coffee\/","https:\/\/www.youtube.com\/channel\/UCOiDLRMnkMQKFHvQQ_Ju40w"]}]}},"_links":{"self":[{"href":"https:\/\/directcoffee.net\/fr\/wp-json\/wp\/v2\/pages\/9191","targetHints":{"allow":["GET"]}}],"collection":[{"href":"https:\/\/directcoffee.net\/fr\/wp-json\/wp\/v2\/pages"}],"about":[{"href":"https:\/\/directcoffee.net\/fr\/wp-json\/wp\/v2\/types\/page"}],"author":[{"embeddable":true,"href":"https:\/\/directcoffee.net\/fr\/wp-json\/wp\/v2\/users\/5"}],"replies":[{"embeddable":true,"href":"https:\/\/directcoffee.net\/fr\/wp-json\/wp\/v2\/comments?post=9191"}],"version-history":[{"count":0,"href":"https:\/\/directcoffee.net\/fr\/wp-json\/wp\/v2\/pages\/9191\/revisions"}],"wp:attachment":[{"href":"https:\/\/directcoffee.net\/fr\/wp-json\/wp\/v2\/media?parent=9191"}],"curies":[{"name":"wp","href":"https:\/\/api.w.org\/{rel}","templated":true}]}}