{"id":9173,"date":"2017-09-06T17:59:46","date_gmt":"2017-09-06T15:59:46","guid":{"rendered":"https:\/\/directcoffee.net\/vraie-durabilite\/"},"modified":"2018-08-30T14:57:44","modified_gmt":"2018-08-30T12:57:44","slug":"vraie-durabilite","status":"publish","type":"page","link":"https:\/\/directcoffee.net\/fr\/vraie-durabilite\/","title":{"rendered":"Vraie durabilit\u00e9"},"content":{"rendered":"<p><div class=\"fusion-fullwidth fullwidth-box fusion-builder-row-1 nonhundred-percent-fullwidth non-hundred-percent-height-scrolling\" style=\"--awb-border-radius-top-left:0px;--awb-border-radius-top-right:0px;--awb-border-radius-bottom-right:0px;--awb-border-radius-bottom-left:0px;--awb-background-color:#f2ead6;--awb-flex-wrap:wrap;\" ><div class=\"fusion-builder-row fusion-row\"><div class=\"fusion-layout-column fusion_builder_column fusion-builder-column-0 fusion_builder_column_1_6 1_6 fusion-one-sixth fusion-column-first\" style=\"--awb-bg-size:cover;width:16.666666666667%;width:calc(16.666666666667% - ( ( 4% + 4% ) * 0.16666666666667 ) );margin-right: 4%;\"><div class=\"fusion-column-wrapper fusion-flex-column-wrapper-legacy\"><div class=\"fusion-clearfix\"><\/div><\/div><\/div><div class=\"fusion-layout-column fusion_builder_column fusion-builder-column-1 fusion_builder_column_2_3 2_3 fusion-two-third stylec\" style=\"--awb-padding-top:20px;--awb-padding-bottom:30px;--awb-bg-size:cover;width:66.666666666667%;width:calc(66.666666666667% - ( ( 4% + 4% ) * 0.66666666666667 ) );margin-right: 4%;\"><div class=\"fusion-column-wrapper fusion-flex-column-wrapper-legacy\"><div class=\"fusion-text fusion-text-1\"><p style=\"text-align: center;\">Avec Direct Coffee, nous essayons de rendre le monde un peu meilleur. Et de vous aider \u00e0 faire de m\u00eame: changer le monde en buvant du caf\u00e9.<\/p>\n<p style=\"text-align: center;\">Nous voulons rendre les d\u00e9cisions durables dans votre vie quotidienne aussi faciles que possible. Et le quotidien commence (on l&rsquo;esp\u00e8re) avec une bonne tasse de caf\u00e9!<\/p>\n<\/div><div class=\"fusion-clearfix\"><\/div><\/div><\/div><div class=\"fusion-layout-column fusion_builder_column fusion-builder-column-2 fusion_builder_column_1_6 1_6 fusion-one-sixth fusion-column-last\" style=\"--awb-bg-size:cover;width:16.666666666667%;width:calc(16.666666666667% - ( ( 4% + 4% ) * 0.16666666666667 ) );\"><div class=\"fusion-column-wrapper fusion-flex-column-wrapper-legacy\"><div class=\"fusion-clearfix\"><\/div><\/div><\/div><\/div><\/div><div class=\"fusion-fullwidth fullwidth-box fusion-builder-row-2 nonhundred-percent-fullwidth non-hundred-percent-height-scrolling\" style=\"--awb-border-radius-top-left:0px;--awb-border-radius-top-right:0px;--awb-border-radius-bottom-right:0px;--awb-border-radius-bottom-left:0px;--awb-padding-right:40px;--awb-padding-left:40px;--awb-background-color:#f2ead6;--awb-flex-wrap:wrap;\" ><div class=\"fusion-builder-row fusion-row\"><div class=\"fusion-layout-column fusion_builder_column fusion-builder-column-3 fusion_builder_column_1_2 1_2 fusion-one-half fusion-column-first fusion-column-inner-bg-wrapper fusion-column-liftup-border\" style=\"--awb-padding-top:80px;--awb-padding-right:20px;--awb-padding-bottom:0px;--awb-padding-left:20px;--awb-inner-bg-image:url(&#039;https:\/\/directcoffee.net\/wp-content\/uploads\/2017\/08\/Direkter-Handel-und-faire-Preise-3.jpg&#039;);--awb-inner-bg-position:center center;--awb-inner-bg-size:cover;width:50%;width:calc(50% - ( ( 4% ) * 0.5 ) );margin-right: 4%;\"><span class=\"fusion-column-inner-bg hover-type-liftup\"><a class=\"fusion-column-anchor\" href=\"https:\/\/directcoffee.net\/fr\/vraie-durabilite\/commerce-direct\/\"><span class=\"fusion-column-inner-bg-image\"><\/span><\/a><\/span><div class=\"fusion-column-wrapper fusion-flex-column-wrapper-legacy fusion-column-has-bg-image\" data-bg-url=\"https:\/\/directcoffee.net\/wp-content\/uploads\/2017\/08\/Direkter-Handel-und-faire-Preise-3.jpg\"><div class=\"fusion-text fusion-text-2\"><h4 style=\"text-align: right;\"><span style=\"color: #74e27c;\">En apprendre plus &gt;\u00a0<\/span><\/h4>\n<p>&nbsp;<\/p>\n<\/div><div class=\"fusion-text fusion-text-3\"><h2><span style=\"color: #74e27c;\">Commerce direct et \u00e9quitable<\/span><\/h2>\n<\/div><div class=\"fusion-clearfix\"><\/div><\/div><\/div><div class=\"fusion-layout-column fusion_builder_column fusion-builder-column-4 fusion_builder_column_1_2 1_2 fusion-one-half fusion-column-last fusion-column-inner-bg-wrapper fusion-column-liftup-border\" style=\"--awb-padding-top:70px;--awb-padding-right:20px;--awb-padding-bottom:40px;--awb-padding-left:20px;--awb-inner-bg-image:url(&#039;https:\/\/directcoffee.net\/wp-content\/uploads\/2017\/08\/Waldkaffee-schuetzt-den-natuerlichen-Wald-1.jpg&#039;);--awb-inner-bg-position:center center;--awb-inner-bg-size:cover;width:50%;width:calc(50% - ( ( 4% ) * 0.5 ) );\"><span class=\"fusion-column-inner-bg hover-type-liftup\"><a class=\"fusion-column-anchor\" href=\"https:\/\/directcoffee.net\/fr\/vraie-durabilite\/mieux-que-bio\/\"><span class=\"fusion-column-inner-bg-image\"><\/span><\/a><\/span><div class=\"fusion-column-wrapper fusion-flex-column-wrapper-legacy fusion-column-has-bg-image\" data-bg-url=\"https:\/\/directcoffee.net\/wp-content\/uploads\/2017\/08\/Waldkaffee-schuetzt-den-natuerlichen-Wald-1.jpg\"><div class=\"fusion-text fusion-text-4\"><h2><span style=\"color: #74e27c;\">Conservation de la nature gr\u00e2ce au caf\u00e9<\/span><\/h2>\n<\/div><div class=\"fusion-text fusion-text-5\"><h4 style=\"text-align: right;\"><span style=\"color: #74e27c;\">En apprendre plus &gt;\u00a0<\/span><\/h4>\n<p>&nbsp;<\/p>\n<\/div><div class=\"fusion-clearfix\"><\/div><\/div><\/div><div class=\"fusion-layout-column fusion_builder_column fusion-builder-column-5 fusion_builder_column_1_2 1_2 fusion-one-half fusion-column-first fusion-column-inner-bg-wrapper fusion-column-liftup-border\" style=\"--awb-padding-top:100px;--awb-padding-right:20px;--awb-padding-bottom:10px;--awb-padding-left:20px;--awb-inner-bg-image:url(&#039;https:\/\/directcoffee.net\/wp-content\/uploads\/2017\/08\/Soziale-Projekte-f\u00fcr-die-Kinder-der-Kaffeebauern.jpg&#039;);--awb-inner-bg-position:center center;--awb-inner-bg-size:cover;width:50%;width:calc(50% - ( ( 4% ) * 0.5 ) );margin-right: 4%;\"><span class=\"fusion-column-inner-bg hover-type-liftup\"><a class=\"fusion-column-anchor\" href=\"https:\/\/directcoffee.net\/fr\/vraie-durabilite\/projets-communautaires\/\"><span class=\"fusion-column-inner-bg-image\"><\/span><\/a><\/span><div class=\"fusion-column-wrapper fusion-flex-column-wrapper-legacy fusion-column-has-bg-image\" data-bg-url=\"https:\/\/directcoffee.net\/wp-content\/uploads\/2017\/08\/Soziale-Projekte-f\u00fcr-die-Kinder-der-Kaffeebauern.jpg\"><div class=\"fusion-text fusion-text-6\"><h2><span style=\"color: #74e27c;\">Projets communautaires<br \/>\n<\/span><\/h2>\n<p>&nbsp;<\/p>\n<\/div><div class=\"fusion-text fusion-text-7\"><h4 style=\"text-align: right;\"><span style=\"color: #74e27c;\">En apprendre plus &gt;\u00a0<\/span><\/h4>\n<p>&nbsp;<\/p>\n<\/div><div class=\"fusion-clearfix\"><\/div><\/div><\/div><div class=\"fusion-layout-column fusion_builder_column fusion-builder-column-6 fusion_builder_column_1_2 1_2 fusion-one-half fusion-column-last fusion-column-inner-bg-wrapper fusion-column-liftup-border\" style=\"--awb-padding-top:80px;--awb-padding-right:20px;--awb-padding-bottom:30px;--awb-padding-left:20px;--awb-inner-bg-image:url(&#039;https:\/\/directcoffee.net\/wp-content\/uploads\/2017\/08\/Nachhaltiger-Transport-nachhaltige-Verpackung.jpg&#039;);--awb-inner-bg-position:center center;--awb-inner-bg-size:cover;width:50%;width:calc(50% - ( ( 4% ) * 0.5 ) );\"><span class=\"fusion-column-inner-bg hover-type-liftup\"><a class=\"fusion-column-anchor\" href=\"https:\/\/directcoffee.net\/fr\/vraie-durabilite\/equite-et-ecologie-de-a-a-z\/\"><span class=\"fusion-column-inner-bg-image\"><\/span><\/a><\/span><div class=\"fusion-column-wrapper fusion-flex-column-wrapper-legacy fusion-column-has-bg-image\" data-bg-url=\"https:\/\/directcoffee.net\/wp-content\/uploads\/2017\/08\/Nachhaltiger-Transport-nachhaltige-Verpackung.jpg\"><div class=\"fusion-text fusion-text-8\"><h2><span style=\"color: #74e27c;\">Durabilit\u00e9 de A \u00e0 Z<br \/>\n<\/span><\/h2>\n<\/div><div class=\"fusion-text fusion-text-9\"><h4 style=\"text-align: right;\"><span style=\"color: #74e27c;\">En apprendre plus &gt;\u00a0<\/span><\/h4>\n<p>&nbsp;<\/p>\n<\/div><div class=\"fusion-clearfix\"><\/div><\/div><\/div><\/div><\/div><\/p>\n","protected":false},"excerpt":{"rendered":"","protected":false},"author":5,"featured_media":0,"parent":0,"menu_order":0,"comment_status":"closed","ping_status":"closed","template":"100-width.php","meta":{"footnotes":""},"class_list":["post-9173","page","type-page","status-publish","hentry"],"yoast_head":"<!-- This site is optimized with the Yoast SEO plugin v27.5 - https:\/\/yoast.com\/product\/yoast-seo-wordpress\/ -->\n<title>Durabilit\u00e9 : bois bien, fais du bien ! Ou, comment le caf\u00e9 change le monde.<\/title>\n<meta name=\"description\" content=\"Avec Direct Coffee, nous essayons de rendre le monde un peu meilleur que comment nous l&#039;avons trouv\u00e9. Et de vous aider \u00e0 faire de m\u00eame.\" \/>\n<meta name=\"robots\" content=\"index, follow, max-snippet:-1, max-image-preview:large, max-video-preview:-1\" \/>\n<link rel=\"canonical\" href=\"https:\/\/directcoffee.net\/fr\/vraie-durabilite\/\" \/>\n<meta property=\"og:locale\" content=\"fr_FR\" \/>\n<meta property=\"og:type\" content=\"article\" \/>\n<meta property=\"og:title\" content=\"Durabilit\u00e9 : bois bien, fais du bien ! Ou, comment le caf\u00e9 change le monde.\" \/>\n<meta property=\"og:description\" content=\"Avec Direct Coffee, nous essayons de rendre le monde un peu meilleur que comment nous l&#039;avons trouv\u00e9. Et de vous aider \u00e0 faire de m\u00eame.\" \/>\n<meta property=\"og:url\" content=\"https:\/\/directcoffee.net\/fr\/vraie-durabilite\/\" \/>\n<meta property=\"og:site_name\" content=\"Direct Coffee\" \/>\n<meta property=\"article:publisher\" content=\"https:\/\/fb.com\/directcoffee.net\" \/>\n<meta property=\"article:modified_time\" content=\"2018-08-30T12:57:44+00:00\" \/>\n<meta property=\"og:image\" content=\"https:\/\/directcoffee.net\/wp-content\/uploads\/2017\/07\/Direct-Coffee-FinalLogo_klein.png\" \/>\n\t<meta property=\"og:image:width\" content=\"892\" \/>\n\t<meta property=\"og:image:height\" content=\"904\" \/>\n\t<meta property=\"og:image:type\" content=\"image\/png\" \/>\n<meta name=\"twitter:card\" content=\"summary_large_image\" \/>\n<meta name=\"twitter:site\" content=\"@DirectCoffeeCH\" \/>\n<meta name=\"twitter:label1\" content=\"Dur\u00e9e de lecture estim\u00e9e\" \/>\n\t<meta name=\"twitter:data1\" content=\"4 minutes\" \/>\n<script type=\"application\/ld+json\" class=\"yoast-schema-graph\">{\"@context\":\"https:\\\/\\\/schema.org\",\"@graph\":[{\"@type\":\"WebPage\",\"@id\":\"https:\\\/\\\/directcoffee.net\\\/fr\\\/vraie-durabilite\\\/\",\"url\":\"https:\\\/\\\/directcoffee.net\\\/fr\\\/vraie-durabilite\\\/\",\"name\":\"Durabilit\u00e9 : bois bien, fais du bien ! Ou, comment le caf\u00e9 change le monde.\",\"isPartOf\":{\"@id\":\"https:\\\/\\\/directcoffee.net\\\/fr\\\/#website\"},\"datePublished\":\"2017-09-06T15:59:46+00:00\",\"dateModified\":\"2018-08-30T12:57:44+00:00\",\"description\":\"Avec Direct Coffee, nous essayons de rendre le monde un peu meilleur que comment nous l'avons trouv\u00e9. Et de vous aider \u00e0 faire de m\u00eame.\",\"breadcrumb\":{\"@id\":\"https:\\\/\\\/directcoffee.net\\\/fr\\\/vraie-durabilite\\\/#breadcrumb\"},\"inLanguage\":\"fr-FR\",\"potentialAction\":[{\"@type\":\"ReadAction\",\"target\":[\"https:\\\/\\\/directcoffee.net\\\/fr\\\/vraie-durabilite\\\/\"]}]},{\"@type\":\"BreadcrumbList\",\"@id\":\"https:\\\/\\\/directcoffee.net\\\/fr\\\/vraie-durabilite\\\/#breadcrumb\",\"itemListElement\":[{\"@type\":\"ListItem\",\"position\":1,\"name\":\"Home\",\"item\":\"https:\\\/\\\/directcoffee.net\\\/fr\\\/\"},{\"@type\":\"ListItem\",\"position\":2,\"name\":\"Vraie durabilit\u00e9\"}]},{\"@type\":\"WebSite\",\"@id\":\"https:\\\/\\\/directcoffee.net\\\/fr\\\/#website\",\"url\":\"https:\\\/\\\/directcoffee.net\\\/fr\\\/\",\"name\":\"Direct Coffee\",\"description\":\"Nachhaltiger Kaffee direkt vom Bauern in Deine Tasse\",\"publisher\":{\"@id\":\"https:\\\/\\\/directcoffee.net\\\/fr\\\/#organization\"},\"potentialAction\":[{\"@type\":\"SearchAction\",\"target\":{\"@type\":\"EntryPoint\",\"urlTemplate\":\"https:\\\/\\\/directcoffee.net\\\/fr\\\/?s={search_term_string}\"},\"query-input\":{\"@type\":\"PropertyValueSpecification\",\"valueRequired\":true,\"valueName\":\"search_term_string\"}}],\"inLanguage\":\"fr-FR\"},{\"@type\":\"Organization\",\"@id\":\"https:\\\/\\\/directcoffee.net\\\/fr\\\/#organization\",\"name\":\"Direct Coffee\",\"url\":\"https:\\\/\\\/directcoffee.net\\\/fr\\\/\",\"logo\":{\"@type\":\"ImageObject\",\"inLanguage\":\"fr-FR\",\"@id\":\"https:\\\/\\\/directcoffee.net\\\/fr\\\/#\\\/schema\\\/logo\\\/image\\\/\",\"url\":\"https:\\\/\\\/directcoffee.net\\\/wp-content\\\/uploads\\\/2017\\\/08\\\/Direct-Coffee-brown-logo-no-background.png\",\"contentUrl\":\"https:\\\/\\\/directcoffee.net\\\/wp-content\\\/uploads\\\/2017\\\/08\\\/Direct-Coffee-brown-logo-no-background.png\",\"width\":892,\"height\":904,\"caption\":\"Direct Coffee\"},\"image\":{\"@id\":\"https:\\\/\\\/directcoffee.net\\\/fr\\\/#\\\/schema\\\/logo\\\/image\\\/\"},\"sameAs\":[\"https:\\\/\\\/fb.com\\\/directcoffee.net\",\"https:\\\/\\\/x.com\\\/DirectCoffeeCH\",\"https:\\\/\\\/www.instagram.com\\\/direct_coffee\\\/\",\"https:\\\/\\\/www.youtube.com\\\/channel\\\/UCOiDLRMnkMQKFHvQQ_Ju40w\"]}]}<\/script>\n<!-- \/ Yoast SEO plugin. -->","yoast_head_json":{"title":"Durabilit\u00e9 : bois bien, fais du bien ! Ou, comment le caf\u00e9 change le monde.","description":"Avec Direct Coffee, nous essayons de rendre le monde un peu meilleur que comment nous l'avons trouv\u00e9. Et de vous aider \u00e0 faire de m\u00eame.","robots":{"index":"index","follow":"follow","max-snippet":"max-snippet:-1","max-image-preview":"max-image-preview:large","max-video-preview":"max-video-preview:-1"},"canonical":"https:\/\/directcoffee.net\/fr\/vraie-durabilite\/","og_locale":"fr_FR","og_type":"article","og_title":"Durabilit\u00e9 : bois bien, fais du bien ! Ou, comment le caf\u00e9 change le monde.","og_description":"Avec Direct Coffee, nous essayons de rendre le monde un peu meilleur que comment nous l'avons trouv\u00e9. Et de vous aider \u00e0 faire de m\u00eame.","og_url":"https:\/\/directcoffee.net\/fr\/vraie-durabilite\/","og_site_name":"Direct Coffee","article_publisher":"https:\/\/fb.com\/directcoffee.net","article_modified_time":"2018-08-30T12:57:44+00:00","og_image":[{"width":892,"height":904,"url":"https:\/\/directcoffee.net\/wp-content\/uploads\/2017\/07\/Direct-Coffee-FinalLogo_klein.png","type":"image\/png"}],"twitter_card":"summary_large_image","twitter_site":"@DirectCoffeeCH","twitter_misc":{"Dur\u00e9e de lecture estim\u00e9e":"4 minutes"},"schema":{"@context":"https:\/\/schema.org","@graph":[{"@type":"WebPage","@id":"https:\/\/directcoffee.net\/fr\/vraie-durabilite\/","url":"https:\/\/directcoffee.net\/fr\/vraie-durabilite\/","name":"Durabilit\u00e9 : bois bien, fais du bien ! Ou, comment le caf\u00e9 change le monde.","isPartOf":{"@id":"https:\/\/directcoffee.net\/fr\/#website"},"datePublished":"2017-09-06T15:59:46+00:00","dateModified":"2018-08-30T12:57:44+00:00","description":"Avec Direct Coffee, nous essayons de rendre le monde un peu meilleur que comment nous l'avons trouv\u00e9. Et de vous aider \u00e0 faire de m\u00eame.","breadcrumb":{"@id":"https:\/\/directcoffee.net\/fr\/vraie-durabilite\/#breadcrumb"},"inLanguage":"fr-FR","potentialAction":[{"@type":"ReadAction","target":["https:\/\/directcoffee.net\/fr\/vraie-durabilite\/"]}]},{"@type":"BreadcrumbList","@id":"https:\/\/directcoffee.net\/fr\/vraie-durabilite\/#breadcrumb","itemListElement":[{"@type":"ListItem","position":1,"name":"Home","item":"https:\/\/directcoffee.net\/fr\/"},{"@type":"ListItem","position":2,"name":"Vraie durabilit\u00e9"}]},{"@type":"WebSite","@id":"https:\/\/directcoffee.net\/fr\/#website","url":"https:\/\/directcoffee.net\/fr\/","name":"Direct Coffee","description":"Nachhaltiger Kaffee direkt vom Bauern in Deine Tasse","publisher":{"@id":"https:\/\/directcoffee.net\/fr\/#organization"},"potentialAction":[{"@type":"SearchAction","target":{"@type":"EntryPoint","urlTemplate":"https:\/\/directcoffee.net\/fr\/?s={search_term_string}"},"query-input":{"@type":"PropertyValueSpecification","valueRequired":true,"valueName":"search_term_string"}}],"inLanguage":"fr-FR"},{"@type":"Organization","@id":"https:\/\/directcoffee.net\/fr\/#organization","name":"Direct Coffee","url":"https:\/\/directcoffee.net\/fr\/","logo":{"@type":"ImageObject","inLanguage":"fr-FR","@id":"https:\/\/directcoffee.net\/fr\/#\/schema\/logo\/image\/","url":"https:\/\/directcoffee.net\/wp-content\/uploads\/2017\/08\/Direct-Coffee-brown-logo-no-background.png","contentUrl":"https:\/\/directcoffee.net\/wp-content\/uploads\/2017\/08\/Direct-Coffee-brown-logo-no-background.png","width":892,"height":904,"caption":"Direct Coffee"},"image":{"@id":"https:\/\/directcoffee.net\/fr\/#\/schema\/logo\/image\/"},"sameAs":["https:\/\/fb.com\/directcoffee.net","https:\/\/x.com\/DirectCoffeeCH","https:\/\/www.instagram.com\/direct_coffee\/","https:\/\/www.youtube.com\/channel\/UCOiDLRMnkMQKFHvQQ_Ju40w"]}]}},"_links":{"self":[{"href":"https:\/\/directcoffee.net\/fr\/wp-json\/wp\/v2\/pages\/9173","targetHints":{"allow":["GET"]}}],"collection":[{"href":"https:\/\/directcoffee.net\/fr\/wp-json\/wp\/v2\/pages"}],"about":[{"href":"https:\/\/directcoffee.net\/fr\/wp-json\/wp\/v2\/types\/page"}],"author":[{"embeddable":true,"href":"https:\/\/directcoffee.net\/fr\/wp-json\/wp\/v2\/users\/5"}],"replies":[{"embeddable":true,"href":"https:\/\/directcoffee.net\/fr\/wp-json\/wp\/v2\/comments?post=9173"}],"version-history":[{"count":0,"href":"https:\/\/directcoffee.net\/fr\/wp-json\/wp\/v2\/pages\/9173\/revisions"}],"wp:attachment":[{"href":"https:\/\/directcoffee.net\/fr\/wp-json\/wp\/v2\/media?parent=9173"}],"curies":[{"name":"wp","href":"https:\/\/api.w.org\/{rel}","templated":true}]}}