{"id":123649,"date":"2023-08-28T13:58:58","date_gmt":"2023-08-28T11:58:58","guid":{"rendered":"https:\/\/directcoffee.net\/cookies\/"},"modified":"2023-08-28T14:10:09","modified_gmt":"2023-08-28T12:10:09","slug":"cookies","status":"publish","type":"page","link":"https:\/\/directcoffee.net\/fr\/cookies\/","title":{"rendered":"Cookies"},"content":{"rendered":"<h2><strong>1. Cookies<\/strong><\/h2>\n<p>Cookies helfen unter vielen Aspekten, Ihren Besuch auf unserer Website einfacher, angenehmer und sinnvoller zu gestalten. Cookies sind Informationsdateien, die Ihr Webbrowser automatisch auf der Festplatte Ihres Computers speichert, wenn Sie unsere Internetseite besuchen.<\/p>\n<p>Wir setzen Cookies beispielsweise ein, um Ihnen die Warenkorb-Funktion \u00fcber mehrere Seiten hinweg anzubieten und um Ihre Eingaben beim Ausf\u00fcllen eines Formulars auf der Website tempor\u00e4r zu speichern, damit Sie die Eingabe beim Aufruf einer anderen Unterseite nicht wiederholen m\u00fcssen. Cookies werden gegebenenfalls auch eingesetzt, um Sie nach der Registrierung auf der Website als registrierten Benutzer identifizieren zu k\u00f6nnen, ohne dass Sie sich beim Aufruf einer anderen Unterseite erneut einloggen m\u00fcssen.<\/p>\n<p>Die meisten Internet-Browser akzeptieren Cookies automatisch. Sie k\u00f6nnen Ihren Browser jedoch so konfigurieren, dass keine Cookies auf Ihrem Computer gespeichert werden oder stets ein Hinweis erscheint, wenn Sie ein neues Cookie erhalten. Auf den nachfolgenden Seiten finden Sie Erl\u00e4uterungen, wie Sie die Verarbeitung von Cookies bei den g\u00e4ngigsten Browsern konfigurieren k\u00f6nnen:<\/p>\n<ul>\n<li><a href=\"https:\/\/support.microsoft.com\/de-de\/help\/17442\/windows-internet-explorer-delete-manage-cookies\">Microsofts Windows Internet Explorer<\/a><\/li>\n<li><a href=\"https:\/\/support.microsoft.com\/en-us\/help\/10635\/windows-phone-change-privacy-and-other-browser-settings\">Microsofts Windows Internet Explorer Mobile<\/a><\/li>\n<li><a href=\"https:\/\/support.mozilla.org\/de\/kb\/cookies-erlauben-und-ablehnen\">Mozilla Firefox<\/a><\/li>\n<li><a href=\"https:\/\/support.google.com\/chrome\/answer\/95647?hl=de\">Google Chrome f\u00fcr Desktop<\/a><\/li>\n<li><a href=\"https:\/\/support.google.com\/chrome\/answer\/2392709?hl=de&amp;co=GENIE.Platform%3DAndroid&amp;oco=1\">Google Chrome f\u00fcr Mobile<\/a><\/li>\n<li><a href=\"https:\/\/support.apple.com\/kb\/PH17191?locale=en_US&amp;viewlocale=de_DE\">Apple Safari f\u00fcr Desktop<\/a><\/li>\n<li><a href=\"https:\/\/support.apple.com\/de-de\/HT201265\">Apple Safari f\u00fcr Mobile<\/a><\/li>\n<\/ul>\n<p>Die Deaktivierung von Cookies kann dazu f\u00fchren, dass Sie nicht alle Funktionen unserer Website nutzen k\u00f6nnen.<\/p>\n<h2><strong>2. Tracking-Tools<\/strong><\/h2>\n<p><strong>\u00a0 \u00a0 \u00a0a) Allgemeines<\/strong><\/p>\n<p>Zum Zwecke der bedarfsgerechten Gestaltung und fortlaufenden Optimierung unserer Website nutzen wir den Webanalysedienst von Google Analytics. In diesem Zusammenhang werden pseudonymisierte Nutzungsprofile erstellt und kleine Textdateien, die auf Ihrem Computer gespeichert sind (\u201eCookies\u201c), verwendet. Die durch den Cookie erzeugten Informationen \u00fcber Ihre Benutzung dieser Website werden an die Server der Anbieter dieser Dienste \u00fcbertragen, dort gespeichert und f\u00fcr uns aufbereitet. Zus\u00e4tzlich zu den unter Ziff. 1 aufgef\u00fchrten Daten erhalten wir dadurch unter Umst\u00e4nden folgende Informationen:<\/p>\n<ul>\n<li>Navigationspfad, den ein Besucher auf der Site beschreitet,<\/li>\n<li>Verweildauer auf der Website oder Unterseite,<\/li>\n<li>die Unterseite, auf welcher die Website verlassen wird,<\/li>\n<li>das Land, die Region oder die Stadt, von wo ein Zugriff erfolgt,<\/li>\n<li>Endger\u00e4t (Typ, Version, Farbtiefe, Aufl\u00f6sung, Breite und H\u00f6he des Browserfensters) und<\/li>\n<li>Wiederkehrender oder neuer Besucher.<\/li>\n<\/ul>\n<p>Die Informationen werden verwendet, um die Nutzung der Website auszuwerten, um Reports \u00fcber die Websiteaktivit\u00e4ten zusammenzustellen und um weitere mit der Websitenutzung und der Internetnutzung verbundene Dienstleistungen zu Zwecken der bedarfsgerechten Gestaltung dieser Website zu erbringen. Auch werden diese Informationen gegebenenfalls an Dritte \u00fcbertragen, sofern dies gesetzlich vorgeschrieben ist oder soweit Dritte diese Daten im Auftrag verarbeiten.<\/p>\n<p>Ein Cookie ist ein kleines Datenpaket, welches zwischen Ihrem Browser und dem Server ausgetauscht wird. In diesem Datenpaket k\u00f6nnen die f\u00fcr die Webanwendung relevanten Informationen gespeichert und \u00fcbermittelt werden, z.B. der Inhalt eines virtuellen Warenkorbes.<\/p>\n<p>Die Tracking-Technologie speichert zur Dokumentation von Aktionen Cookies auf Ihrem Endger\u00e4t. In dem Cookie wird eine 24-stellige, anonyme ID gespeichert. Verkn\u00fcpft zu dieser ID liegen die Daten verschl\u00fcsselt in unserer Datenbank auf dem Server.<\/p>\n<p>Darin enthalten ist die Information \u00fcber die letzten Touch-Points (d.h. wann von einem Endger\u00e4t ein bestimmtes Werbemittel angezeigt oder angeklickt wurde). Die gespeicherten Touch-Points lassen sich ggf. zu einer Abfolge-Kette (User-Journey) zusammensetzen.<\/p>\n<p>Bei einem Aktion-Request werden meistens auch die Bestellnummer und der Warenkorbwert Ihrer Bestellung \u00fcbermittelt und von uns gespeichert.<\/p>\n<p>Die durch die Linkster GmbH gespeicherten Cookies werden sp\u00e4testens nach 30 Tagen gel\u00f6scht. Die an uns \u00fcbermittelten Informationen und die Cookies dienen ausschlie\u00dflich dem Zweck einer korrekten Zuordnung des Erfolgs eines Werbemittels und der entsprechenden Abrechnung und ist mit unseren berechtigten Interessen nach Art. 6 Abs. 1 S. 1 lit. f DSGVO gerechtfertigt.<\/p>\n<p>Falls Sie die Speicherung von Cookies in Ihrem Browser nicht w\u00fcnschen, k\u00f6nnen Sie dies durch die entsprechende Browsereinstellung erreichen. Sie k\u00f6nnen in Ihrem jeweiligen Browser das Speichern von Cookies unter Extras\/Internetoptionen deaktivieren, auf bestimmte Webseiten beschr\u00e4nken oder Ihren Browser so einstellen, dass er Sie benachrichtigt, sobald ein Cookie gesendet wird. Bitte beachten Sie aber, dass Sie in diesem Fall mit einer eingeschr\u00e4nkten Darstellung der Onlineangebote und einer eingeschr\u00e4nkten Benutzerf\u00fchrung rechnen m\u00fcssen. Sie k\u00f6nnen Cookies auch jederzeit l\u00f6schen. In diesem Fall werden die darin hinterlegten Informationen von Ihrem Endger\u00e4t entfernt.<\/p>\n<p>Welche Cookies im Einzelnen von unserer Tracking-Technologie verwendet werden, k\u00f6nnen Sie der folgenden \u00dcbersicht entnehmen:<\/p>\n<ul>\n<li>TRS:\u00a0Eindeutiger, 24-stelliger Identifier (ID) zum Tracking von Partnerschaften. Dieser Cookie wird im Client Browser gespeichert und identifiziert Datenbank-Records, die die Touchpoint-Daten beinhalten.<\/li>\n<li>TRSCJ:\u00a0Fallback-Cookie mit den rudiment\u00e4ren Touchpoint-Daten zum Tracking von Partnerschaften. Dieser Cookie beinhaltet verschl\u00fcsselt alle Touchpoint-Daten am Client-Browser<\/li>\n<li>trs_dp_optout: Beim Klicken auf den Tracking-Opt-out Link wird ein spezielles Cookie geschrieben, wodurch das Tracking im aktuellen Webbrowser des Endger\u00e4ts deaktiviert wird. Das Tracking wird jedoch wieder aktiviert, sobald Sie Tracking-Opt-out Cookie l\u00f6schen.<\/li>\n<\/ul>\n<p>&nbsp;<\/p>\n<p><strong>\u00a0 \u00a0 \u00a0b) Google Analytics<\/strong><\/p>\n<p>Anbieter von Google Analytics ist Google Inc., ein Unternehmen der Holding Gesellschaft Alphabet Inc, mit Sitz in den USA. Vor der \u00dcbermittlung der Daten an den Anbieter wird die IP-Adresse durch die Aktivierung der IP-Anonymisierung (\u201eanonymizeIP\u201c) auf dieser Webseite innerhalb der Mitgliedstaaten der Europ\u00e4ischen Union oder in anderen Vertragsstaaten des Abkommens \u00fcber den Europ\u00e4ischen Wirtschaftsraum gek\u00fcrzt. Die im Rahmen von Google Analytics von Ihrem Browser \u00fcbermittelte anonymisierte IP-Adresse wird nicht mit anderen Daten von Google zusammengef\u00fchrt. Nur in Ausnahmef\u00e4llen wird die volle IP-Adresse an einen Server von Google in den USA \u00fcbertragen und dort gek\u00fcrzt. In diesen F\u00e4llen stellen wir durch vertragliche Garantien sicher, dass Google Inc. ein ausreichendes Datenschutzniveau einh\u00e4lt. Gem\u00e4ss Google Inc. wird in keinem Fall die IP-Adresse mit anderen den Nutzer betreffenden Daten in Verbindung gebracht werden.<\/p>\n<p>Weitere Informationen \u00fcber den genutzten Webanalyse-Dienst finden Sie auf der Website von Google Analytics. Eine Anleitung, wie sie die Verarbeitung ihrer Daten durch den Webanalyse-Dienst verhindern k\u00f6nnen, finden Sie unter\u00a0<a href=\"http:\/\/tools.google.com\/dlpage\/gaoptout?hl=de\">http:\/\/tools.google.com\/dlpage\/gaoptout?hl=de<\/a>.<\/p>\n<p>&nbsp;<\/p>\n<p><strong>\u00a0 \u00a0 \u00a0c) Facebook Tracking Pixel<\/strong><\/p>\n<p>Auf unserem Webshop werden Kommunikationstools des sozialen Netzwerkes Facebook eingesetzt, insbesondere das Retargeting-Produkt \u00ab\u00a0Website Custom Audiences\u00a0\u00bb. Die Datenschutzhinweise von Facebook Inc., 1601 Wilow Road, Menlo Park, CA 94025, USA k\u00f6nnen Sie unter dem Link https:\/\/www.facebook.com\/privacy\/explanation abrufen. Falls Sie einen Facebook User Account nutzen und dies f\u00fcr das Tool anhand von bestehenden Facebook Cookies erkennbar ist, generiert dieses Produkt eine nicht-personenbezogene Pr\u00fcfsumme, die an Facebook zu Analyse- und Marketingzwecken \u00fcbermittelt wird. Weitere Informationen \u00fcber Zweck und Umfang der Datenerhebung und die weitere Verarbeitung und Nutzung der Daten durch Facebook sowie Ihre Einstellungsm\u00f6glichkeiten zum Schutz Ihrer Privatsph\u00e4re entnehmen Sie bitte den Datenschutzrichtlinien von Facebook, welche u.a. auf\u00a0<a href=\"https:\/\/www.facebook.com\/about\/privacy\">https:\/\/www.facebook.com\/about\/privacy<\/a>\u00a0zu finden sind.<\/p>\n<p>Ferner ist das Produkt \u00ab\u00a0Conversion Pixel\u00a0\u00bb von Facebook integriert. Facebook kann dadurch das Verhalten von Nutzern nachvollziehen, die auf eine Werbeanzeige im geschlossenen Mitgliederbereich von Facebook geklickt haben und auf den Onlineshop weitergeleitet wurden. Durch den Einsatz eines Cookies kann Facebook diesen Nutzer im geschlossenen Mitgliederbereich von Facebook anschliessend wiedererkennen und die Effizienz derWerbeanzeigen optimieren. Dies betrifft nur User, die einen Account bei Facebook haben und im geschlossenen Mitgliederbereich von Facebook eingeloggt sind. Nutzer, welche keine Mitglieder bei Facebook sind, sind daher von dieser Datenverarbeitung nicht betroffen.<\/p>\n<p>Facebook-Nutzer haben \u00fcber den nachfolgenden Link die M\u00f6glichkeit, dem Retargeting \u00fcber Website Custom Audiences (\u00ab\u00a0WCA\u00a0\u00bb) f\u00fcr die Zukunft zu widersprechen und damit zu verhindern, dass Ihnen innerhalb des geschlossenen Mitgliederbereichs zielgerichtete Werbung auf der Grundlage von Website Custom Audiences zugespielt wird: https:\/\/www.facebook.com\/ads\/website_custom_audiences\/. Im \u00dcbrigen k\u00f6nnen alle Nutzer die Annahme des WCA-Cookies verweigern, indem sie die Browser-Einstellungen zu Cookies von Drittanbietern ausschliessen.<\/p>\n<p>Facebook-Nutzer k\u00f6nnen \u00fcber die Internet-Seite\u00a0<a href=\"http:\/\/www.youronlinechoices.com\/de\/praferenzmanagement\/\">http:\/\/www.youronlinechoices.com\/de\/praferenzmanagement\/<\/a>\u00a0den Verarbeitungsvorg\u00e4ngen zum Facebook Produkts \u00ab\u00a0Conversion Pixel\u00a0\u00bb zuk\u00fcnftig widersprechen. Im \u00dcbrigen kann der Nutzer in seinem Browser die Einstellungen zur Annahme von Cookies von Drittanbietern ausschliessen.\u00a0\u00dcber die Webseite\u00a0<a href=\"http:\/\/www.youronlinechoices.com\/de\/praferenzmanagement\/\">http:\/\/www.youronlinechoices.com\/de\/praferenzmanagement\/<\/a>\u00a0k\u00f6nnen Sie auch Anpassungen bez\u00fcglich anderer Anbieter vornehmen.<\/p>\n<p>&nbsp;<\/p>\n<p><strong>\u00a0 \u00a0 \u00a0d) Hotjar<\/strong><\/p>\n<p>Wir k\u00f6nnen Hotjar nutzen, um die Bed\u00fcrfnisse unserer Nutzer besser zu verstehen und das Angebot und die Erfahrung auf dieser Webseite zu optimieren. Mithilfe der Technologie von Hotjar bekommen wir ein besseres Verst\u00e4ndnis von den Erfahrungen unserer Nutzer (z.B. wieviel Zeit Nutzer auf welchen Seiten verbringen, welche Links sie anklicken, was sie m\u00f6gen und was nicht etc.) und das hilft uns, unser Angebot am Feedback unserer Nutzer auszurichten. Hotjar arbeitet mit Cookies und anderen Technologien, um Daten \u00fcber das Verhalten unserer Nutzer und \u00fcber ihre Endger\u00e4te zu erheben, insbesondere IP Adresse des Ger\u00e4ts (wird w\u00e4hrend Ihrer Website-Nutzung nur in anonymisierter Form erfasst und gespeichert), Bildschirmgr\u00f6\u00dfe, Ger\u00e4tetyp (Unique Device Identifiers), Informationen \u00fcber den verwendeten Browser, Standort (nur Land), zum Anzeigen unserer Webseite bevorzugte Sprache. Hotjar speichert diese Informationen in unserem Auftrag in einem pseudonymisierten Nutzerprofil. Hotjar ist es vertraglich verboten, die in unserem Auftrag erhobenen Daten zu verkaufen.<\/p>\n<p>Weitere Informationen finden Sie in unter dem Abschnitt \u201aabout Hotjar\u2018 auf\u00a0<a href=\"https:\/\/help.hotjar.com\/hc\/en-us\/categories\/115001323967-About-Hotjar\">Hotjars Hilfe-Seite<\/a>.<\/p>\n<p>&nbsp;<\/p>\n<p>\u00a9 Direct Coffee GmbH 2023. Alle Rechte vorbehalten.<br \/>\nAlle Preise inkl. gesetzlicher Mehrwertsteuer zuz\u00fcglich\u00a0Versandkosten\u00a0und ggf. Nachnahmegeb\u00fchren, wenn nicht anders angegeben.<\/p>\n<p>&nbsp;<\/p>\n","protected":false},"excerpt":{"rendered":"<p>1. Cookies Cookies helfen unter vielen Aspekten, Ihren Besuch auf unserer Website einfacher, angenehmer und sinnvoller zu gestalten. Cookies sind Informationsdateien, die Ihr Webbrowser automatisch auf der Festplatte Ihres Computers speichert, wenn Sie unsere Internetseite besuchen. Wir setzen Cookies beispielsweise ein, um Ihnen die Warenkorb-Funktion \u00fcber mehrere Seiten hinweg anzubieten und um Ihre Eingaben beim [&hellip;]<\/p>\n","protected":false},"author":3099,"featured_media":0,"parent":0,"menu_order":0,"comment_status":"closed","ping_status":"closed","template":"","meta":{"footnotes":""},"class_list":["post-123649","page","type-page","status-publish","hentry"],"yoast_head":"<!-- This site is optimized with the Yoast SEO plugin v27.5 - https:\/\/yoast.com\/product\/yoast-seo-wordpress\/ -->\n<title>Cookies &#8211; Direct Coffee<\/title>\n<meta name=\"description\" content=\"1. Cookies Cookies helfen unter vielen Aspekten, Ihren Besuch auf unserer Website einfacher, angenehmer und sinnvoller zu gestalten. Cookies sind\" \/>\n<meta name=\"robots\" content=\"index, follow, max-snippet:-1, max-image-preview:large, max-video-preview:-1\" \/>\n<link rel=\"canonical\" href=\"https:\/\/directcoffee.net\/fr\/cookies\/\" \/>\n<meta property=\"og:locale\" content=\"fr_FR\" \/>\n<meta property=\"og:type\" content=\"article\" \/>\n<meta property=\"og:title\" content=\"Cookies &#8211; Direct Coffee\" \/>\n<meta property=\"og:description\" content=\"1. Cookies Cookies helfen unter vielen Aspekten, Ihren Besuch auf unserer Website einfacher, angenehmer und sinnvoller zu gestalten. Cookies sind\" \/>\n<meta property=\"og:url\" content=\"https:\/\/directcoffee.net\/fr\/cookies\/\" \/>\n<meta property=\"og:site_name\" content=\"Direct Coffee\" \/>\n<meta property=\"article:publisher\" content=\"https:\/\/fb.com\/directcoffee.net\" \/>\n<meta property=\"article:modified_time\" content=\"2023-08-28T12:10:09+00:00\" \/>\n<meta property=\"og:image\" content=\"https:\/\/directcoffee.net\/wp-content\/uploads\/2017\/07\/Direct-Coffee-FinalLogo_klein.png\" \/>\n\t<meta property=\"og:image:width\" content=\"892\" \/>\n\t<meta property=\"og:image:height\" content=\"904\" \/>\n\t<meta property=\"og:image:type\" content=\"image\/png\" \/>\n<meta name=\"twitter:card\" content=\"summary_large_image\" \/>\n<meta name=\"twitter:site\" content=\"@DirectCoffeeCH\" \/>\n<meta name=\"twitter:label1\" content=\"Dur\u00e9e de lecture estim\u00e9e\" \/>\n\t<meta name=\"twitter:data1\" content=\"8 minutes\" \/>\n<script type=\"application\/ld+json\" class=\"yoast-schema-graph\">{\"@context\":\"https:\\\/\\\/schema.org\",\"@graph\":[{\"@type\":\"WebPage\",\"@id\":\"https:\\\/\\\/directcoffee.net\\\/fr\\\/cookies\\\/\",\"url\":\"https:\\\/\\\/directcoffee.net\\\/fr\\\/cookies\\\/\",\"name\":\"Cookies &#8211; Direct Coffee\",\"isPartOf\":{\"@id\":\"https:\\\/\\\/directcoffee.net\\\/fr\\\/#website\"},\"datePublished\":\"2023-08-28T11:58:58+00:00\",\"dateModified\":\"2023-08-28T12:10:09+00:00\",\"description\":\"1. Cookies Cookies helfen unter vielen Aspekten, Ihren Besuch auf unserer Website einfacher, angenehmer und sinnvoller zu gestalten. Cookies sind\",\"breadcrumb\":{\"@id\":\"https:\\\/\\\/directcoffee.net\\\/fr\\\/cookies\\\/#breadcrumb\"},\"inLanguage\":\"fr-FR\",\"potentialAction\":[{\"@type\":\"ReadAction\",\"target\":[\"https:\\\/\\\/directcoffee.net\\\/fr\\\/cookies\\\/\"]}]},{\"@type\":\"BreadcrumbList\",\"@id\":\"https:\\\/\\\/directcoffee.net\\\/fr\\\/cookies\\\/#breadcrumb\",\"itemListElement\":[{\"@type\":\"ListItem\",\"position\":1,\"name\":\"Home\",\"item\":\"https:\\\/\\\/directcoffee.net\\\/fr\\\/\"},{\"@type\":\"ListItem\",\"position\":2,\"name\":\"Cookies\"}]},{\"@type\":\"WebSite\",\"@id\":\"https:\\\/\\\/directcoffee.net\\\/fr\\\/#website\",\"url\":\"https:\\\/\\\/directcoffee.net\\\/fr\\\/\",\"name\":\"Direct Coffee\",\"description\":\"Nachhaltiger Kaffee direkt vom Bauern in Deine Tasse\",\"publisher\":{\"@id\":\"https:\\\/\\\/directcoffee.net\\\/fr\\\/#organization\"},\"potentialAction\":[{\"@type\":\"SearchAction\",\"target\":{\"@type\":\"EntryPoint\",\"urlTemplate\":\"https:\\\/\\\/directcoffee.net\\\/fr\\\/?s={search_term_string}\"},\"query-input\":{\"@type\":\"PropertyValueSpecification\",\"valueRequired\":true,\"valueName\":\"search_term_string\"}}],\"inLanguage\":\"fr-FR\"},{\"@type\":\"Organization\",\"@id\":\"https:\\\/\\\/directcoffee.net\\\/fr\\\/#organization\",\"name\":\"Direct Coffee\",\"url\":\"https:\\\/\\\/directcoffee.net\\\/fr\\\/\",\"logo\":{\"@type\":\"ImageObject\",\"inLanguage\":\"fr-FR\",\"@id\":\"https:\\\/\\\/directcoffee.net\\\/fr\\\/#\\\/schema\\\/logo\\\/image\\\/\",\"url\":\"https:\\\/\\\/directcoffee.net\\\/wp-content\\\/uploads\\\/2017\\\/08\\\/Direct-Coffee-brown-logo-no-background.png\",\"contentUrl\":\"https:\\\/\\\/directcoffee.net\\\/wp-content\\\/uploads\\\/2017\\\/08\\\/Direct-Coffee-brown-logo-no-background.png\",\"width\":892,\"height\":904,\"caption\":\"Direct Coffee\"},\"image\":{\"@id\":\"https:\\\/\\\/directcoffee.net\\\/fr\\\/#\\\/schema\\\/logo\\\/image\\\/\"},\"sameAs\":[\"https:\\\/\\\/fb.com\\\/directcoffee.net\",\"https:\\\/\\\/x.com\\\/DirectCoffeeCH\",\"https:\\\/\\\/www.instagram.com\\\/direct_coffee\\\/\",\"https:\\\/\\\/www.youtube.com\\\/channel\\\/UCOiDLRMnkMQKFHvQQ_Ju40w\"]}]}<\/script>\n<!-- \/ Yoast SEO plugin. -->","yoast_head_json":{"title":"Cookies &#8211; Direct Coffee","description":"1. Cookies Cookies helfen unter vielen Aspekten, Ihren Besuch auf unserer Website einfacher, angenehmer und sinnvoller zu gestalten. Cookies sind","robots":{"index":"index","follow":"follow","max-snippet":"max-snippet:-1","max-image-preview":"max-image-preview:large","max-video-preview":"max-video-preview:-1"},"canonical":"https:\/\/directcoffee.net\/fr\/cookies\/","og_locale":"fr_FR","og_type":"article","og_title":"Cookies &#8211; Direct Coffee","og_description":"1. Cookies Cookies helfen unter vielen Aspekten, Ihren Besuch auf unserer Website einfacher, angenehmer und sinnvoller zu gestalten. Cookies sind","og_url":"https:\/\/directcoffee.net\/fr\/cookies\/","og_site_name":"Direct Coffee","article_publisher":"https:\/\/fb.com\/directcoffee.net","article_modified_time":"2023-08-28T12:10:09+00:00","og_image":[{"width":892,"height":904,"url":"https:\/\/directcoffee.net\/wp-content\/uploads\/2017\/07\/Direct-Coffee-FinalLogo_klein.png","type":"image\/png"}],"twitter_card":"summary_large_image","twitter_site":"@DirectCoffeeCH","twitter_misc":{"Dur\u00e9e de lecture estim\u00e9e":"8 minutes"},"schema":{"@context":"https:\/\/schema.org","@graph":[{"@type":"WebPage","@id":"https:\/\/directcoffee.net\/fr\/cookies\/","url":"https:\/\/directcoffee.net\/fr\/cookies\/","name":"Cookies &#8211; Direct Coffee","isPartOf":{"@id":"https:\/\/directcoffee.net\/fr\/#website"},"datePublished":"2023-08-28T11:58:58+00:00","dateModified":"2023-08-28T12:10:09+00:00","description":"1. Cookies Cookies helfen unter vielen Aspekten, Ihren Besuch auf unserer Website einfacher, angenehmer und sinnvoller zu gestalten. Cookies sind","breadcrumb":{"@id":"https:\/\/directcoffee.net\/fr\/cookies\/#breadcrumb"},"inLanguage":"fr-FR","potentialAction":[{"@type":"ReadAction","target":["https:\/\/directcoffee.net\/fr\/cookies\/"]}]},{"@type":"BreadcrumbList","@id":"https:\/\/directcoffee.net\/fr\/cookies\/#breadcrumb","itemListElement":[{"@type":"ListItem","position":1,"name":"Home","item":"https:\/\/directcoffee.net\/fr\/"},{"@type":"ListItem","position":2,"name":"Cookies"}]},{"@type":"WebSite","@id":"https:\/\/directcoffee.net\/fr\/#website","url":"https:\/\/directcoffee.net\/fr\/","name":"Direct Coffee","description":"Nachhaltiger Kaffee direkt vom Bauern in Deine Tasse","publisher":{"@id":"https:\/\/directcoffee.net\/fr\/#organization"},"potentialAction":[{"@type":"SearchAction","target":{"@type":"EntryPoint","urlTemplate":"https:\/\/directcoffee.net\/fr\/?s={search_term_string}"},"query-input":{"@type":"PropertyValueSpecification","valueRequired":true,"valueName":"search_term_string"}}],"inLanguage":"fr-FR"},{"@type":"Organization","@id":"https:\/\/directcoffee.net\/fr\/#organization","name":"Direct Coffee","url":"https:\/\/directcoffee.net\/fr\/","logo":{"@type":"ImageObject","inLanguage":"fr-FR","@id":"https:\/\/directcoffee.net\/fr\/#\/schema\/logo\/image\/","url":"https:\/\/directcoffee.net\/wp-content\/uploads\/2017\/08\/Direct-Coffee-brown-logo-no-background.png","contentUrl":"https:\/\/directcoffee.net\/wp-content\/uploads\/2017\/08\/Direct-Coffee-brown-logo-no-background.png","width":892,"height":904,"caption":"Direct Coffee"},"image":{"@id":"https:\/\/directcoffee.net\/fr\/#\/schema\/logo\/image\/"},"sameAs":["https:\/\/fb.com\/directcoffee.net","https:\/\/x.com\/DirectCoffeeCH","https:\/\/www.instagram.com\/direct_coffee\/","https:\/\/www.youtube.com\/channel\/UCOiDLRMnkMQKFHvQQ_Ju40w"]}]}},"_links":{"self":[{"href":"https:\/\/directcoffee.net\/fr\/wp-json\/wp\/v2\/pages\/123649","targetHints":{"allow":["GET"]}}],"collection":[{"href":"https:\/\/directcoffee.net\/fr\/wp-json\/wp\/v2\/pages"}],"about":[{"href":"https:\/\/directcoffee.net\/fr\/wp-json\/wp\/v2\/types\/page"}],"author":[{"embeddable":true,"href":"https:\/\/directcoffee.net\/fr\/wp-json\/wp\/v2\/users\/3099"}],"replies":[{"embeddable":true,"href":"https:\/\/directcoffee.net\/fr\/wp-json\/wp\/v2\/comments?post=123649"}],"version-history":[{"count":0,"href":"https:\/\/directcoffee.net\/fr\/wp-json\/wp\/v2\/pages\/123649\/revisions"}],"wp:attachment":[{"href":"https:\/\/directcoffee.net\/fr\/wp-json\/wp\/v2\/media?parent=123649"}],"curies":[{"name":"wp","href":"https:\/\/api.w.org\/{rel}","templated":true}]}}